{"id":26162,"date":"2020-11-16T19:23:12","date_gmt":"2020-11-16T18:23:12","guid":{"rendered":"https:\/\/sacre-shop.ch\/contact\/"},"modified":"2024-02-27T10:52:33","modified_gmt":"2024-02-27T09:52:33","slug":"contact","status":"publish","type":"page","link":"https:\/\/sacre-shop.ch\/en\/contact\/","title":{"rendered":"Contact"},"content":{"rendered":"<p>[et_pb_section fb_built=&#8221;1&#8243; prev_background_color=&#8221;#ffffff&#8221; next_background_color=&#8221;#ffffff&#8221; disabled_on=&#8221;on|off|off&#8221; _builder_version=&#8221;4.7.3&#8243; _module_preset=&#8221;default&#8221; background_image=&#8221;https:\/\/sacre-shop.ch\/wp-content\/uploads\/2020\/11\/pexels-paul-ijsendoorn-33041-scaled.jpg&#8221; min_height=&#8221;170px&#8221; max_height=&#8221;170px&#8221; top_divider_style=&#8221;arrow3&#8243; top_divider_height=&#8221;40px&#8221; bottom_divider_style=&#8221;asymmetric2&#8243; bottom_divider_height=&#8221;30px&#8221; animation_style=&#8221;slide&#8221; animation_direction=&#8221;top&#8221;][\/et_pb_section][et_pb_section fb_built=&#8221;1&#8243; specialty=&#8221;on&#8221; _builder_version=&#8221;4.7.1&#8243; _module_preset=&#8221;default&#8221;][et_pb_column type=&#8221;1_2&#8243; _builder_version=&#8221;3.25&#8243; custom_padding=&#8221;|||&#8221; custom_padding__hover=&#8221;|||&#8221;][et_pb_contact_form use_spam_service=&#8221;on&#8221; recaptcha_list=&#8221;Sacre-shop|Sacre-shop-0&#8243; email=&#8221;info@sacre-shop.ch&#8221; title=&#8221;Contact us&#8221; custom_message=&#8221;Message from sacre-shop.ch||et_pb_line_break_holder||||et_pb_line_break_holder|From %%Name%% (%%Email%%)||et_pb_line_break_holder||||et_pb_line_break_holder||Subject: %%sujet%||et_pb_line_break_holder||||et_pb_line_break_holder||Message:||et_pb_line_break_holder||||et_pb_line_break_holder||%%Message%%||et_pb_line_break_holder||||et_pb_line_break_holder||&#8221; success_message=&#8221;Thank you for your message. We&#039;ll get back to you as soon as possible!&#8221; submit_button_text=&#8221;Send&#8221; _builder_version=&#8221;4.7.3&#8243; _module_preset=&#8221;default&#8221; custom_padding=&#8221;|12px||12px|false|true&#8221; animation_style=&#8221;slide&#8221; animation_direction=&#8221;left&#8221; border_radii=&#8221;on|10px|10px|10px|10px&#8221;][et_pb_contact_field field_id=&#8221;Name&#8221; field_title=&#8221;Name&#8221; _builder_version=&#8221;3.16&#8243; button_text_size__hover_enabled=&#8221;off&#8221; button_one_text_size__hover_enabled=&#8221;off&#8221; button_two_text_size__hover_enabled=&#8221;off&#8221; button_text_color__hover_enabled=&#8221;off&#8221; button_one_text_color__hover_enabled=&#8221;off&#8221; button_two_text_color__hover_enabled=&#8221;off&#8221; button_border_width__hover_enabled=&#8221;off&#8221; button_one_border_width__hover_enabled=&#8221;off&#8221; button_two_border_width__hover_enabled=&#8221;off&#8221; button_border_color__hover_enabled=&#8221;off&#8221; button_one_border_color__hover_enabled=&#8221;off&#8221; button_two_border_color__hover_enabled=&#8221;off&#8221; button_border_radius__hover_enabled=&#8221;off&#8221; button_one_border_radius__hover_enabled=&#8221;off&#8221; button_two_border_radius__hover_enabled=&#8221;off&#8221; button_letter_spacing__hover_enabled=&#8221;off&#8221; button_one_letter_spacing__hover_enabled=&#8221;off&#8221; button_two_letter_spacing__hover_enabled=&#8221;off&#8221; button_bg_color__hover_enabled=&#8221;off&#8221; button_one_bg_color__hover_enabled=&#8221;off&#8221; button_two_bg_color__hover_enabled=&#8221;off&#8221;][\/et_pb_contact_field][et_pb_contact_field field_id=&#8221;Email&#8221; field_title=&#8221;E-mail address&#8221; field_type=&#8221;email&#8221; _builder_version=&#8221;3.16&#8243; button_text_size__hover_enabled=&#8221;off&#8221; button_one_text_size__hover_enabled=&#8221;off&#8221; button_two_text_size__hover_enabled=&#8221;off&#8221; button_text_color__hover_enabled=&#8221;off&#8221; button_one_text_color__hover_enabled=&#8221;off&#8221; button_two_text_color__hover_enabled=&#8221;off&#8221; button_border_width__hover_enabled=&#8221;off&#8221; button_one_border_width__hover_enabled=&#8221;off&#8221; button_two_border_width__hover_enabled=&#8221;off&#8221; button_border_color__hover_enabled=&#8221;off&#8221; button_one_border_color__hover_enabled=&#8221;off&#8221; button_two_border_color__hover_enabled=&#8221;off&#8221; button_border_radius__hover_enabled=&#8221;off&#8221; button_one_border_radius__hover_enabled=&#8221;off&#8221; button_two_border_radius__hover_enabled=&#8221;off&#8221; button_letter_spacing__hover_enabled=&#8221;off&#8221; button_one_letter_spacing__hover_enabled=&#8221;off&#8221; button_two_letter_spacing__hover_enabled=&#8221;off&#8221; button_bg_color__hover_enabled=&#8221;off&#8221; button_one_bg_color__hover_enabled=&#8221;off&#8221; button_two_bg_color__hover_enabled=&#8221;off&#8221;][\/et_pb_contact_field][et_pb_contact_field field_id=&#8221;sujet&#8221; field_title=&#8221;Message subject&#8221; fullwidth_field=&#8221;on&#8221; _builder_version=&#8221;4.7.1&#8243; _module_preset=&#8221;default&#8221;][\/et_pb_contact_field][et_pb_contact_field field_id=&#8221;Message&#8221; field_title=&#8221;Your message&#8221; field_type=&#8221;text&#8221; fullwidth_field=&#8221;on&#8221; _builder_version=&#8221;4.7.1&#8243; height=&#8221;300px&#8221; button_text_size__hover_enabled=&#8221;off&#8221; button_one_text_size__hover_enabled=&#8221;off&#8221; button_two_text_size__hover_enabled=&#8221;off&#8221; button_text_color__hover_enabled=&#8221;off&#8221; button_one_text_color__hover_enabled=&#8221;off&#8221; button_two_text_color__hover_enabled=&#8221;off&#8221; button_border_width__hover_enabled=&#8221;off&#8221; button_one_border_width__hover_enabled=&#8221;off&#8221; button_two_border_width__hover_enabled=&#8221;off&#8221; button_border_color__hover_enabled=&#8221;off&#8221; button_one_border_color__hover_enabled=&#8221;off&#8221; button_two_border_color__hover_enabled=&#8221;off&#8221; button_border_radius__hover_enabled=&#8221;off&#8221; button_one_border_radius__hover_enabled=&#8221;off&#8221; button_two_border_radius__hover_enabled=&#8221;off&#8221; button_letter_spacing__hover_enabled=&#8221;off&#8221; button_one_letter_spacing__hover_enabled=&#8221;off&#8221; button_two_letter_spacing__hover_enabled=&#8221;off&#8221; button_bg_color__hover_enabled=&#8221;off&#8221; button_one_bg_color__hover_enabled=&#8221;off&#8221; button_two_bg_color__hover_enabled=&#8221;off&#8221;][\/et_pb_contact_field][\/et_pb_contact_form][\/et_pb_column][et_pb_column type=&#8221;1_2&#8243; specialty_columns=&#8221;2&#8243; _builder_version=&#8221;3.25&#8243; custom_padding=&#8221;|||&#8221; custom_padding__hover=&#8221;|||&#8221;][et_pb_row_inner _builder_version=&#8221;4.7.1&#8243; _module_preset=&#8221;default&#8221; animation_style=&#8221;slide&#8221; animation_direction=&#8221;right&#8221;][et_pb_column_inner saved_specialty_column_type=&#8221;1_2&#8243; _builder_version=&#8221;4.7.1&#8243; _module_preset=&#8221;default&#8221;][et_pb_text _builder_version=&#8221;4.7.1&#8243; _module_preset=&#8221;default&#8221; link_font=&#8221;|600|||||||&#8221; custom_padding=&#8221;0px|12px||12px|false|true&#8221;]<\/p>\n<h1>About us<\/h1>\n<p style=\"text-align: left;\">\n<p style=\"text-align: left;\">\n<p style=\"text-align: left;\">\n<p style=\"text-align: left;\">\n<p style=\"text-align: left;\">Sacr\u00e9-Shop was created in March 2018 by <a href=\"https:\/\/racinedevie.ch\/\" target=\"_blank\" rel=\"noopener noreferrer\">Sandra Wicky<\/a> and <a href=\"https:\/\/www.conscient.ch\" target=\"_blank\" rel=\"noopener noreferrer\">Laurent Gachoud<\/a>, under the guidance of <a href=\"https:\/\/espace-tellura.ch\/\" target=\"_blank\" rel=\"noopener noreferrer\">St\u00e9phane Cardinaux and Catherine Anae Martin<\/a>.<\/p>\n<p style=\"text-align: left;\">The first step is to continue the official, exclusive import and sale of Spinor International\u00ae products for Switzerland, previously handled by the <a href=\"www.espace-tellura.ch\">www.espace-tellura.ch<\/a> boutique.<\/p>\n<p style=\"text-align: left;\">Sandra Wicky and Laurent Gachoud have many years&#8217; experience in the sciences of living and well-being, and have put these products to the test themselves.<\/p>\n<p style=\"text-align: left;\">So, in addition to Laurent Gachoud taking over St\u00e9phane Cardinaux&#8217;s geobiology training, it seems essential to continue offering Spinor International\u00ae products.<\/p>\n<p style=\"text-align: left;\">Sacr\u00e9-Shop is headquartered in Donneloye (VD).<\/p>\n<p>[\/et_pb_text][\/et_pb_column_inner][\/et_pb_row_inner][\/et_pb_column][\/et_pb_section][et_pb_section fb_built=&#8221;1&#8243; _builder_version=&#8221;4.7.1&#8243; _module_preset=&#8221;default&#8221; min_height=&#8221;250px&#8221;][\/et_pb_section]<\/p>\n","protected":false},"excerpt":{"rendered":"<p>About us Sacr\u00e9-Shop was created in March 2018 by Sandra Wicky and Laurent Gachoud, under the guidance of St\u00e9phane Cardinaux and Catherine Anae Martin. The first step is to continue the official, exclusive import and sale of Spinor International\u00ae products for Switzerland, previously handled by the www.espace-tellura.ch boutique. Sandra Wicky and Laurent Gachoud have many [&hellip;]<\/p>\n","protected":false},"author":1,"featured_media":0,"parent":0,"menu_order":0,"comment_status":"closed","ping_status":"closed","template":"","meta":{"_et_pb_use_builder":"on","_et_pb_old_content":"","_et_gb_content_width":"","footnotes":""},"class_list":["post-26162","page","type-page","status-publish","hentry"],"yoast_head":"<!-- This site is optimized with the Yoast SEO plugin v27.4 - https:\/\/yoast.com\/product\/yoast-seo-wordpress\/ -->\n<title>Contact - Sacr\u00e9 Shop<\/title>\n<meta name=\"robots\" content=\"index, follow, max-snippet:-1, max-image-preview:large, max-video-preview:-1\" \/>\n<link rel=\"canonical\" href=\"https:\/\/sacre-shop.ch\/en\/contact\/\" \/>\n<meta property=\"og:locale\" content=\"en_US\" \/>\n<meta property=\"og:type\" content=\"article\" \/>\n<meta property=\"og:title\" content=\"Contact - Sacr\u00e9 Shop\" \/>\n<meta property=\"og:description\" content=\"About us Sacr\u00e9-Shop was created in March 2018 by Sandra Wicky and Laurent Gachoud, under the guidance of St\u00e9phane Cardinaux and Catherine Anae Martin. The first step is to continue the official, exclusive import and sale of Spinor International\u00ae products for Switzerland, previously handled by the www.espace-tellura.ch boutique. Sandra Wicky and Laurent Gachoud have many [&hellip;]\" \/>\n<meta property=\"og:url\" content=\"https:\/\/sacre-shop.ch\/en\/contact\/\" \/>\n<meta property=\"og:site_name\" content=\"Sacr\u00e9 Shop\" \/>\n<meta property=\"article:modified_time\" content=\"2024-02-27T09:52:33+00:00\" \/>\n<meta name=\"twitter:card\" content=\"summary_large_image\" \/>\n<meta name=\"twitter:label1\" content=\"Est. reading time\" \/>\n\t<meta name=\"twitter:data1\" content=\"5 minutes\" \/>\n<script type=\"application\/ld+json\" class=\"yoast-schema-graph\">{\"@context\":\"https:\\\/\\\/schema.org\",\"@graph\":[{\"@type\":\"WebPage\",\"@id\":\"https:\\\/\\\/sacre-shop.ch\\\/en\\\/contact\\\/\",\"url\":\"https:\\\/\\\/sacre-shop.ch\\\/en\\\/contact\\\/\",\"name\":\"Contact - Sacr\u00e9 Shop\",\"isPartOf\":{\"@id\":\"https:\\\/\\\/sacre-shop.ch\\\/en\\\/#website\"},\"datePublished\":\"2020-11-16T18:23:12+00:00\",\"dateModified\":\"2024-02-27T09:52:33+00:00\",\"breadcrumb\":{\"@id\":\"https:\\\/\\\/sacre-shop.ch\\\/en\\\/contact\\\/#breadcrumb\"},\"inLanguage\":\"en-US\",\"potentialAction\":[{\"@type\":\"ReadAction\",\"target\":[\"https:\\\/\\\/sacre-shop.ch\\\/en\\\/contact\\\/\"]}]},{\"@type\":\"BreadcrumbList\",\"@id\":\"https:\\\/\\\/sacre-shop.ch\\\/en\\\/contact\\\/#breadcrumb\",\"itemListElement\":[{\"@type\":\"ListItem\",\"position\":1,\"name\":\"Home\",\"item\":\"https:\\\/\\\/sacre-shop.ch\\\/en\\\/\"},{\"@type\":\"ListItem\",\"position\":2,\"name\":\"Contact\"}]},{\"@type\":\"WebSite\",\"@id\":\"https:\\\/\\\/sacre-shop.ch\\\/en\\\/#website\",\"url\":\"https:\\\/\\\/sacre-shop.ch\\\/en\\\/\",\"name\":\"Sacr\u00e9 Shop\",\"description\":\"Protection tools for your well-being\",\"potentialAction\":[{\"@type\":\"SearchAction\",\"target\":{\"@type\":\"EntryPoint\",\"urlTemplate\":\"https:\\\/\\\/sacre-shop.ch\\\/en\\\/?s={search_term_string}\"},\"query-input\":{\"@type\":\"PropertyValueSpecification\",\"valueRequired\":true,\"valueName\":\"search_term_string\"}}],\"inLanguage\":\"en-US\"}]}<\/script>\n<!-- \/ Yoast SEO plugin. -->","yoast_head_json":{"title":"Contact - Sacr\u00e9 Shop","robots":{"index":"index","follow":"follow","max-snippet":"max-snippet:-1","max-image-preview":"max-image-preview:large","max-video-preview":"max-video-preview:-1"},"canonical":"https:\/\/sacre-shop.ch\/en\/contact\/","og_locale":"en_US","og_type":"article","og_title":"Contact - Sacr\u00e9 Shop","og_description":"About us Sacr\u00e9-Shop was created in March 2018 by Sandra Wicky and Laurent Gachoud, under the guidance of St\u00e9phane Cardinaux and Catherine Anae Martin. The first step is to continue the official, exclusive import and sale of Spinor International\u00ae products for Switzerland, previously handled by the www.espace-tellura.ch boutique. Sandra Wicky and Laurent Gachoud have many [&hellip;]","og_url":"https:\/\/sacre-shop.ch\/en\/contact\/","og_site_name":"Sacr\u00e9 Shop","article_modified_time":"2024-02-27T09:52:33+00:00","twitter_card":"summary_large_image","twitter_misc":{"Est. reading time":"5 minutes"},"schema":{"@context":"https:\/\/schema.org","@graph":[{"@type":"WebPage","@id":"https:\/\/sacre-shop.ch\/en\/contact\/","url":"https:\/\/sacre-shop.ch\/en\/contact\/","name":"Contact - Sacr\u00e9 Shop","isPartOf":{"@id":"https:\/\/sacre-shop.ch\/en\/#website"},"datePublished":"2020-11-16T18:23:12+00:00","dateModified":"2024-02-27T09:52:33+00:00","breadcrumb":{"@id":"https:\/\/sacre-shop.ch\/en\/contact\/#breadcrumb"},"inLanguage":"en-US","potentialAction":[{"@type":"ReadAction","target":["https:\/\/sacre-shop.ch\/en\/contact\/"]}]},{"@type":"BreadcrumbList","@id":"https:\/\/sacre-shop.ch\/en\/contact\/#breadcrumb","itemListElement":[{"@type":"ListItem","position":1,"name":"Home","item":"https:\/\/sacre-shop.ch\/en\/"},{"@type":"ListItem","position":2,"name":"Contact"}]},{"@type":"WebSite","@id":"https:\/\/sacre-shop.ch\/en\/#website","url":"https:\/\/sacre-shop.ch\/en\/","name":"Sacr\u00e9 Shop","description":"Protection tools for your well-being","potentialAction":[{"@type":"SearchAction","target":{"@type":"EntryPoint","urlTemplate":"https:\/\/sacre-shop.ch\/en\/?s={search_term_string}"},"query-input":{"@type":"PropertyValueSpecification","valueRequired":true,"valueName":"search_term_string"}}],"inLanguage":"en-US"}]}},"jetpack_sharing_enabled":true,"_links":{"self":[{"href":"https:\/\/sacre-shop.ch\/en\/wp-json\/wp\/v2\/pages\/26162","targetHints":{"allow":["GET"]}}],"collection":[{"href":"https:\/\/sacre-shop.ch\/en\/wp-json\/wp\/v2\/pages"}],"about":[{"href":"https:\/\/sacre-shop.ch\/en\/wp-json\/wp\/v2\/types\/page"}],"author":[{"embeddable":true,"href":"https:\/\/sacre-shop.ch\/en\/wp-json\/wp\/v2\/users\/1"}],"replies":[{"embeddable":true,"href":"https:\/\/sacre-shop.ch\/en\/wp-json\/wp\/v2\/comments?post=26162"}],"version-history":[{"count":0,"href":"https:\/\/sacre-shop.ch\/en\/wp-json\/wp\/v2\/pages\/26162\/revisions"}],"wp:attachment":[{"href":"https:\/\/sacre-shop.ch\/en\/wp-json\/wp\/v2\/media?parent=26162"}],"curies":[{"name":"wp","href":"https:\/\/api.w.org\/{rel}","templated":true}]}}