{"id":26413,"date":"2020-12-11T11:57:19","date_gmt":"2020-12-11T10:57:19","guid":{"rendered":"https:\/\/sacre-shop.ch\/produit\/vernada-odo-tischgeraet\/"},"modified":"2026-03-23T13:38:06","modified_gmt":"2026-03-23T12:38:06","slug":"vernada-odo-tischgeraet","status":"publish","type":"product","link":"https:\/\/sacre-shop.ch\/de\/produit\/vernada-odo-tischgeraet\/","title":{"rendered":"Vernada Odo &#8211; Tischger\u00e4t"},"content":{"rendered":"<p>[et_pb_section fb_built=&#8220;1&#8243; custom_padding_last_edited=&#8220;on|desktop&#8220; _builder_version=&#8220;4.16&#8243; custom_padding=&#8220;0px||||false|false&#8220; custom_padding_tablet=&#8220;0px|20px||20px|false|true&#8220; custom_padding_phone=&#8220;|20px||20px|false|true&#8220; global_colors_info=&#8220;{}&#8220;][et_pb_row _builder_version=&#8220;4.16&#8243; background_size=&#8220;initial&#8220; background_position=&#8220;top_left&#8220; background_repeat=&#8220;repeat&#8220; width=&#8220;100%&#8220; custom_padding=&#8220;0px||0px||false|false&#8220; global_colors_info=&#8220;{}&#8220;][et_pb_column type=&#8220;4_4&#8243; _builder_version=&#8220;4.16&#8243; custom_padding=&#8220;|||&#8220; global_colors_info=&#8220;{}&#8220; custom_padding__hover=&#8220;|||&#8220;][et_pb_wc_breadcrumb disabled_on=&#8220;on|on|on&#8220; _builder_version=&#8220;4.16&#8243; disabled global_colors_info=&#8220;{}&#8220;][\/et_pb_wc_breadcrumb][et_pb_wc_cart_notice _builder_version=&#8220;4.16&#8243; custom_margin=&#8220;15px|0em|0em|0em|false|false&#8220; custom_margin_last_edited=&#8220;off|desktop&#8220; custom_padding_tablet=&#8220;&#8220; custom_padding_phone=&#8220;&#8220; custom_padding_last_edited=&#8220;on|desktop&#8220; global_colors_info=&#8220;{}&#8220;][\/et_pb_wc_cart_notice][\/et_pb_column][\/et_pb_row][et_pb_row column_structure=&#8220;1_2,1_2&#8243; custom_padding_last_edited=&#8220;on|desktop&#8220; module_class=&#8220;reverse&#8220; _builder_version=&#8220;4.16&#8243; background_size=&#8220;initial&#8220; background_position=&#8220;top_left&#8220; background_repeat=&#8220;repeat&#8220; width=&#8220;100%&#8220; custom_margin=&#8220;50px||||false|false&#8220; custom_margin_tablet=&#8220;&#8220; custom_margin_phone=&#8220;&#8220; custom_margin_last_edited=&#8220;on|desktop&#8220; custom_padding=&#8220;0px|0px||0px|false|true&#8220; custom_padding_tablet=&#8220;|20px||20px|false|true&#8220; custom_padding_phone=&#8220;|20px||20px|false|true&#8220; global_colors_info=&#8220;{}&#8220; custom_margin__hover_enabled=&#8220;off|desktop&#8220;][et_pb_column type=&#8220;1_2&#8243; _builder_version=&#8220;4.16&#8243; custom_padding=&#8220;|||&#8220; global_colors_info=&#8220;{}&#8220; custom_padding__hover=&#8220;|||&#8220;][et_pb_wc_images _builder_version=&#8220;4.16&#8243; global_colors_info=&#8220;{}&#8220;][\/et_pb_wc_images][\/et_pb_column][et_pb_column type=&#8220;1_2&#8243; _builder_version=&#8220;4.16&#8243; custom_padding=&#8220;|||&#8220; global_colors_info=&#8220;{}&#8220; custom_padding__hover=&#8220;|||&#8220;][et_pb_wc_title _builder_version=&#8220;4.16&#8243; global_colors_info=&#8220;{}&#8220;][\/et_pb_wc_title][et_pb_wc_rating _builder_version=&#8220;4.16&#8243; global_colors_info=&#8220;{}&#8220;][\/et_pb_wc_rating][et_pb_wc_price _builder_version=&#8220;4.16&#8243; global_colors_info=&#8220;{}&#8220;][\/et_pb_wc_price][et_pb_wc_description _builder_version=&#8220;4.16&#8243; global_colors_info=&#8220;{}&#8220;][\/et_pb_wc_description][et_pb_text _builder_version=&#8220;4.16&#8243; _module_preset=&#8220;default&#8220; global_colors_info=&#8220;{}&#8220;]<a href=\"#desc-plus\">Mehr erfahren&#8230;<\/a><br \/>\n[\/et_pb_text][et_pb_wc_add_to_cart _builder_version=&#8220;4.16&#8243; custom_button=&#8220;on&#8220; button_bg_color=&#8220;#ffffff&#8220; global_colors_info=&#8220;{}&#8220;][\/et_pb_wc_add_to_cart][et_pb_wc_meta disabled_on=&#8220;on|on|on&#8220; _builder_version=&#8220;4.16&#8243; custom_padding=&#8220;||0px|||&#8220; disabled=&#8220;on&#8220; global_colors_info=&#8220;{}&#8220;][\/et_pb_wc_meta][\/et_pb_column][\/et_pb_row][et_pb_row custom_padding_last_edited=&#8220;on|phone&#8220; module_id=&#8220;desc-plus&#8220; _builder_version=&#8220;4.16&#8243; background_size=&#8220;initial&#8220; background_position=&#8220;top_left&#8220; background_repeat=&#8220;repeat&#8220; width=&#8220;100%&#8220; custom_padding=&#8220;|||0px|false|false&#8220; custom_padding_tablet=&#8220;|20px||20px|false|true&#8220; custom_padding_phone=&#8220;&#8220; global_colors_info=&#8220;{}&#8220;][et_pb_column type=&#8220;4_4&#8243; _builder_version=&#8220;4.16&#8243; custom_padding=&#8220;|||&#8220; global_colors_info=&#8220;{}&#8220; custom_padding__hover=&#8220;|||&#8220;][et_pb_tabs _builder_version=&#8220;4.16&#8243; _module_preset=&#8220;default&#8220; global_colors_info=&#8220;{}&#8220;][et_pb_tab title=&#8220;Beschreibung&#8220; _builder_version=&#8220;4.16&#8243; _dynamic_attributes=&#8220;content&#8220; _module_preset=&#8220;default&#8220; global_colors_info=&#8220;{}&#8220;]@ET-DC@eyJkeW5hbWljIjp0cnVlLCJjb250ZW50IjoicHJvZHVjdF9kZXNjcmlwdGlvbiIsInNldHRpbmdzIjp7ImJlZm9yZSI6IiIsImFmdGVyIjoiIn19@[\/et_pb_tab][et_pb_tab title=&#8220;Zus\u00e4tzliche Informationen&#8220; _builder_version=&#8220;4.16&#8243; _dynamic_attributes=&#8220;content&#8220; _module_preset=&#8220;default&#8220; global_colors_info=&#8220;{}&#8220;]@ET-DC@eyJkeW5hbWljIjp0cnVlLCJjb250ZW50IjoicHJvZHVjdF9hZGRpdGlvbmFsX2luZm9ybWF0aW9uIiwic2V0dGluZ3MiOnsiYmVmb3JlIjoiIiwiYWZ0ZXIiOiIifX0=@[\/et_pb_tab][et_pb_tab title=&#8220;Referenzen&#8220; _builder_version=&#8220;4.16&#8243; _module_preset=&#8220;default&#8220; global_colors_info=&#8220;{}&#8220;]Zu erg\u00e4nzen<br \/>\n[\/et_pb_tab][\/et_pb_tabs][et_pb_wc_upsells _builder_version=&#8220;4.16&#8243; global_colors_info=&#8220;{}&#8220;][\/et_pb_wc_upsells][et_pb_wc_related_products columns_number=&#8220;6&#8243; hover_icon=&#8220;&#xe060;||divi||400&#8243; _builder_version=&#8220;4.16&#8243; title_font=&#8220;Cinzel||||||||&#8220; title_font_size=&#8220;25px&#8220; product_title_font_size=&#8220;17px&#8220; price_text_color=&#8220;#e09900&#8243; text_orientation=&#8220;left&#8220; width_tablet=&#8220;&#8220; width_phone=&#8220;&#8220; width_last_edited=&#8220;on|desktop&#8220; max_width=&#8220;100%&#8220; global_colors_info=&#8220;{}&#8220; width__hover_enabled=&#8220;on|desktop&#8220;][\/et_pb_wc_related_products][\/et_pb_column][\/et_pb_row][\/et_pb_section]<\/p>\n","protected":false},"excerpt":{"rendered":"<p>Der Vernada Odo bietet Schutz vor den sch\u00e4dlichen Auswirkungen der elektromagnetischen Strahlung von Mobilfunknetzen, Wi-Fi-Routern, Fernsehern, Computerbildschirmen, Laptops und Mobiltelefonen. Er wirkt auch gegen die sch\u00e4dlichen Auswirkungen von geopathischen und technopathischen Zonen in einem einzigen Raum. Stellen Sie ihn einfach an einer g\u00fcnstigen Stelle im Raum auf. <\/p>\n","protected":false},"featured_media":26411,"comment_status":"closed","ping_status":"closed","template":"","meta":{"_et_pb_use_builder":"on","_et_pb_old_content":"<p data-start=\"158\" data-end=\"520\">Der <strong data-start=\"161\" data-end=\"176\">Vernada Odo<\/strong> ist ein Ger\u00e4t, das entwickelt wurde, um auf Raumebene zu agieren und Wohnbereiche vor verschiedenen elektromagnetischen Belastungen und Umweltst\u00f6rungen zu sch\u00fctzen. Er ist gr\u00f6\u00dfer als die Einzelversionen und eignet sich besonders f\u00fcr R\u00e4ume wie Wohnzimmer, Schlafzimmer, B\u00fcros und alle Bereiche, in denen Menschen t\u00e4glich Zeit verbringen. <\/p>\n<p data-start=\"522\" data-end=\"650\">Er ist diskret und einfach in der Anwendung. Stellen Sie ihn einfach in den Raum, um von seiner umfassenden Wirkung auf die Umwelt zu profitieren.<\/p>\n\n<h2 data-section-id=\"6898hs\" data-start=\"657\" data-end=\"676\">Wozu dient er?<\/h2>\n<p data-start=\"678\" data-end=\"795\">Vernada Odo wirkt in Wohnr\u00e4umen, um die Auswirkungen der Bel\u00e4stigungen, die mit unserer modernen Umwelt verbunden sind, zu begrenzen:<\/p>\n\n<ul data-start=\"797\" data-end=\"1084\">\n \t<li data-section-id=\"1ow058u\" data-start=\"797\" data-end=\"827\">Mobile Netzwerke (3G, 4G, 5G)<\/li>\n \t<li data-section-id=\"1y85zom\" data-start=\"828\" data-end=\"862\">Wi-Fi-Router und Internetboxen<\/li>\n \t<li data-section-id=\"pkzr4e\" data-start=\"863\" data-end=\"901\">Fernsehger\u00e4te, Bildschirme und Computer<\/li>\n \t<li data-section-id=\"1xchi7l\" data-start=\"902\" data-end=\"936\">Mobil- und Schnurlostelefone<\/li>\n \t<li data-section-id=\"18ywevq\" data-start=\"937\" data-end=\"975\">Elektrische Ger\u00e4te des t\u00e4glichen Bedarfs<\/li>\n \t<li data-section-id=\"q2fwbc\" data-start=\"976\" data-end=\"1041\">Elektrische Installationen (Schalttafeln, Leitungen, Transformatoren)<\/li>\n \t<li data-section-id=\"1w9mo0h\" data-start=\"1042\" data-end=\"1084\">St\u00e4dtische elektromagnetische Verschmutzung<\/li>\n<\/ul>\n<p data-start=\"1086\" data-end=\"1165\">Er wirkt auch auf bestimmte nat\u00fcrliche oder umweltbedingte St\u00f6rungen:<\/p>\n\n<ul data-start=\"1167\" data-end=\"1294\">\n \t<li data-section-id=\"135psh7\" data-start=\"1167\" data-end=\"1220\">Geopathische Zonen (Verwerfungen, tellurische Netzwerke)<\/li>\n \t<li data-section-id=\"zoi0lm\" data-start=\"1221\" data-end=\"1251\">Unterirdische Wasserstr\u00f6me<\/li>\n \t<li data-section-id=\"1q7jj10\" data-start=\"1252\" data-end=\"1294\">Energieungleichgewichte in einem Raum<\/li>\n<\/ul>\n<h2 data-section-id=\"guoeuj\" data-start=\"1301\" data-end=\"1329\">Wie funktioniert er?<\/h2>\n<p data-start=\"1331\" data-end=\"1552\">Vernada Odo beruht auf dem Prinzip der energetischen Harmonisierung des Raumes. Er wirkt nicht durch die Blockierung messbarer elektromagnetischer Wellen, sondern durch die Beeinflussung ihrer Interaktion mit der Umwelt und dem Leben. <\/p>\n<p data-start=\"1554\" data-end=\"1708\">Ihr Ziel ist es, ein ausgleichendes Feld im Raum zu schaffen, das die Auswirkungen von elektromagnetischen und geopathischen Belastungen reduziert.<\/p>\n<p data-start=\"1710\" data-end=\"1873\">Durch sein gr\u00f6\u00dferes Format verteilt er seine Wirkung gleichm\u00e4\u00dfig im ganzen Raum, was zu einer stabileren und angenehmeren Atmosph\u00e4re beitr\u00e4gt.<\/p>\n\n<h2 data-section-id=\"cugcgt\" data-start=\"1880\" data-end=\"1911\">Die Vorteile von Vernada Odo<\/h2>\n<ul data-start=\"1913\" data-end=\"2244\">\n \t<li data-section-id=\"dmijb0\" data-start=\"1913\" data-end=\"1955\">Raumweite Aktion<\/li>\n \t<li data-section-id=\"1s7ftbl\" data-start=\"1956\" data-end=\"2010\">Einfache Installation: kein Anschluss erforderlich<\/li>\n \t<li data-section-id=\"ik7zp2\" data-start=\"2011\" data-end=\"2051\">Diskrete und wartungsfreie Vorrichtung<\/li>\n \t<li data-section-id=\"1plifnv\" data-start=\"2052\" data-end=\"2114\">Geeignet f\u00fcr alle Lebensbereiche (Haus, B\u00fcro, Schlafzimmer)<\/li>\n \t<li data-section-id=\"1royu1f\" data-start=\"2115\" data-end=\"2181\">Passiver Betrieb, keine Emissionen und kein Energieverbrauch<\/li>\n \t<li data-section-id=\"9j9m81\" data-start=\"2182\" data-end=\"2244\">Erg\u00e4nzung guter Praktiken zur Wellenreduzierung<\/li>\n<\/ul>\n<h2 data-section-id=\"18zgzhy\" data-start=\"2251\" data-end=\"2280\"><\/h2>\n<h2 data-section-id=\"18zgzhy\" data-start=\"2251\" data-end=\"2280\">Beobachtete positive Effekte<\/h2>\n<ul data-start=\"2282\" data-end=\"2632\">\n \t<li data-section-id=\"1j7mv5c\" data-start=\"2282\" data-end=\"2344\">Verbesserung des Komforts in R\u00e4umen, die Wellen ausgesetzt sind<\/li>\n \t<li data-section-id=\"wxakco\" data-start=\"2345\" data-end=\"2398\">Gef\u00fchl einer ruhigeren und ausgeglicheneren Umgebung<\/li>\n \t<li data-section-id=\"15xl3no\" data-start=\"2399\" data-end=\"2458\">Verringerung der Erm\u00fcdung durch Langzeitbelichtung<\/li>\n \t<li data-section-id=\"17ojjj9\" data-start=\"2459\" data-end=\"2503\">Bessere Ruhe- und Schlafqualit\u00e4t<\/li>\n \t<li data-section-id=\"1bpo6x9\" data-start=\"2504\" data-end=\"2557\">F\u00f6rdert die Konzentration und das allgemeine Wohlbefinden<\/li>\n \t<li data-section-id=\"gneqo4\" data-start=\"2558\" data-end=\"2632\">Besonders beliebt bei umweltbewussten Menschen<\/li>\n<\/ul>\n<h2 data-section-id=\"wnurfd\" data-start=\"2639\" data-end=\"2664\"><\/h2>\n<h2 data-section-id=\"wnurfd\" data-start=\"2639\" data-end=\"2664\">Tipps zur Verwendung<\/h2>\n<ul data-start=\"2666\" data-end=\"2929\">\n \t<li data-section-id=\"25j4f6\" data-start=\"2666\" data-end=\"2726\">Platzieren Sie den Vernada Odo in einem zentralen Bereich des Raumes.<\/li>\n \t<li data-section-id=\"nurq5f\" data-start=\"2727\" data-end=\"2789\">Vermeiden Sie es, das Ger\u00e4t in einem geschlossenen Raum (Schrank, Schublade) zu verstecken.<\/li>\n \t<li data-section-id=\"1jw70jz\" data-start=\"2790\" data-end=\"2857\">Idealerweise auf mittlerer H\u00f6he positioniert (M\u00f6bel, Regal)<\/li>\n \t<li data-section-id=\"xryjwk\" data-start=\"2858\" data-end=\"2929\">F\u00fcr eine optimale Wirksamkeit wird ein Ger\u00e4t pro Raum empfohlen.<\/li>\n<\/ul>\n<h2 data-section-id=\"dmssti\" data-start=\"2936\" data-end=\"2965\"><\/h2>\n<h2 data-section-id=\"dmssti\" data-start=\"2936\" data-end=\"2965\">Vorsichtsma\u00dfnahmen \/ Informationen<\/h2>\n<p data-start=\"2967\" data-end=\"3222\">Vernada Odo beseitigt nicht die Quellen elektromagnetischer Emissionen, sondern wirkt auf deren Einfluss in der Umgebung. Es wird empfohlen, die Expositionsquellen zu reduzieren, wenn dies m\u00f6glich ist (Entfernung von Ger\u00e4ten, Einschr\u00e4nkung ihrer Nutzung usw.). <\/p>\n<p data-start=\"3224\" data-end=\"3312\">Die Effektivit\u00e4t kann je nach Beschaffenheit des Ortes und der Sensibilit\u00e4t des Einzelnen variieren.<\/p>\n<p data-start=\"3314\" data-end=\"3392\">Das Ger\u00e4t ist wartungsfrei und hat eine lange Lebensdauer.<\/p>\n\u00a0","_et_gb_content_width":""},"product_brand":[],"product_cat":[68],"product_tag":[],"class_list":{"0":"post-26413","1":"product","2":"type-product","3":"status-publish","4":"has-post-thumbnail","6":"product_cat-schutz-zu-hause","8":"first","9":"instock","10":"shipping-taxable","11":"purchasable","12":"product-type-simple"},"yoast_head":"<!-- This site is optimized with the Yoast SEO plugin v27.5 - https:\/\/yoast.com\/product\/yoast-seo-wordpress\/ -->\n<title>Vernada Odo\uff5cStarker Wellenschutz f\u00fcr Haus und Wohnbereich<\/title>\n<meta name=\"description\" content=\"Der Vernanda Odo ist ein hausgemachter Wellenschutz, der in einem Raum aufgestellt wird, um vor elektromagnetischen Wellen und geobiologischen Bel\u00e4stigungen zu sch\u00fctzen.\" \/>\n<meta name=\"robots\" content=\"index, follow, max-snippet:-1, max-image-preview:large, max-video-preview:-1\" \/>\n<link rel=\"canonical\" href=\"https:\/\/sacre-shop.ch\/de\/produit\/vernada-odo-tischgeraet\/\" \/>\n<meta property=\"og:locale\" content=\"de_DE\" \/>\n<meta property=\"og:type\" content=\"article\" \/>\n<meta property=\"og:title\" content=\"Vernada Odo\uff5cStarker Wellenschutz f\u00fcr Haus und Wohnbereich\" \/>\n<meta property=\"og:description\" content=\"Der Vernanda Odo ist ein hausgemachter Wellenschutz, der in einem Raum aufgestellt wird, um vor elektromagnetischen Wellen und geobiologischen Bel\u00e4stigungen zu sch\u00fctzen.\" \/>\n<meta property=\"og:url\" content=\"https:\/\/sacre-shop.ch\/de\/produit\/vernada-odo-tischgeraet\/\" \/>\n<meta property=\"og:site_name\" content=\"Sacr\u00e9 Shop\" \/>\n<meta property=\"article:modified_time\" content=\"2026-03-23T12:38:06+00:00\" \/>\n<meta property=\"og:image\" content=\"https:\/\/sacre-shop.ch\/wp-content\/uploads\/2020\/12\/vernada-odo.jpg\" \/>\n\t<meta property=\"og:image:width\" content=\"1067\" \/>\n\t<meta property=\"og:image:height\" content=\"1067\" \/>\n\t<meta property=\"og:image:type\" content=\"image\/jpeg\" \/>\n<meta name=\"twitter:card\" content=\"summary_large_image\" \/>\n<meta name=\"twitter:label1\" content=\"Gesch\u00e4tzte Lesezeit\" \/>\n\t<meta name=\"twitter:data1\" content=\"3\u00a0Minuten\" \/>\n<script type=\"application\/ld+json\" class=\"yoast-schema-graph\">{\"@context\":\"https:\\\/\\\/schema.org\",\"@graph\":[{\"@type\":\"WebPage\",\"@id\":\"https:\\\/\\\/sacre-shop.ch\\\/de\\\/produit\\\/vernada-odo-tischgeraet\\\/\",\"url\":\"https:\\\/\\\/sacre-shop.ch\\\/de\\\/produit\\\/vernada-odo-tischgeraet\\\/\",\"name\":\"Vernada Odo\uff5cStarker Wellenschutz f\u00fcr Haus und Wohnbereich\",\"isPartOf\":{\"@id\":\"https:\\\/\\\/sacre-shop.ch\\\/de\\\/#website\"},\"primaryImageOfPage\":{\"@id\":\"https:\\\/\\\/sacre-shop.ch\\\/de\\\/produit\\\/vernada-odo-tischgeraet\\\/#primaryimage\"},\"image\":{\"@id\":\"https:\\\/\\\/sacre-shop.ch\\\/de\\\/produit\\\/vernada-odo-tischgeraet\\\/#primaryimage\"},\"thumbnailUrl\":\"https:\\\/\\\/sacre-shop.ch\\\/wp-content\\\/uploads\\\/2020\\\/12\\\/vernada-odo.jpg\",\"datePublished\":\"2020-12-11T10:57:19+00:00\",\"dateModified\":\"2026-03-23T12:38:06+00:00\",\"description\":\"Der Vernanda Odo ist ein hausgemachter Wellenschutz, der in einem Raum aufgestellt wird, um vor elektromagnetischen Wellen und geobiologischen Bel\u00e4stigungen zu sch\u00fctzen.\",\"breadcrumb\":{\"@id\":\"https:\\\/\\\/sacre-shop.ch\\\/de\\\/produit\\\/vernada-odo-tischgeraet\\\/#breadcrumb\"},\"inLanguage\":\"de\",\"potentialAction\":[{\"@type\":\"ReadAction\",\"target\":[\"https:\\\/\\\/sacre-shop.ch\\\/de\\\/produit\\\/vernada-odo-tischgeraet\\\/\"]}]},{\"@type\":\"ImageObject\",\"inLanguage\":\"de\",\"@id\":\"https:\\\/\\\/sacre-shop.ch\\\/de\\\/produit\\\/vernada-odo-tischgeraet\\\/#primaryimage\",\"url\":\"https:\\\/\\\/sacre-shop.ch\\\/wp-content\\\/uploads\\\/2020\\\/12\\\/vernada-odo.jpg\",\"contentUrl\":\"https:\\\/\\\/sacre-shop.ch\\\/wp-content\\\/uploads\\\/2020\\\/12\\\/vernada-odo.jpg\",\"width\":1067,\"height\":1067},{\"@type\":\"BreadcrumbList\",\"@id\":\"https:\\\/\\\/sacre-shop.ch\\\/de\\\/produit\\\/vernada-odo-tischgeraet\\\/#breadcrumb\",\"itemListElement\":[{\"@type\":\"ListItem\",\"position\":1,\"name\":\"Startseite\",\"item\":\"https:\\\/\\\/sacre-shop.ch\\\/de\\\/\"},{\"@type\":\"ListItem\",\"position\":2,\"name\":\"Die Boutique\",\"item\":\"https:\\\/\\\/sacre-shop.ch\\\/\"},{\"@type\":\"ListItem\",\"position\":3,\"name\":\"Schutz zu Hause\",\"item\":\"https:\\\/\\\/sacre-shop.ch\\\/de\\\/categorie-produit\\\/schutz-zu-hause\\\/\"},{\"@type\":\"ListItem\",\"position\":4,\"name\":\"Vernada Odo &#8211; Tischger\u00e4t\"}]},{\"@type\":\"WebSite\",\"@id\":\"https:\\\/\\\/sacre-shop.ch\\\/de\\\/#website\",\"url\":\"https:\\\/\\\/sacre-shop.ch\\\/de\\\/\",\"name\":\"Sacr\u00e9 Shop\",\"description\":\"Schutzwerkzeuge f\u00fcr Ihr Wohlbefinden\",\"potentialAction\":[{\"@type\":\"SearchAction\",\"target\":{\"@type\":\"EntryPoint\",\"urlTemplate\":\"https:\\\/\\\/sacre-shop.ch\\\/de\\\/?s={search_term_string}\"},\"query-input\":{\"@type\":\"PropertyValueSpecification\",\"valueRequired\":true,\"valueName\":\"search_term_string\"}}],\"inLanguage\":\"de\"}]}<\/script>\n<!-- \/ Yoast SEO plugin. -->","yoast_head_json":{"title":"Vernada Odo\uff5cStarker Wellenschutz f\u00fcr Haus und Wohnbereich","description":"Der Vernanda Odo ist ein hausgemachter Wellenschutz, der in einem Raum aufgestellt wird, um vor elektromagnetischen Wellen und geobiologischen Bel\u00e4stigungen zu sch\u00fctzen.","robots":{"index":"index","follow":"follow","max-snippet":"max-snippet:-1","max-image-preview":"max-image-preview:large","max-video-preview":"max-video-preview:-1"},"canonical":"https:\/\/sacre-shop.ch\/de\/produit\/vernada-odo-tischgeraet\/","og_locale":"de_DE","og_type":"article","og_title":"Vernada Odo\uff5cStarker Wellenschutz f\u00fcr Haus und Wohnbereich","og_description":"Der Vernanda Odo ist ein hausgemachter Wellenschutz, der in einem Raum aufgestellt wird, um vor elektromagnetischen Wellen und geobiologischen Bel\u00e4stigungen zu sch\u00fctzen.","og_url":"https:\/\/sacre-shop.ch\/de\/produit\/vernada-odo-tischgeraet\/","og_site_name":"Sacr\u00e9 Shop","article_modified_time":"2026-03-23T12:38:06+00:00","og_image":[{"width":1067,"height":1067,"url":"https:\/\/sacre-shop.ch\/wp-content\/uploads\/2020\/12\/vernada-odo.jpg","type":"image\/jpeg"}],"twitter_card":"summary_large_image","twitter_misc":{"Gesch\u00e4tzte Lesezeit":"3\u00a0Minuten"},"schema":{"@context":"https:\/\/schema.org","@graph":[{"@type":"WebPage","@id":"https:\/\/sacre-shop.ch\/de\/produit\/vernada-odo-tischgeraet\/","url":"https:\/\/sacre-shop.ch\/de\/produit\/vernada-odo-tischgeraet\/","name":"Vernada Odo\uff5cStarker Wellenschutz f\u00fcr Haus und Wohnbereich","isPartOf":{"@id":"https:\/\/sacre-shop.ch\/de\/#website"},"primaryImageOfPage":{"@id":"https:\/\/sacre-shop.ch\/de\/produit\/vernada-odo-tischgeraet\/#primaryimage"},"image":{"@id":"https:\/\/sacre-shop.ch\/de\/produit\/vernada-odo-tischgeraet\/#primaryimage"},"thumbnailUrl":"https:\/\/sacre-shop.ch\/wp-content\/uploads\/2020\/12\/vernada-odo.jpg","datePublished":"2020-12-11T10:57:19+00:00","dateModified":"2026-03-23T12:38:06+00:00","description":"Der Vernanda Odo ist ein hausgemachter Wellenschutz, der in einem Raum aufgestellt wird, um vor elektromagnetischen Wellen und geobiologischen Bel\u00e4stigungen zu sch\u00fctzen.","breadcrumb":{"@id":"https:\/\/sacre-shop.ch\/de\/produit\/vernada-odo-tischgeraet\/#breadcrumb"},"inLanguage":"de","potentialAction":[{"@type":"ReadAction","target":["https:\/\/sacre-shop.ch\/de\/produit\/vernada-odo-tischgeraet\/"]}]},{"@type":"ImageObject","inLanguage":"de","@id":"https:\/\/sacre-shop.ch\/de\/produit\/vernada-odo-tischgeraet\/#primaryimage","url":"https:\/\/sacre-shop.ch\/wp-content\/uploads\/2020\/12\/vernada-odo.jpg","contentUrl":"https:\/\/sacre-shop.ch\/wp-content\/uploads\/2020\/12\/vernada-odo.jpg","width":1067,"height":1067},{"@type":"BreadcrumbList","@id":"https:\/\/sacre-shop.ch\/de\/produit\/vernada-odo-tischgeraet\/#breadcrumb","itemListElement":[{"@type":"ListItem","position":1,"name":"Startseite","item":"https:\/\/sacre-shop.ch\/de\/"},{"@type":"ListItem","position":2,"name":"Die Boutique","item":"https:\/\/sacre-shop.ch\/"},{"@type":"ListItem","position":3,"name":"Schutz zu Hause","item":"https:\/\/sacre-shop.ch\/de\/categorie-produit\/schutz-zu-hause\/"},{"@type":"ListItem","position":4,"name":"Vernada Odo &#8211; Tischger\u00e4t"}]},{"@type":"WebSite","@id":"https:\/\/sacre-shop.ch\/de\/#website","url":"https:\/\/sacre-shop.ch\/de\/","name":"Sacr\u00e9 Shop","description":"Schutzwerkzeuge f\u00fcr Ihr Wohlbefinden","potentialAction":[{"@type":"SearchAction","target":{"@type":"EntryPoint","urlTemplate":"https:\/\/sacre-shop.ch\/de\/?s={search_term_string}"},"query-input":{"@type":"PropertyValueSpecification","valueRequired":true,"valueName":"search_term_string"}}],"inLanguage":"de"}]}},"jetpack_sharing_enabled":true,"_links":{"self":[{"href":"https:\/\/sacre-shop.ch\/de\/wp-json\/wp\/v2\/product\/26413","targetHints":{"allow":["GET"]}}],"collection":[{"href":"https:\/\/sacre-shop.ch\/de\/wp-json\/wp\/v2\/product"}],"about":[{"href":"https:\/\/sacre-shop.ch\/de\/wp-json\/wp\/v2\/types\/product"}],"replies":[{"embeddable":true,"href":"https:\/\/sacre-shop.ch\/de\/wp-json\/wp\/v2\/comments?post=26413"}],"wp:featuredmedia":[{"embeddable":true,"href":"https:\/\/sacre-shop.ch\/de\/wp-json\/wp\/v2\/media\/26411"}],"wp:attachment":[{"href":"https:\/\/sacre-shop.ch\/de\/wp-json\/wp\/v2\/media?parent=26413"}],"wp:term":[{"taxonomy":"product_brand","embeddable":true,"href":"https:\/\/sacre-shop.ch\/de\/wp-json\/wp\/v2\/product_brand?post=26413"},{"taxonomy":"product_cat","embeddable":true,"href":"https:\/\/sacre-shop.ch\/de\/wp-json\/wp\/v2\/product_cat?post=26413"},{"taxonomy":"product_tag","embeddable":true,"href":"https:\/\/sacre-shop.ch\/de\/wp-json\/wp\/v2\/product_tag?post=26413"}],"curies":[{"name":"wp","href":"https:\/\/api.w.org\/{rel}","templated":true}]}}