{"id":26180,"date":"2020-11-16T17:07:04","date_gmt":"2020-11-16T16:07:04","guid":{"rendered":"https:\/\/sacre-shop.ch\/produit\/grosser-spinor\/"},"modified":"2024-02-27T10:52:34","modified_gmt":"2024-02-27T09:52:34","slug":"grosser-spinor","status":"publish","type":"product","link":"https:\/\/sacre-shop.ch\/de\/produit\/grosser-spinor\/","title":{"rendered":"Gro\u00dfer Spinor"},"content":{"rendered":"<p>[et_pb_section fb_built=&#8220;1&#8243; custom_padding_last_edited=&#8220;on|desktop&#8220; _builder_version=&#8220;4.7.1&#8243; custom_padding=&#8220;0px||||false|false&#8220; custom_padding_tablet=&#8220;0px|20px||20px|false|true&#8220; custom_padding_phone=&#8220;|20px||20px|false|true&#8220; collapsed=&#8220;off&#8220; global_colors_info=&#8220;{}&#8220;][et_pb_row _builder_version=&#8220;3.25&#8243; background_size=&#8220;initial&#8220; background_position=&#8220;top_left&#8220; background_repeat=&#8220;repeat&#8220; width=&#8220;100%&#8220; custom_padding=&#8220;0px||0px||false|false&#8220; global_colors_info=&#8220;{}&#8220;][et_pb_column type=&#8220;4_4&#8243; _builder_version=&#8220;3.25&#8243; custom_padding=&#8220;|||&#8220; global_colors_info=&#8220;{}&#8220; custom_padding__hover=&#8220;|||&#8220;][et_pb_wc_breadcrumb disabled_on=&#8220;on|on|on&#8220; _builder_version=&#8220;3.0.47&#8243; disabled global_colors_info=&#8220;{}&#8220;][\/et_pb_wc_breadcrumb][et_pb_wc_cart_notice custom_margin=&#8220;15px|0em|0em|0em|false|false&#8220; custom_margin_last_edited=&#8220;off|desktop&#8220; custom_padding_tablet=&#8220;&#8220; custom_padding_phone=&#8220;&#8220; custom_padding_last_edited=&#8220;on|desktop&#8220; global_colors_info=&#8220;{}&#8220;][\/et_pb_wc_cart_notice][\/et_pb_column][\/et_pb_row][et_pb_row column_structure=&#8220;1_2,1_2&#8243; custom_padding_last_edited=&#8220;on|desktop&#8220; module_class=&#8220;reverse&#8220; _builder_version=&#8220;4.7.1&#8243; background_size=&#8220;initial&#8220; background_position=&#8220;top_left&#8220; background_repeat=&#8220;repeat&#8220; width=&#8220;100%&#8220; custom_margin=&#8220;50px||||false|false&#8220; custom_margin_tablet=&#8220;&#8220; custom_margin_phone=&#8220;&#8220; custom_margin_last_edited=&#8220;on|desktop&#8220; custom_padding=&#8220;0px|0px||0px|false|true&#8220; custom_padding_tablet=&#8220;|20px||20px|false|true&#8220; custom_padding_phone=&#8220;|20px||20px|false|true&#8220; global_colors_info=&#8220;{}&#8220; custom_margin__hover_enabled=&#8220;off|desktop&#8220;][et_pb_column type=&#8220;1_2&#8243; _builder_version=&#8220;3.25&#8243; custom_padding=&#8220;|||&#8220; global_colors_info=&#8220;{}&#8220; custom_padding__hover=&#8220;|||&#8220;][et_pb_wc_images _builder_version=&#8220;4.7.1&#8243; global_colors_info=&#8220;{}&#8220;][\/et_pb_wc_images][\/et_pb_column][et_pb_column type=&#8220;1_2&#8243; _builder_version=&#8220;3.25&#8243; custom_padding=&#8220;|||&#8220; global_colors_info=&#8220;{}&#8220; custom_padding__hover=&#8220;|||&#8220;][et_pb_wc_title _builder_version=&#8220;3.0.47&#8243; global_colors_info=&#8220;{}&#8220;][\/et_pb_wc_title][et_pb_wc_rating _builder_version=&#8220;3.0.47&#8243; global_colors_info=&#8220;{}&#8220;][\/et_pb_wc_rating][et_pb_wc_price _builder_version=&#8220;3.0.47&#8243; global_colors_info=&#8220;{}&#8220;][\/et_pb_wc_price][et_pb_wc_description _builder_version=&#8220;4.7.1&#8243; global_colors_info=&#8220;{}&#8220;][\/et_pb_wc_description][et_pb_text _builder_version=&#8220;4.7.1&#8243; _module_preset=&#8220;default&#8220; global_colors_info=&#8220;{}&#8220;]<a href=\"#desc-plus\">Mehr erfahren&#8230;<\/a><br \/>\n[\/et_pb_text][et_pb_wc_add_to_cart custom_button=&#8220;on&#8220; button_bg_color=&#8220;#ffffff&#8220; global_colors_info=&#8220;{}&#8220;][\/et_pb_wc_add_to_cart][et_pb_wc_meta disabled_on=&#8220;on|on|on&#8220; _builder_version=&#8220;4.7.1&#8243; custom_padding=&#8220;||0px|||&#8220; disabled=&#8220;on&#8220; global_colors_info=&#8220;{}&#8220;][\/et_pb_wc_meta][\/et_pb_column][\/et_pb_row][et_pb_row custom_padding_last_edited=&#8220;on|phone&#8220; module_id=&#8220;desc-plus&#8220; _builder_version=&#8220;4.7.1&#8243; background_size=&#8220;initial&#8220; background_position=&#8220;top_left&#8220; background_repeat=&#8220;repeat&#8220; width=&#8220;100%&#8220; custom_padding=&#8220;|||0px|false|false&#8220; custom_padding_tablet=&#8220;|20px||20px|false|true&#8220; custom_padding_phone=&#8220;&#8220; global_colors_info=&#8220;{}&#8220;][et_pb_column type=&#8220;4_4&#8243; _builder_version=&#8220;4.7.1&#8243; custom_padding=&#8220;|||&#8220; global_colors_info=&#8220;{}&#8220; custom_padding__hover=&#8220;|||&#8220;][et_pb_tabs _builder_version=&#8220;4.7.5&#8243; _module_preset=&#8220;default&#8220; global_colors_info=&#8220;{}&#8220;][et_pb_tab title=&#8220;Beschreibung&#8220; _builder_version=&#8220;4.7.5&#8243; _dynamic_attributes=&#8220;content&#8220; _module_preset=&#8220;default&#8220; global_colors_info=&#8220;{}&#8220;]@ET-DC@eyJkeW5hbWljIjp0cnVlLCJjb250ZW50IjoicHJvZHVjdF9kZXNjcmlwdGlvbiIsInNldHRpbmdzIjp7ImJlZm9yZSI6IiIsImFmdGVyIjoiIn19@[\/et_pb_tab][et_pb_tab title=&#8220;Zus\u00e4tzliche Informationen&#8220; _builder_version=&#8220;4.7.1&#8243; _dynamic_attributes=&#8220;content&#8220; _module_preset=&#8220;default&#8220; global_colors_info=&#8220;{}&#8220;]@ET-DC@eyJkeW5hbWljIjp0cnVlLCJjb250ZW50IjoicHJvZHVjdF9hZGRpdGlvbmFsX2luZm9ybWF0aW9uIiwic2V0dGluZ3MiOnsiYmVmb3JlIjoiIiwiYWZ0ZXIiOiIifX0=@[\/et_pb_tab][et_pb_tab title=&#8220;Referenzen&#8220; _builder_version=&#8220;4.7.5&#8243; _module_preset=&#8220;default&#8220; global_colors_info=&#8220;{}&#8220;]Zu erg\u00e4nzen<\/p>\n<p>&nbsp;<br \/>\n[\/et_pb_tab][\/et_pb_tabs][et_pb_wc_upsells _builder_version=&#8220;3.0.47&#8243; global_colors_info=&#8220;{}&#8220;][\/et_pb_wc_upsells][et_pb_wc_related_products columns_number=&#8220;6&#8243; hover_icon=&#8220;&#xe060;||divi||400&#8243; _builder_version=&#8220;4.13.0&#8243; title_font=&#8220;Cinzel||||||||&#8220; title_font_size=&#8220;25px&#8220; product_title_font_size=&#8220;17px&#8220; price_text_color=&#8220;#e09900&#8243; text_orientation=&#8220;left&#8220; width_tablet=&#8220;&#8220; width_phone=&#8220;&#8220; width_last_edited=&#8220;on|desktop&#8220; max_width=&#8220;100%&#8220; global_colors_info=&#8220;{}&#8220; width__hover_enabled=&#8220;on|desktop&#8220;][\/et_pb_wc_related_products][\/et_pb_column][\/et_pb_row][\/et_pb_section]<\/p>\n","protected":false},"excerpt":{"rendered":"<p>Ein wirksamer pers\u00f6nlicher Schutz vor zahlreichen Bel\u00e4stigungen und Wellen.<\/p>\n","protected":false},"featured_media":25940,"comment_status":"closed","ping_status":"closed","template":"","meta":{"_et_pb_use_builder":"on","_et_pb_old_content":"<p style=\"text-align: justify\">Der gro\u00dfe \"SPINOR\" ist ein Ger\u00e4t, das speziell zum Schutz der Menschen vor verschiedenen elektromagnetischen und tellurischen Belastungen entwickelt wurde. Er kann am K\u00f6rper getragen oder an dem Ger\u00e4t angebracht werden, das elektromagnetische Schadstoffe ausstrahlt. Seine Wirksamkeit wurde von Zehntausenden von Menschen auf der ganzen Welt festgestellt, Tausende allein in der Schweiz!<\/p>\n\u00a0\n<h3>Wozu dient er?<\/h3>\nEr sch\u00fctzt vor Belastungen wie z. B. durch Computer, Laptops, schnurlose DECT-Telefone, Wi-Fi, Internetboxen, Spielkonsolen, elektrische Ger\u00e4te, Autoelektronik, Schalttafel, Hochspannungsleitung, Nachbarschaftstransformator, GSM-\/UMTS-, 3G-, 4G-, 5G-Antenne, Flugreisen, Zugreisen, Autoreisen, tellurische Knoten (Netzwerke), unterirdische Wasserstr\u00f6me, Mikroverletzungen.\n\n\u00a0\n<h3>Wie funktioniert er?<\/h3>\nSpinor\u00ae enth\u00e4lt ein Erz namens \"Shungit\", das aus einer Lagerst\u00e4tte in Karelien (Russland) stammt. Es enth\u00e4lt au\u00dferdem Siliziumdioxid und nichtmagnetisches Metall.\n\nDer Spinor\u00ae ver\u00e4ndert nicht die messbare elektromagnetische Strahlung einer elektromagnetischen Quelle, sondern die Torsionskomponente. Dieses Feld kann mit dem russischen Ger\u00e4t <a href=\"http:\/\/www.iga1.ru\/indicator.html\">IGA-1<\/a> oder seinem ukrainischen Pendant <a href=\"http:\/\/www.geniedulieu.ch\/index.php\/geobiologie\/vega-11\">Vega-11<\/a> nachgewiesen und gemessen werden.\n\nDas Ziel des gro\u00dfen Spinor\u00ae ist es, ein rechtsdrehendes Feld aufzubauen, das stark genug ist, um den \u00fcblichen Bel\u00e4stigungen entgegenzuwirken: elektromagnetische Quellen und St\u00f6rungen aus dem Untergrund.\n\nEr arbeitet haupts\u00e4chlich im energetischen und k\u00f6rperlichen Bereich.\n\nEr hilft, besser mit Emotionen umzugehen, da er die energetische Ebene stabilisiert, indem er die Verankerung und Dichte des Vitalfeldes st\u00e4rkt. Dadurch macht er uns weniger durchl\u00e4ssig f\u00fcr \u00e4u\u00dfere Einfl\u00fcsse. Besonders beliebt bei \u00fcberempfindlichen Menschen. \u00a8\n\nEr verh\u00e4lt sich wie eine Art subtiler Generator und kann eine sehr interessante Wirkung auf den Energiefluss im K\u00f6rper und insbesondere \u00fcber die Meridiane haben.\n\n\u00a0\n<h3><\/h3>\n<h3>Die Vorteile des Grand Spinor<\/h3>\nDer Vorteil des gro\u00dfen Spinor\u00ae gegen\u00fcber Orgonit oder Shungit ist seine Wirksamkeit, die in verschiedenen Studien nachgewiesen wurde. Aufgrund seiner geringen Gr\u00f6\u00dfe passt er leicht in eine Tasche, riecht nicht und macht keine Flecken. Au\u00dferdem ist es unzerbrechlich und bei gleichem Gewicht effektiver als Shungit und Orgonit. Im Gegensatz zu den meisten Ger\u00e4ten, die zur Neutralisierung der Wirkung von EM-Wellen verkauft werden, schafft der gro\u00dfe Spinor\u00ae nicht nur einen Energieausgleich, sondern hebt die mit dem Torsionsfeld verbundene Bel\u00e4stigung vollst\u00e4ndig auf.\n\n\u00a0\n<h3>N\u00fctzliche Effekte<\/h3>\n<ul>\n \t<li>Sch\u00fctzt vor Elektrosmog (schnurlose Telefone, Sendemasten, Wi-Fi)<\/li>\n \t<li>Sch\u00fctzt vor angeschlossenen elektrischen Ger\u00e4ten (Wi-Fi-Hotspot, Smart Meter)<\/li>\n \t<li>Sch\u00fctzt vor geopathischen Zonen (Verwerfungen, unterirdische Wasserstr\u00f6me)<\/li>\n \t<li>Begrenzt die M\u00fcdigkeit im Auto, im Zug oder im Flugzeug<\/li>\n \t<li>Erm\u00f6glicht es, in der \u00d6ffentlichkeit, bei Pr\u00fcfungen oder Vorstellungsgespr\u00e4chen zen zu bleiben<\/li>\n \t<li>Vermeidet \"energetisches Pumpen\" in helfenden Beziehungen oder bei therapeutischen Handlungen<\/li>\n \t<li>Verbessert die Konzentrationsf\u00e4higkeit bei Erwachsenen und Kindern<\/li>\n \t<li>Verbessert die Schlafqualit\u00e4t<\/li>\n \t<li>Beseitigt bestimmte Kopfschmerzen und Schmerzen<\/li>\n<\/ul>\n<h3><\/h3>\n<h3>Andere Verwendungen<strong>\n<\/strong><\/h3>\nDie Formwelle des Spinors ist ein Kegel und man kann z. B. einen Meridianpunkt stimulieren, indem man ihn 1,5 cm - 2 cm von der Haut entfernt h\u00e4lt und dabei kleine Kreise zieht.\n<ul>\n \t<li>Bei m\u00fcden oder gereizten Augen 15 bis 45 min mit einem Spinor auf jedem Auge liegen bleiben.<\/li>\n \t<li>Um die Emotionen des Tages loszuwerden, setzen Sie sich bequem hin und stellen Sie jeden Fu\u00df auf einen Spinor<\/li>\n \t<li>Um nicht von den negativen Energien anderer Menschen \u00fcberschwemmt zu werden, ein Spinor in jeder Tasche<\/li>\n \t<li>Weniger gr\u00fcbeln und leichter einschlafen - ein Spinor unter dem Kopfkissen<\/li>\n \t<li>Um vor einer Pr\u00fcfung Stress abzubauen, ein Spinor in jeder Tasche<\/li>\n \t<li>Um die Verdauung von Nahrung oder Emotionen zu erleichtern, einen Spinor auf den Unterbauch legen<\/li>\n \t<li>Um in sich selbst pr\u00e4senter und bei der Arbeit effektiver zu sein, ein Spinor unter dem Stuhl<\/li>\n \t<li>F\u00fcr Babys, die nachts schreien, ein Spinor unter der Matratze<\/li>\n \t<li>Um Ihren emotional aufgeladenen Schmuck zu reinigen, legen Sie das Schmuckst\u00fcck einige Minuten auf einen Spinor<\/li>\n \t<li>Zum Schutz von hom\u00f6opathischen Arzneimitteln vor elektromagnetischen Belastungen<\/li>\n \t<li>Funktioniert auch bei Tieren (z. B. am Halsband eines empfindlichen Hundes befestigt)<\/li>\n<\/ul>\n\u00a0\n<h3>Vorsichtsma\u00dfnahmen \/ Informationen<\/h3>\nDer gro\u00dfe Spinor\u00ae hat eine unbegrenzte Lebensdauer und \"l\u00e4dt\" sich im Gegensatz zu Kristallen \u00e4hnlicher Gr\u00f6\u00dfe nie auf!\n\nEs gibt keine Kontraindikationen f\u00fcr die Verwendung von Spinor. F\u00e4lle von Unvertr\u00e4glichkeiten sind \u00e4u\u00dferst selten.\n\nEr kann vor\u00fcbergehend einige unangenehme Empfindungen erzeugen, manchmal im Brustbereich, vor allem bei Personen, die starke emotionale Belastungen haben. Da es das Vitalfeld verdichtet und eine Erdung erzeugt, aktiviert es die Zirkulation des Herz-Kreislauf-Systems.\n\nLangfristig gew\u00f6hnt sich der K\u00f6rper an die Wirkung des Spinors und das Gef\u00fchl seiner Anwesenheit ist weniger auff\u00e4llig. Er ist jedoch genauso wirksam. Das ist eher ein gutes Zeichen, denn es bedeutet, dass der K\u00f6rper die Informationen akzeptiert und verarbeitet.\n\nAchtung: Der gro\u00dfe Spinor unterdr\u00fcckt die Wellen nicht, sondern wandelt die von ihnen ausgesandte Information um. Je nach St\u00e4rke der Bel\u00e4stigung ist es besser oder sogar notwendig, die Emissionsquelle der sch\u00e4dlichen Wellen zu \u00e4ndern, ein Ger\u00e4t zu versetzen und darauf zu achten, dass nicht mehrere Emissionsquellen vorhanden sind.\n\nDie Ger\u00e4te von Spinor International sind sehr n\u00fctzlich, wenn man sonst nichts tun kann.\n\nWeitere Informationen finden Sie unter Grundlegende Hygieneprinzipien, mit denen sich die Wellenemission in unserem Alltag einschr\u00e4nken l\u00e4sst.","_et_gb_content_width":""},"product_brand":[],"product_cat":[],"product_tag":[],"class_list":{"0":"post-26180","1":"product","2":"type-product","3":"status-publish","4":"has-post-thumbnail","7":"first","8":"instock","9":"shipping-taxable","10":"purchasable","11":"product-type-simple"},"yoast_head":"<!-- This site is optimized with the Yoast SEO plugin v27.4 - https:\/\/yoast.com\/product\/yoast-seo-wordpress\/ -->\n<title>Grand Spinor: Schutz der pers\u00f6nlichen Wellen - Sacr\u00e9-shop<\/title>\n<meta name=\"description\" content=\"Gro\u00dfer Spinor Wellenschutz - Sacr\u00e9-shop: neutralisiert mehrere elektromagnetische und tellurische Sch\u00e4digungen (Wi-Fi, 4G, 5G, Verwerfung,...)\" \/>\n<meta name=\"robots\" content=\"index, follow, max-snippet:-1, max-image-preview:large, max-video-preview:-1\" \/>\n<link rel=\"canonical\" href=\"https:\/\/sacre-shop.ch\/de\/produit\/grosser-spinor\/\" \/>\n<meta property=\"og:locale\" content=\"de_DE\" \/>\n<meta property=\"og:type\" content=\"article\" \/>\n<meta property=\"og:title\" content=\"Grand Spinor: Schutz der pers\u00f6nlichen Wellen - Sacr\u00e9-shop\" \/>\n<meta property=\"og:description\" content=\"Gro\u00dfer Spinor Wellenschutz - Sacr\u00e9-shop: neutralisiert mehrere elektromagnetische und tellurische Sch\u00e4digungen (Wi-Fi, 4G, 5G, Verwerfung,...)\" \/>\n<meta property=\"og:url\" content=\"https:\/\/sacre-shop.ch\/de\/produit\/grosser-spinor\/\" \/>\n<meta property=\"og:site_name\" content=\"Sacr\u00e9 Shop\" \/>\n<meta property=\"article:modified_time\" content=\"2024-02-27T09:52:34+00:00\" \/>\n<meta property=\"og:image\" content=\"https:\/\/sacre-shop.ch\/wp-content\/uploads\/2020\/11\/grand-spinor.png\" \/>\n\t<meta property=\"og:image:width\" content=\"800\" \/>\n\t<meta property=\"og:image:height\" content=\"533\" \/>\n\t<meta property=\"og:image:type\" content=\"image\/png\" \/>\n<meta name=\"twitter:card\" content=\"summary_large_image\" \/>\n<meta name=\"twitter:label1\" content=\"Gesch\u00e4tzte Lesezeit\" \/>\n\t<meta name=\"twitter:data1\" content=\"3\u00a0Minuten\" \/>\n<script type=\"application\/ld+json\" class=\"yoast-schema-graph\">{\"@context\":\"https:\\\/\\\/schema.org\",\"@graph\":[{\"@type\":\"WebPage\",\"@id\":\"https:\\\/\\\/sacre-shop.ch\\\/de\\\/produit\\\/grosser-spinor\\\/\",\"url\":\"https:\\\/\\\/sacre-shop.ch\\\/de\\\/produit\\\/grosser-spinor\\\/\",\"name\":\"Grand Spinor: Schutz der pers\u00f6nlichen Wellen - Sacr\u00e9-shop\",\"isPartOf\":{\"@id\":\"https:\\\/\\\/sacre-shop.ch\\\/de\\\/#website\"},\"primaryImageOfPage\":{\"@id\":\"https:\\\/\\\/sacre-shop.ch\\\/de\\\/produit\\\/grosser-spinor\\\/#primaryimage\"},\"image\":{\"@id\":\"https:\\\/\\\/sacre-shop.ch\\\/de\\\/produit\\\/grosser-spinor\\\/#primaryimage\"},\"thumbnailUrl\":\"https:\\\/\\\/sacre-shop.ch\\\/wp-content\\\/uploads\\\/2020\\\/11\\\/grand-spinor.png\",\"datePublished\":\"2020-11-16T16:07:04+00:00\",\"dateModified\":\"2024-02-27T09:52:34+00:00\",\"description\":\"Gro\u00dfer Spinor Wellenschutz - Sacr\u00e9-shop: neutralisiert mehrere elektromagnetische und tellurische Sch\u00e4digungen (Wi-Fi, 4G, 5G, Verwerfung,...)\",\"breadcrumb\":{\"@id\":\"https:\\\/\\\/sacre-shop.ch\\\/de\\\/produit\\\/grosser-spinor\\\/#breadcrumb\"},\"inLanguage\":\"de\",\"potentialAction\":[{\"@type\":\"ReadAction\",\"target\":[\"https:\\\/\\\/sacre-shop.ch\\\/de\\\/produit\\\/grosser-spinor\\\/\"]}]},{\"@type\":\"ImageObject\",\"inLanguage\":\"de\",\"@id\":\"https:\\\/\\\/sacre-shop.ch\\\/de\\\/produit\\\/grosser-spinor\\\/#primaryimage\",\"url\":\"https:\\\/\\\/sacre-shop.ch\\\/wp-content\\\/uploads\\\/2020\\\/11\\\/grand-spinor.png\",\"contentUrl\":\"https:\\\/\\\/sacre-shop.ch\\\/wp-content\\\/uploads\\\/2020\\\/11\\\/grand-spinor.png\",\"width\":800,\"height\":533,\"caption\":\"Grand Spinor | Protection personnelle anti ondes \u00e0 porter ou poser\"},{\"@type\":\"BreadcrumbList\",\"@id\":\"https:\\\/\\\/sacre-shop.ch\\\/de\\\/produit\\\/grosser-spinor\\\/#breadcrumb\",\"itemListElement\":[{\"@type\":\"ListItem\",\"position\":1,\"name\":\"Startseite\",\"item\":\"https:\\\/\\\/sacre-shop.ch\\\/de\\\/\"},{\"@type\":\"ListItem\",\"position\":2,\"name\":\"Die Boutique\",\"item\":\"https:\\\/\\\/sacre-shop.ch\\\/\"},{\"@type\":\"ListItem\",\"position\":3,\"name\":\"Pers\u00f6nlicher Schutz\",\"item\":\"https:\\\/\\\/sacre-shop.ch\\\/de\\\/categorie-produit\\\/personlicher-schutz\\\/\"},{\"@type\":\"ListItem\",\"position\":4,\"name\":\"Gro\u00dfer Spinor\"}]},{\"@type\":\"WebSite\",\"@id\":\"https:\\\/\\\/sacre-shop.ch\\\/de\\\/#website\",\"url\":\"https:\\\/\\\/sacre-shop.ch\\\/de\\\/\",\"name\":\"Sacr\u00e9 Shop\",\"description\":\"Schutzwerkzeuge f\u00fcr Ihr Wohlbefinden\",\"potentialAction\":[{\"@type\":\"SearchAction\",\"target\":{\"@type\":\"EntryPoint\",\"urlTemplate\":\"https:\\\/\\\/sacre-shop.ch\\\/de\\\/?s={search_term_string}\"},\"query-input\":{\"@type\":\"PropertyValueSpecification\",\"valueRequired\":true,\"valueName\":\"search_term_string\"}}],\"inLanguage\":\"de\"}]}<\/script>\n<!-- \/ Yoast SEO plugin. -->","yoast_head_json":{"title":"Grand Spinor: Schutz der pers\u00f6nlichen Wellen - Sacr\u00e9-shop","description":"Gro\u00dfer Spinor Wellenschutz - Sacr\u00e9-shop: neutralisiert mehrere elektromagnetische und tellurische Sch\u00e4digungen (Wi-Fi, 4G, 5G, Verwerfung,...)","robots":{"index":"index","follow":"follow","max-snippet":"max-snippet:-1","max-image-preview":"max-image-preview:large","max-video-preview":"max-video-preview:-1"},"canonical":"https:\/\/sacre-shop.ch\/de\/produit\/grosser-spinor\/","og_locale":"de_DE","og_type":"article","og_title":"Grand Spinor: Schutz der pers\u00f6nlichen Wellen - Sacr\u00e9-shop","og_description":"Gro\u00dfer Spinor Wellenschutz - Sacr\u00e9-shop: neutralisiert mehrere elektromagnetische und tellurische Sch\u00e4digungen (Wi-Fi, 4G, 5G, Verwerfung,...)","og_url":"https:\/\/sacre-shop.ch\/de\/produit\/grosser-spinor\/","og_site_name":"Sacr\u00e9 Shop","article_modified_time":"2024-02-27T09:52:34+00:00","og_image":[{"width":800,"height":533,"url":"https:\/\/sacre-shop.ch\/wp-content\/uploads\/2020\/11\/grand-spinor.png","type":"image\/png"}],"twitter_card":"summary_large_image","twitter_misc":{"Gesch\u00e4tzte Lesezeit":"3\u00a0Minuten"},"schema":{"@context":"https:\/\/schema.org","@graph":[{"@type":"WebPage","@id":"https:\/\/sacre-shop.ch\/de\/produit\/grosser-spinor\/","url":"https:\/\/sacre-shop.ch\/de\/produit\/grosser-spinor\/","name":"Grand Spinor: Schutz der pers\u00f6nlichen Wellen - Sacr\u00e9-shop","isPartOf":{"@id":"https:\/\/sacre-shop.ch\/de\/#website"},"primaryImageOfPage":{"@id":"https:\/\/sacre-shop.ch\/de\/produit\/grosser-spinor\/#primaryimage"},"image":{"@id":"https:\/\/sacre-shop.ch\/de\/produit\/grosser-spinor\/#primaryimage"},"thumbnailUrl":"https:\/\/sacre-shop.ch\/wp-content\/uploads\/2020\/11\/grand-spinor.png","datePublished":"2020-11-16T16:07:04+00:00","dateModified":"2024-02-27T09:52:34+00:00","description":"Gro\u00dfer Spinor Wellenschutz - Sacr\u00e9-shop: neutralisiert mehrere elektromagnetische und tellurische Sch\u00e4digungen (Wi-Fi, 4G, 5G, Verwerfung,...)","breadcrumb":{"@id":"https:\/\/sacre-shop.ch\/de\/produit\/grosser-spinor\/#breadcrumb"},"inLanguage":"de","potentialAction":[{"@type":"ReadAction","target":["https:\/\/sacre-shop.ch\/de\/produit\/grosser-spinor\/"]}]},{"@type":"ImageObject","inLanguage":"de","@id":"https:\/\/sacre-shop.ch\/de\/produit\/grosser-spinor\/#primaryimage","url":"https:\/\/sacre-shop.ch\/wp-content\/uploads\/2020\/11\/grand-spinor.png","contentUrl":"https:\/\/sacre-shop.ch\/wp-content\/uploads\/2020\/11\/grand-spinor.png","width":800,"height":533,"caption":"Grand Spinor | Protection personnelle anti ondes \u00e0 porter ou poser"},{"@type":"BreadcrumbList","@id":"https:\/\/sacre-shop.ch\/de\/produit\/grosser-spinor\/#breadcrumb","itemListElement":[{"@type":"ListItem","position":1,"name":"Startseite","item":"https:\/\/sacre-shop.ch\/de\/"},{"@type":"ListItem","position":2,"name":"Die Boutique","item":"https:\/\/sacre-shop.ch\/"},{"@type":"ListItem","position":3,"name":"Pers\u00f6nlicher Schutz","item":"https:\/\/sacre-shop.ch\/de\/categorie-produit\/personlicher-schutz\/"},{"@type":"ListItem","position":4,"name":"Gro\u00dfer Spinor"}]},{"@type":"WebSite","@id":"https:\/\/sacre-shop.ch\/de\/#website","url":"https:\/\/sacre-shop.ch\/de\/","name":"Sacr\u00e9 Shop","description":"Schutzwerkzeuge f\u00fcr Ihr Wohlbefinden","potentialAction":[{"@type":"SearchAction","target":{"@type":"EntryPoint","urlTemplate":"https:\/\/sacre-shop.ch\/de\/?s={search_term_string}"},"query-input":{"@type":"PropertyValueSpecification","valueRequired":true,"valueName":"search_term_string"}}],"inLanguage":"de"}]}},"jetpack_sharing_enabled":true,"_links":{"self":[{"href":"https:\/\/sacre-shop.ch\/de\/wp-json\/wp\/v2\/product\/26180","targetHints":{"allow":["GET"]}}],"collection":[{"href":"https:\/\/sacre-shop.ch\/de\/wp-json\/wp\/v2\/product"}],"about":[{"href":"https:\/\/sacre-shop.ch\/de\/wp-json\/wp\/v2\/types\/product"}],"replies":[{"embeddable":true,"href":"https:\/\/sacre-shop.ch\/de\/wp-json\/wp\/v2\/comments?post=26180"}],"wp:featuredmedia":[{"embeddable":true,"href":"https:\/\/sacre-shop.ch\/de\/wp-json\/wp\/v2\/media\/25940"}],"wp:attachment":[{"href":"https:\/\/sacre-shop.ch\/de\/wp-json\/wp\/v2\/media?parent=26180"}],"wp:term":[{"taxonomy":"product_brand","embeddable":true,"href":"https:\/\/sacre-shop.ch\/de\/wp-json\/wp\/v2\/product_brand?post=26180"},{"taxonomy":"product_cat","embeddable":true,"href":"https:\/\/sacre-shop.ch\/de\/wp-json\/wp\/v2\/product_cat?post=26180"},{"taxonomy":"product_tag","embeddable":true,"href":"https:\/\/sacre-shop.ch\/de\/wp-json\/wp\/v2\/product_tag?post=26180"}],"curies":[{"name":"wp","href":"https:\/\/api.w.org\/{rel}","templated":true}]}}