{"id":26163,"date":"2020-11-16T17:35:37","date_gmt":"2020-11-16T16:35:37","guid":{"rendered":"https:\/\/sacre-shop.ch\/produit\/vernada-geo\/"},"modified":"2024-02-27T10:52:34","modified_gmt":"2024-02-27T09:52:34","slug":"vernada-geo","status":"publish","type":"product","link":"https:\/\/sacre-shop.ch\/de\/produit\/vernada-geo\/","title":{"rendered":"Vernada Geo"},"content":{"rendered":"<p>[et_pb_section fb_built=&#8220;1&#8243; custom_padding_last_edited=&#8220;on|desktop&#8220; _builder_version=&#8220;4.7.1&#8243; custom_padding=&#8220;0px||||false|false&#8220; custom_padding_tablet=&#8220;0px|20px||20px|false|true&#8220; custom_padding_phone=&#8220;|20px||20px|false|true&#8220; global_colors_info=&#8220;{}&#8220;][et_pb_row _builder_version=&#8220;3.25&#8243; background_size=&#8220;initial&#8220; background_position=&#8220;top_left&#8220; background_repeat=&#8220;repeat&#8220; width=&#8220;100%&#8220; custom_padding=&#8220;0px||0px||false|false&#8220; global_colors_info=&#8220;{}&#8220;][et_pb_column type=&#8220;4_4&#8243; _builder_version=&#8220;3.25&#8243; custom_padding=&#8220;|||&#8220; global_colors_info=&#8220;{}&#8220; custom_padding__hover=&#8220;|||&#8220;][et_pb_wc_breadcrumb disabled_on=&#8220;on|on|on&#8220; _builder_version=&#8220;3.0.47&#8243; disabled global_colors_info=&#8220;{}&#8220;][\/et_pb_wc_breadcrumb][et_pb_wc_cart_notice custom_margin=&#8220;15px|0em|0em|0em|false|false&#8220; custom_margin_last_edited=&#8220;off|desktop&#8220; custom_padding_tablet=&#8220;&#8220; custom_padding_phone=&#8220;&#8220; custom_padding_last_edited=&#8220;on|desktop&#8220; global_colors_info=&#8220;{}&#8220;][\/et_pb_wc_cart_notice][\/et_pb_column][\/et_pb_row][et_pb_row column_structure=&#8220;1_2,1_2&#8243; custom_padding_last_edited=&#8220;on|desktop&#8220; module_class=&#8220;reverse&#8220; _builder_version=&#8220;4.7.1&#8243; background_size=&#8220;initial&#8220; background_position=&#8220;top_left&#8220; background_repeat=&#8220;repeat&#8220; width=&#8220;100%&#8220; custom_margin=&#8220;50px||||false|false&#8220; custom_margin_tablet=&#8220;&#8220; custom_margin_phone=&#8220;&#8220; custom_margin_last_edited=&#8220;on|desktop&#8220; custom_padding=&#8220;0px|0px||0px|false|true&#8220; custom_padding_tablet=&#8220;|20px||20px|false|true&#8220; custom_padding_phone=&#8220;|20px||20px|false|true&#8220; global_colors_info=&#8220;{}&#8220; custom_margin__hover_enabled=&#8220;off|desktop&#8220;][et_pb_column type=&#8220;1_2&#8243; _builder_version=&#8220;3.25&#8243; custom_padding=&#8220;|||&#8220; global_colors_info=&#8220;{}&#8220; custom_padding__hover=&#8220;|||&#8220;][et_pb_wc_images _builder_version=&#8220;4.7.1&#8243; global_colors_info=&#8220;{}&#8220;][\/et_pb_wc_images][\/et_pb_column][et_pb_column type=&#8220;1_2&#8243; _builder_version=&#8220;3.25&#8243; custom_padding=&#8220;|||&#8220; global_colors_info=&#8220;{}&#8220; custom_padding__hover=&#8220;|||&#8220;][et_pb_wc_title _builder_version=&#8220;3.0.47&#8243; global_colors_info=&#8220;{}&#8220;][\/et_pb_wc_title][et_pb_wc_rating _builder_version=&#8220;3.0.47&#8243; global_colors_info=&#8220;{}&#8220;][\/et_pb_wc_rating][et_pb_wc_price _builder_version=&#8220;3.0.47&#8243; global_colors_info=&#8220;{}&#8220;][\/et_pb_wc_price][et_pb_wc_description _builder_version=&#8220;4.7.1&#8243; global_colors_info=&#8220;{}&#8220;][\/et_pb_wc_description][et_pb_text _builder_version=&#8220;4.7.1&#8243; _module_preset=&#8220;default&#8220; global_colors_info=&#8220;{}&#8220;]<\/p>\n<p><a href=\"#desc-plus\">Mehr erfahren&#8230;<\/a><\/p>\n<p>[\/et_pb_text][et_pb_wc_add_to_cart custom_button=&#8220;on&#8220; button_bg_color=&#8220;#ffffff&#8220; global_colors_info=&#8220;{}&#8220;][\/et_pb_wc_add_to_cart][et_pb_wc_meta disabled_on=&#8220;on|on|on&#8220; _builder_version=&#8220;4.7.1&#8243; custom_padding=&#8220;||0px|||&#8220; disabled=&#8220;on&#8220; global_colors_info=&#8220;{}&#8220;][\/et_pb_wc_meta][\/et_pb_column][\/et_pb_row][et_pb_row custom_padding_last_edited=&#8220;on|phone&#8220; module_id=&#8220;desc-plus&#8220; _builder_version=&#8220;4.7.1&#8243; background_size=&#8220;initial&#8220; background_position=&#8220;top_left&#8220; background_repeat=&#8220;repeat&#8220; width=&#8220;100%&#8220; custom_padding=&#8220;|||0px|false|false&#8220; custom_padding_tablet=&#8220;|20px||20px|false|true&#8220; custom_padding_phone=&#8220;&#8220; global_colors_info=&#8220;{}&#8220;][et_pb_column type=&#8220;4_4&#8243; _builder_version=&#8220;4.7.1&#8243; custom_padding=&#8220;|||&#8220; global_colors_info=&#8220;{}&#8220; custom_padding__hover=&#8220;|||&#8220;][et_pb_tabs _builder_version=&#8220;4.7.1&#8243; _module_preset=&#8220;default&#8220; global_colors_info=&#8220;{}&#8220;][et_pb_tab title=&#8220;Beschreibung&#8220; _builder_version=&#8220;4.7.1&#8243; _dynamic_attributes=&#8220;content&#8220; _module_preset=&#8220;default&#8220; global_colors_info=&#8220;{}&#8220;]@ET-DC@eyJkeW5hbWljIjp0cnVlLCJjb250ZW50IjoicHJvZHVjdF9kZXNjcmlwdGlvbiIsInNldHRpbmdzIjp7ImJlZm9yZSI6IiIsImFmdGVyIjoiIn19@[\/et_pb_tab][et_pb_tab title=&#8220;Zus\u00e4tzliche Informationen&#8220; _builder_version=&#8220;4.7.1&#8243; _dynamic_attributes=&#8220;content&#8220; _module_preset=&#8220;default&#8220; global_colors_info=&#8220;{}&#8220;]@ET-DC@eyJkeW5hbWljIjp0cnVlLCJjb250ZW50IjoicHJvZHVjdF9hZGRpdGlvbmFsX2luZm9ybWF0aW9uIiwic2V0dGluZ3MiOnsiYmVmb3JlIjoiIiwiYWZ0ZXIiOiIifX0=@[\/et_pb_tab][et_pb_tab title=&#8220;Referenzen&#8220; _builder_version=&#8220;4.7.1&#8243; _module_preset=&#8220;default&#8220; global_colors_info=&#8220;{}&#8220;]<\/p>\n<p>Zu erg\u00e4nzen<\/p>\n<p>[\/et_pb_tab][\/et_pb_tabs][et_pb_wc_upsells columns_number=&#8220;3&#8243; _builder_version=&#8220;3.0.47&#8243; global_colors_info=&#8220;{}&#8220;][\/et_pb_wc_upsells][et_pb_wc_related_products columns_number=&#8220;6&#8243; hover_icon=&#8220;&#xe060;||divi||400&#8243; _builder_version=&#8220;4.13.0&#8243; title_font=&#8220;Cinzel||||||||&#8220; title_font_size=&#8220;25px&#8220; product_title_font_size=&#8220;17px&#8220; price_text_color=&#8220;#e09900&#8243; text_orientation=&#8220;left&#8220; width_tablet=&#8220;&#8220; width_phone=&#8220;&#8220; width_last_edited=&#8220;on|desktop&#8220; max_width=&#8220;100%&#8220; global_colors_info=&#8220;{}&#8220; width__hover_enabled=&#8220;on|desktop&#8220;][\/et_pb_wc_related_products][\/et_pb_column][\/et_pb_row][\/et_pb_section]<\/p>\n","protected":false},"excerpt":{"rendered":"<p>System zum wirksamen Schutz Ihres Wohnraums vor elektromagnetischen und tellurischen Belastungen.<\/p>\n<p>Stecker vom Typ C, franz\u00f6sisch-schweizerischer Adapter erforderlich f\u00fcr &#8222;gedr\u00fcckte&#8220; Stecker, kann aber bei flachen Steckern unver\u00e4ndert verwendet werden.<\/p>\n","protected":false},"featured_media":25920,"comment_status":"open","ping_status":"closed","template":"","meta":{"_et_pb_use_builder":"on","_et_pb_old_content":"<h3>Wozu dient er?<\/h3>\nDer Vernada Geo ist ein Ger\u00e4t, das alle elektrischen Ger\u00e4te in einem Haus sowie geopathogene Belastungen (tellurische Netzwerke, Verwerfungen, Wasserstr\u00f6me) neutralisieren soll.\n\n<strong> <\/strong>\n<h3>Wie funktioniert er?<\/h3>\nDer Vernada Geo ist informationsbasiert aufgebaut. Nach dem Anschlie\u00dfen transportiert der 50-Hz-Strom die Information des rechten Torsionsfeldes, das dadurch in der Wohnung verst\u00e4rkt wird. Da der Energiek\u00f6rper f\u00fcr diese Frequenzen besonders empf\u00e4nglich ist, verankert, verdichtet und stabilisiert er sich. Es bietet somit Wasserundurchl\u00e4ssigkeit gegen\u00fcber \u00e4u\u00dferen Einfl\u00fcssen.\n\nBeachten Sie, dass er alle Ger\u00e4te kompensiert, die an dieselbe Phase wie er angeschlossen sind. Er wirkt sogar gegen elektromagnetische Belastungen, die von externen Quellen wie GSM-, 3G-, 4G- und 5G-Antennen ausgehen. Der positive Effekt von Vernada Geo reicht etwa 2-3 m \u00fcber die Au\u00dfenwand hinaus.\n\nSein Stromverbrauch ist verschwindend gering, er ist verschlei\u00dffrei, robust und unauff\u00e4llig.\n\n\u00a0\n<h3>Wie wird es verwendet?<\/h3>\nEr kann an jede beliebige Steckdose des 50-Hz-Stromnetzes im Haus angeschlossen werden. Seine Wirkung wird \u00fcber die gesamte Phase sp\u00fcrbar sein (Einnahme gilt f\u00fcr die Schweiz, Frankreich und Belgien). F\u00fcr einen optimalen Schutz empfiehlt es sich, einen Vernada Geo f\u00fcr die Schlafzimmer und einen weiteren f\u00fcr den Wohnbereich zu haben.\n\nStecker vom Typ C, franz\u00f6sisch-schweizerischer Adapter erforderlich f\u00fcr \"gedr\u00fcckte\" Stecker, kann aber bei flachen Steckern unver\u00e4ndert verwendet werden.\n\n\u00a0\n<h3>Beneficial Effects<\/h3>\n<ul>\n \t<li>Sch\u00fctzt vor Elektrosmog (schnurlose Telefone, Wi-Fi, Handys, Spielkonsolen usw.)<\/li>\n \t<li>Sch\u00fctzt vor elektrischen und magnetischen Feldern (Haushalts- oder elektronische Ger\u00e4te)<\/li>\n \t<li>Sch\u00fctzt vor sch\u00e4dlichen Einfl\u00fcssen aus dem Untergrund (Mikrorisse, unterirdische Wasserstr\u00f6me, tellurische Netze )<\/li>\n \t<li>Verbessert die Schlafqualit\u00e4t, sorgt f\u00fcr bessere Erholung<\/li>\n \t<li>Schafft einen Zen-Raum in der Wohnung oder im B\u00fcro<\/li>\n<\/ul>","_et_gb_content_width":""},"product_brand":[],"product_cat":[],"product_tag":[],"class_list":{"0":"post-26163","1":"product","2":"type-product","3":"status-publish","4":"has-post-thumbnail","7":"first","8":"instock","9":"shipping-taxable","10":"purchasable","11":"product-type-simple"},"yoast_head":"<!-- This site is optimized with the Yoast SEO plugin v27.4 - https:\/\/yoast.com\/product\/yoast-seo-wordpress\/ -->\n<title>Vernada Geo Schutz Wellen Habitat - Sacr\u00e9-shop<\/title>\n<meta name=\"description\" content=\"Vernada Geo Wellenschutz Habitat - Sacr\u00e9-shop: neutralisiert elektrische Ger\u00e4te, geopathogene Belastungen (Netze, Verwerfungen, Wasser) des Ortes.\" \/>\n<meta name=\"robots\" content=\"index, follow, max-snippet:-1, max-image-preview:large, max-video-preview:-1\" \/>\n<link rel=\"canonical\" href=\"https:\/\/sacre-shop.ch\/de\/produit\/vernada-geo\/\" \/>\n<meta property=\"og:locale\" content=\"de_DE\" \/>\n<meta property=\"og:type\" content=\"article\" \/>\n<meta property=\"og:title\" content=\"Vernada Geo Schutz Wellen Habitat - Sacr\u00e9-shop\" \/>\n<meta property=\"og:description\" content=\"Vernada Geo Wellenschutz Habitat - Sacr\u00e9-shop: neutralisiert elektrische Ger\u00e4te, geopathogene Belastungen (Netze, Verwerfungen, Wasser) des Ortes.\" \/>\n<meta property=\"og:url\" content=\"https:\/\/sacre-shop.ch\/de\/produit\/vernada-geo\/\" \/>\n<meta property=\"og:site_name\" content=\"Sacr\u00e9 Shop\" \/>\n<meta property=\"article:modified_time\" content=\"2024-02-27T09:52:34+00:00\" \/>\n<meta property=\"og:image\" content=\"https:\/\/sacre-shop.ch\/wp-content\/uploads\/2020\/11\/vernada-geo.png\" \/>\n\t<meta property=\"og:image:width\" content=\"800\" \/>\n\t<meta property=\"og:image:height\" content=\"533\" \/>\n\t<meta property=\"og:image:type\" content=\"image\/png\" \/>\n<meta name=\"twitter:card\" content=\"summary_large_image\" \/>\n<meta name=\"twitter:label1\" content=\"Gesch\u00e4tzte Lesezeit\" \/>\n\t<meta name=\"twitter:data1\" content=\"3\u00a0Minuten\" \/>\n<script type=\"application\/ld+json\" class=\"yoast-schema-graph\">{\"@context\":\"https:\\\/\\\/schema.org\",\"@graph\":[{\"@type\":\"WebPage\",\"@id\":\"https:\\\/\\\/sacre-shop.ch\\\/de\\\/produit\\\/vernada-geo\\\/\",\"url\":\"https:\\\/\\\/sacre-shop.ch\\\/de\\\/produit\\\/vernada-geo\\\/\",\"name\":\"Vernada Geo Schutz Wellen Habitat - Sacr\u00e9-shop\",\"isPartOf\":{\"@id\":\"https:\\\/\\\/sacre-shop.ch\\\/de\\\/#website\"},\"primaryImageOfPage\":{\"@id\":\"https:\\\/\\\/sacre-shop.ch\\\/de\\\/produit\\\/vernada-geo\\\/#primaryimage\"},\"image\":{\"@id\":\"https:\\\/\\\/sacre-shop.ch\\\/de\\\/produit\\\/vernada-geo\\\/#primaryimage\"},\"thumbnailUrl\":\"https:\\\/\\\/sacre-shop.ch\\\/wp-content\\\/uploads\\\/2020\\\/11\\\/vernada-geo.png\",\"datePublished\":\"2020-11-16T16:35:37+00:00\",\"dateModified\":\"2024-02-27T09:52:34+00:00\",\"description\":\"Vernada Geo Wellenschutz Habitat - Sacr\u00e9-shop: neutralisiert elektrische Ger\u00e4te, geopathogene Belastungen (Netze, Verwerfungen, Wasser) des Ortes.\",\"breadcrumb\":{\"@id\":\"https:\\\/\\\/sacre-shop.ch\\\/de\\\/produit\\\/vernada-geo\\\/#breadcrumb\"},\"inLanguage\":\"de\",\"potentialAction\":[{\"@type\":\"ReadAction\",\"target\":[\"https:\\\/\\\/sacre-shop.ch\\\/de\\\/produit\\\/vernada-geo\\\/\"]}]},{\"@type\":\"ImageObject\",\"inLanguage\":\"de\",\"@id\":\"https:\\\/\\\/sacre-shop.ch\\\/de\\\/produit\\\/vernada-geo\\\/#primaryimage\",\"url\":\"https:\\\/\\\/sacre-shop.ch\\\/wp-content\\\/uploads\\\/2020\\\/11\\\/vernada-geo.png\",\"contentUrl\":\"https:\\\/\\\/sacre-shop.ch\\\/wp-content\\\/uploads\\\/2020\\\/11\\\/vernada-geo.png\",\"width\":800,\"height\":533,\"caption\":\"Protection anti ondes et nuisances pour la maison\"},{\"@type\":\"BreadcrumbList\",\"@id\":\"https:\\\/\\\/sacre-shop.ch\\\/de\\\/produit\\\/vernada-geo\\\/#breadcrumb\",\"itemListElement\":[{\"@type\":\"ListItem\",\"position\":1,\"name\":\"Startseite\",\"item\":\"https:\\\/\\\/sacre-shop.ch\\\/de\\\/\"},{\"@type\":\"ListItem\",\"position\":2,\"name\":\"Die Boutique\",\"item\":\"https:\\\/\\\/sacre-shop.ch\\\/\"},{\"@type\":\"ListItem\",\"position\":3,\"name\":\"Schutz zu Hause\",\"item\":\"https:\\\/\\\/sacre-shop.ch\\\/de\\\/categorie-produit\\\/schutz-zu-hause\\\/\"},{\"@type\":\"ListItem\",\"position\":4,\"name\":\"Vernada Geo\"}]},{\"@type\":\"WebSite\",\"@id\":\"https:\\\/\\\/sacre-shop.ch\\\/de\\\/#website\",\"url\":\"https:\\\/\\\/sacre-shop.ch\\\/de\\\/\",\"name\":\"Sacr\u00e9 Shop\",\"description\":\"Schutzwerkzeuge f\u00fcr Ihr Wohlbefinden\",\"potentialAction\":[{\"@type\":\"SearchAction\",\"target\":{\"@type\":\"EntryPoint\",\"urlTemplate\":\"https:\\\/\\\/sacre-shop.ch\\\/de\\\/?s={search_term_string}\"},\"query-input\":{\"@type\":\"PropertyValueSpecification\",\"valueRequired\":true,\"valueName\":\"search_term_string\"}}],\"inLanguage\":\"de\"}]}<\/script>\n<!-- \/ Yoast SEO plugin. -->","yoast_head_json":{"title":"Vernada Geo Schutz Wellen Habitat - Sacr\u00e9-shop","description":"Vernada Geo Wellenschutz Habitat - Sacr\u00e9-shop: neutralisiert elektrische Ger\u00e4te, geopathogene Belastungen (Netze, Verwerfungen, Wasser) des Ortes.","robots":{"index":"index","follow":"follow","max-snippet":"max-snippet:-1","max-image-preview":"max-image-preview:large","max-video-preview":"max-video-preview:-1"},"canonical":"https:\/\/sacre-shop.ch\/de\/produit\/vernada-geo\/","og_locale":"de_DE","og_type":"article","og_title":"Vernada Geo Schutz Wellen Habitat - Sacr\u00e9-shop","og_description":"Vernada Geo Wellenschutz Habitat - Sacr\u00e9-shop: neutralisiert elektrische Ger\u00e4te, geopathogene Belastungen (Netze, Verwerfungen, Wasser) des Ortes.","og_url":"https:\/\/sacre-shop.ch\/de\/produit\/vernada-geo\/","og_site_name":"Sacr\u00e9 Shop","article_modified_time":"2024-02-27T09:52:34+00:00","og_image":[{"width":800,"height":533,"url":"https:\/\/sacre-shop.ch\/wp-content\/uploads\/2020\/11\/vernada-geo.png","type":"image\/png"}],"twitter_card":"summary_large_image","twitter_misc":{"Gesch\u00e4tzte Lesezeit":"3\u00a0Minuten"},"schema":{"@context":"https:\/\/schema.org","@graph":[{"@type":"WebPage","@id":"https:\/\/sacre-shop.ch\/de\/produit\/vernada-geo\/","url":"https:\/\/sacre-shop.ch\/de\/produit\/vernada-geo\/","name":"Vernada Geo Schutz Wellen Habitat - Sacr\u00e9-shop","isPartOf":{"@id":"https:\/\/sacre-shop.ch\/de\/#website"},"primaryImageOfPage":{"@id":"https:\/\/sacre-shop.ch\/de\/produit\/vernada-geo\/#primaryimage"},"image":{"@id":"https:\/\/sacre-shop.ch\/de\/produit\/vernada-geo\/#primaryimage"},"thumbnailUrl":"https:\/\/sacre-shop.ch\/wp-content\/uploads\/2020\/11\/vernada-geo.png","datePublished":"2020-11-16T16:35:37+00:00","dateModified":"2024-02-27T09:52:34+00:00","description":"Vernada Geo Wellenschutz Habitat - Sacr\u00e9-shop: neutralisiert elektrische Ger\u00e4te, geopathogene Belastungen (Netze, Verwerfungen, Wasser) des Ortes.","breadcrumb":{"@id":"https:\/\/sacre-shop.ch\/de\/produit\/vernada-geo\/#breadcrumb"},"inLanguage":"de","potentialAction":[{"@type":"ReadAction","target":["https:\/\/sacre-shop.ch\/de\/produit\/vernada-geo\/"]}]},{"@type":"ImageObject","inLanguage":"de","@id":"https:\/\/sacre-shop.ch\/de\/produit\/vernada-geo\/#primaryimage","url":"https:\/\/sacre-shop.ch\/wp-content\/uploads\/2020\/11\/vernada-geo.png","contentUrl":"https:\/\/sacre-shop.ch\/wp-content\/uploads\/2020\/11\/vernada-geo.png","width":800,"height":533,"caption":"Protection anti ondes et nuisances pour la maison"},{"@type":"BreadcrumbList","@id":"https:\/\/sacre-shop.ch\/de\/produit\/vernada-geo\/#breadcrumb","itemListElement":[{"@type":"ListItem","position":1,"name":"Startseite","item":"https:\/\/sacre-shop.ch\/de\/"},{"@type":"ListItem","position":2,"name":"Die Boutique","item":"https:\/\/sacre-shop.ch\/"},{"@type":"ListItem","position":3,"name":"Schutz zu Hause","item":"https:\/\/sacre-shop.ch\/de\/categorie-produit\/schutz-zu-hause\/"},{"@type":"ListItem","position":4,"name":"Vernada Geo"}]},{"@type":"WebSite","@id":"https:\/\/sacre-shop.ch\/de\/#website","url":"https:\/\/sacre-shop.ch\/de\/","name":"Sacr\u00e9 Shop","description":"Schutzwerkzeuge f\u00fcr Ihr Wohlbefinden","potentialAction":[{"@type":"SearchAction","target":{"@type":"EntryPoint","urlTemplate":"https:\/\/sacre-shop.ch\/de\/?s={search_term_string}"},"query-input":{"@type":"PropertyValueSpecification","valueRequired":true,"valueName":"search_term_string"}}],"inLanguage":"de"}]}},"jetpack_sharing_enabled":true,"_links":{"self":[{"href":"https:\/\/sacre-shop.ch\/de\/wp-json\/wp\/v2\/product\/26163","targetHints":{"allow":["GET"]}}],"collection":[{"href":"https:\/\/sacre-shop.ch\/de\/wp-json\/wp\/v2\/product"}],"about":[{"href":"https:\/\/sacre-shop.ch\/de\/wp-json\/wp\/v2\/types\/product"}],"replies":[{"embeddable":true,"href":"https:\/\/sacre-shop.ch\/de\/wp-json\/wp\/v2\/comments?post=26163"}],"wp:featuredmedia":[{"embeddable":true,"href":"https:\/\/sacre-shop.ch\/de\/wp-json\/wp\/v2\/media\/25920"}],"wp:attachment":[{"href":"https:\/\/sacre-shop.ch\/de\/wp-json\/wp\/v2\/media?parent=26163"}],"wp:term":[{"taxonomy":"product_brand","embeddable":true,"href":"https:\/\/sacre-shop.ch\/de\/wp-json\/wp\/v2\/product_brand?post=26163"},{"taxonomy":"product_cat","embeddable":true,"href":"https:\/\/sacre-shop.ch\/de\/wp-json\/wp\/v2\/product_cat?post=26163"},{"taxonomy":"product_tag","embeddable":true,"href":"https:\/\/sacre-shop.ch\/de\/wp-json\/wp\/v2\/product_tag?post=26163"}],"curies":[{"name":"wp","href":"https:\/\/api.w.org\/{rel}","templated":true}]}}