{"id":26106,"date":"2020-11-16T17:07:04","date_gmt":"2020-11-16T16:07:04","guid":{"rendered":"https:\/\/sacre-shop.ch\/produit\/kleiner-spinor\/"},"modified":"2024-02-27T10:52:34","modified_gmt":"2024-02-27T09:52:34","slug":"kleiner-spinor","status":"publish","type":"product","link":"https:\/\/sacre-shop.ch\/de\/produit\/kleiner-spinor\/","title":{"rendered":"Kleiner Spinor"},"content":{"rendered":"<p>[et_pb_section fb_built=&#8220;1&#8243; custom_padding_last_edited=&#8220;on|desktop&#8220; admin_label=&#8220;Section&#8220; _builder_version=&#8220;4.16&#8243; custom_padding=&#8220;0px||||false|false&#8220; custom_padding_tablet=&#8220;0px|20px||20px|false|true&#8220; custom_padding_phone=&#8220;|20px||20px|false|true&#8220; collapsed=&#8220;on&#8220; global_colors_info=&#8220;{}&#8220;][et_pb_row _builder_version=&#8220;4.16&#8243; background_size=&#8220;initial&#8220; background_position=&#8220;top_left&#8220; background_repeat=&#8220;repeat&#8220; width=&#8220;100%&#8220; custom_padding=&#8220;0px||0px||false|false&#8220; global_colors_info=&#8220;{}&#8220;][et_pb_column type=&#8220;4_4&#8243; _builder_version=&#8220;4.16&#8243; custom_padding=&#8220;|||&#8220; global_colors_info=&#8220;{}&#8220; custom_padding__hover=&#8220;|||&#8220;][et_pb_wc_breadcrumb disabled_on=&#8220;on|on|on&#8220; _builder_version=&#8220;4.16&#8243; disabled global_colors_info=&#8220;{}&#8220;][\/et_pb_wc_breadcrumb][et_pb_wc_cart_notice _builder_version=&#8220;4.16&#8243; custom_margin=&#8220;15px|0em|0em|0em|false|false&#8220; custom_margin_last_edited=&#8220;off|desktop&#8220; custom_padding_tablet=&#8220;&#8220; custom_padding_phone=&#8220;&#8220; custom_padding_last_edited=&#8220;on|desktop&#8220; global_colors_info=&#8220;{}&#8220;][\/et_pb_wc_cart_notice][\/et_pb_column][\/et_pb_row][et_pb_row column_structure=&#8220;1_2,1_2&#8243; custom_padding_last_edited=&#8220;on|desktop&#8220; module_class=&#8220;reverse&#8220; _builder_version=&#8220;4.16&#8243; background_size=&#8220;initial&#8220; background_position=&#8220;top_left&#8220; background_repeat=&#8220;repeat&#8220; width=&#8220;100%&#8220; custom_margin=&#8220;50px||||false|false&#8220; custom_margin_tablet=&#8220;&#8220; custom_margin_phone=&#8220;&#8220; custom_margin_last_edited=&#8220;on|desktop&#8220; custom_padding=&#8220;0px|0px||0px|false|true&#8220; custom_padding_tablet=&#8220;|20px||20px|false|true&#8220; custom_padding_phone=&#8220;|20px||20px|false|true&#8220; global_colors_info=&#8220;{}&#8220; custom_margin__hover_enabled=&#8220;off|desktop&#8220;][et_pb_column type=&#8220;1_2&#8243; _builder_version=&#8220;4.16&#8243; custom_padding=&#8220;|||&#8220; global_colors_info=&#8220;{}&#8220; custom_padding__hover=&#8220;|||&#8220;][et_pb_wc_images _builder_version=&#8220;4.16&#8243; global_colors_info=&#8220;{}&#8220;][\/et_pb_wc_images][\/et_pb_column][et_pb_column type=&#8220;1_2&#8243; _builder_version=&#8220;4.16&#8243; custom_padding=&#8220;|||&#8220; global_colors_info=&#8220;{}&#8220; custom_padding__hover=&#8220;|||&#8220;][et_pb_wc_title _builder_version=&#8220;4.16&#8243; global_colors_info=&#8220;{}&#8220;][\/et_pb_wc_title][et_pb_wc_rating _builder_version=&#8220;4.16&#8243; global_colors_info=&#8220;{}&#8220;][\/et_pb_wc_rating][et_pb_wc_price _builder_version=&#8220;4.16&#8243; global_colors_info=&#8220;{}&#8220;][\/et_pb_wc_price][et_pb_wc_description _builder_version=&#8220;4.16&#8243; global_colors_info=&#8220;{}&#8220;][\/et_pb_wc_description][et_pb_text _builder_version=&#8220;4.16&#8243; _module_preset=&#8220;default&#8220; global_colors_info=&#8220;{}&#8220;]<\/p>\n<p><a href=\"#desc-plus\">Mehr erfahren&#8230;<\/a><\/p>\n<p>[\/et_pb_text][et_pb_wc_add_to_cart _builder_version=&#8220;4.16&#8243; custom_button=&#8220;on&#8220; button_bg_color=&#8220;#ffffff&#8220; global_colors_info=&#8220;{}&#8220;][\/et_pb_wc_add_to_cart][et_pb_wc_meta disabled_on=&#8220;on|on|on&#8220; _builder_version=&#8220;4.16&#8243; custom_padding=&#8220;||0px|||&#8220; disabled=&#8220;on&#8220; global_colors_info=&#8220;{}&#8220;][\/et_pb_wc_meta][\/et_pb_column][\/et_pb_row][et_pb_row custom_padding_last_edited=&#8220;on|phone&#8220; module_id=&#8220;desc-plus&#8220; _builder_version=&#8220;4.16&#8243; background_size=&#8220;initial&#8220; background_position=&#8220;top_left&#8220; background_repeat=&#8220;repeat&#8220; width=&#8220;100%&#8220; custom_padding=&#8220;|||0px|false|false&#8220; custom_padding_tablet=&#8220;|20px||20px|false|true&#8220; custom_padding_phone=&#8220;&#8220; global_colors_info=&#8220;{}&#8220;][et_pb_column type=&#8220;4_4&#8243; _builder_version=&#8220;4.16&#8243; custom_padding=&#8220;|||&#8220; global_colors_info=&#8220;{}&#8220; custom_padding__hover=&#8220;|||&#8220;][et_pb_tabs _builder_version=&#8220;4.16&#8243; _module_preset=&#8220;default&#8220; global_colors_info=&#8220;{}&#8220;][et_pb_tab title=&#8220;Beschreibung&#8220; _builder_version=&#8220;4.16&#8243; _dynamic_attributes=&#8220;content&#8220; _module_preset=&#8220;default&#8220; global_colors_info=&#8220;{}&#8220;]@ET-DC@eyJkeW5hbWljIjp0cnVlLCJjb250ZW50IjoicHJvZHVjdF9kZXNjcmlwdGlvbiIsInNldHRpbmdzIjp7ImJlZm9yZSI6IiIsImFmdGVyIjoiIn19@[\/et_pb_tab][et_pb_tab title=&#8220;Zus\u00e4tzliche Informationen&#8220; _builder_version=&#8220;4.16&#8243; _dynamic_attributes=&#8220;content&#8220; _module_preset=&#8220;default&#8220; global_colors_info=&#8220;{}&#8220;]@ET-DC@eyJkeW5hbWljIjp0cnVlLCJjb250ZW50IjoicHJvZHVjdF9hZGRpdGlvbmFsX2luZm9ybWF0aW9uIiwic2V0dGluZ3MiOnsiYmVmb3JlIjoiIiwiYWZ0ZXIiOiIifX0=@[\/et_pb_tab][et_pb_tab title=&#8220;Referenzen&#8220; _builder_version=&#8220;4.16&#8243; _module_preset=&#8220;default&#8220; global_colors_info=&#8220;{}&#8220;]<\/p>\n<p>Zu erg\u00e4nzen<\/p>\n<p>[\/et_pb_tab][\/et_pb_tabs][et_pb_wc_upsells _builder_version=&#8220;4.16&#8243; global_colors_info=&#8220;{}&#8220;][\/et_pb_wc_upsells][et_pb_wc_related_products columns_number=&#8220;6&#8243; hover_icon=&#8220;&#xe060;||divi||400&#8243; _builder_version=&#8220;4.16&#8243; title_font=&#8220;Cinzel||||||||&#8220; title_font_size=&#8220;25px&#8220; product_title_font_size=&#8220;17px&#8220; price_text_color=&#8220;#e09900&#8243; text_orientation=&#8220;left&#8220; width_tablet=&#8220;&#8220; width_phone=&#8220;&#8220; width_last_edited=&#8220;on|desktop&#8220; max_width=&#8220;100%&#8220; global_colors_info=&#8220;{}&#8220; width__hover_enabled=&#8220;on|desktop&#8220;][\/et_pb_wc_related_products][\/et_pb_column][\/et_pb_row][\/et_pb_section]<\/p>\n","protected":false},"excerpt":{"rendered":"<p>Kleiner Spinor: Schutz vor Handywellen.<br \/>\nEffektiver Schutz vor sch\u00e4dlichen Einfl\u00fcssen von Ger\u00e4ten, die man am K\u00f6rper tr\u00e4gt oder in der Hand h\u00e4lt.<\/p>\n","protected":false},"featured_media":25952,"comment_status":"closed","ping_status":"closed","template":"","meta":{"_et_pb_use_builder":"on","_et_pb_old_content":"<h3>Wozu dient er?<\/h3>\nDer kleine Spinor dient dazu, die sch\u00e4dlichen Einfl\u00fcsse von Ger\u00e4ten zu neutralisieren, die man am K\u00f6rper tr\u00e4gt oder in der Hand h\u00e4lt. Es wird z. B. f\u00fcr Mobiltelefone, Laptops, Tablets, M\u00e4use, angeschlossene Uhren und Energiesparlampen empfohlen.\n\n\u00a0\n<h3>Wie funktioniert er?<\/h3>\nSeine Funktionsweise beruht auf dem Prinzip der Re-Information. Die Zeichnung des Kleinen Spinors ist ein fraktales Hologramm, das es dem menschlichen K\u00f6rper erm\u00f6glicht, sich in einem fraktalen Zustand zu halten, selbst wenn er verschiedenen elektromagnetischen Belastungen ausgesetzt ist.\n\nEine <strong>fraktale <\/strong>Figur ist ein <a href=\"https:\/\/fr.wikipedia.org\/wiki\/Objet_math%C3%A9matique\">mathematisches Objekt<\/a>, das in allen <a href=\"https:\/\/fr.wikipedia.org\/wiki\/%C3%89chelle_(proportion)\">Ma\u00dfst\u00e4ben<\/a> eine \u00e4hnliche Struktur aufweist. \u00c4hnlich wie <a href=\"https:\/\/fr.wikipedia.org\/wiki\/Poup%C3%A9e_russe\">russische Puppen<\/a>, die eine bis auf den kleinsten Ma\u00dfstab identische Figur enthalten, kann man sich also fraktale Objekte als in jeder Hinsicht gigantische Strukturen vorstellen. In der Bioenergetik stellt man fest, dass der K\u00f6rper diese Dynamik besonders sch\u00e4tzt. Dieses Prinzip finden wir \u00fcbrigens generell in der Sakralarchitektur wieder.\n\nIm kleinen Spinor strahlt das fraktale Muster die Information \u00fcber die Besonderheiten des Shungits aus, sowie weitere Informationen, die Stabilit\u00e4t in mehreren Bewusstseinsebenen (physisch, energetisch, emotional, mental und spirituell) bringen.\n\n\u00a0\n<h3>N\u00fctzliche Effekte<\/h3>\nDer Kleine Spinor sch\u00fctzt :\n<ul>\n \t<li>elektromagnetische Felder von Smartphones (GSM, UMTS, 3G, 4G, 5G, etc...)<\/li>\n \t<li>elektromagnetische Felder von verbundenen Ger\u00e4ten (Bluetooth, Wifi, etc.)<\/li>\n \t<li>Magnetfelder von Laptops<\/li>\n \t<li>des elektrischen Feldes von Energiesparlampen<\/li>\n \t<li>gegen die sch\u00e4dliche Strahlung von Tablets<\/li>\n \t<li>der Bel\u00e4stigung durch Computerm\u00e4use (mit oder ohne Kabel)<\/li>\n<\/ul>\n\u00a0\n<h3>Wie wird es verwendet?<\/h3>\nDer kleine Spinor ist selbstklebend. Es kann also auf jedes Handygeh\u00e4use geklebt oder in das Innere der H\u00fclle geschoben werden. Es ist besonders wirksam, wenn es direkt mit der Haut in Ber\u00fchrung kommt.\n\nMobiltelefon: auf der R\u00fcckseite des Telefons, im Etui, in Kontakt mit der Handfl\u00e4che.\n\nTablet: Auf der R\u00fcckseite des Tablets in der H\u00fclle.\n\nLampe: am Sockel der Lampe.\n\nMaus: Auf der Maus, die die Handfl\u00e4che ber\u00fchrt.\n\nLaptop-Tastatur: neben dem Trackpad, in Kontakt mit der Hand.\n\nVerbundene Uhr: Auf die R\u00fcckseite der Uhr kleben.\n\n\u00a0\n<h3>Vorsichtsma\u00dfnahmen\/Informationen :<\/h3>\nDer kleine Spinor hat eine unbegrenzte Lebensdauer und \"l\u00e4dt\" sich nicht auf. 2 Jahre Garantie.\n\nWenn das Fraktalmuster besch\u00e4digt wird, insbesondere wenn es auf einem anderen Telefon wieder aufgeklebt wird, verliert es seine Wirksamkeit. Sacr\u00e9-shop kann nicht eintreten, wenn der kleine Spinor bei der Benutzung besch\u00e4digt wird.\n\nF\u00fcr einen effektiven Schutz bei der Verwendung eines Smartphones ist ein kleiner Spinor, der auf dem Smartphone platziert wird, effektiver als ein gro\u00dfer Spinor in der Tasche. Der Grund daf\u00fcr liegt in der starken, sehr konzentrierten Bel\u00e4stigung durch schnurlose Telefone.\n\nAchtung: Der kleine Spinor unterdr\u00fcckt die Wellen nicht, sondern wandelt die von ihnen ausgesandte Information um. Je nach St\u00e4rke der Bel\u00e4stigung ist es daher besser oder sogar notwendig, die Emissionsquelle der sch\u00e4dlichen Wellen zu \u00e4ndern, eventuell ein Ger\u00e4t zu versetzen und darauf zu achten, dass nicht mehrere Emissionsquellen vorhanden sind.","_et_gb_content_width":""},"product_brand":[],"product_cat":[],"product_tag":[],"class_list":{"0":"post-26106","1":"product","2":"type-product","3":"status-publish","4":"has-post-thumbnail","7":"first","8":"instock","9":"shipping-taxable","10":"purchasable","11":"product-type-simple"},"yoast_head":"<!-- This site is optimized with the Yoast SEO plugin v27.4 - https:\/\/yoast.com\/product\/yoast-seo-wordpress\/ -->\n<title>Kleiner Spinor: Wellenschutz f\u00fcr Mobiltelefone - Sacr\u00e9-shop<\/title>\n<meta name=\"description\" content=\"Petit Spinor: Wellenschutz f\u00fcr Mobiltelefone - Sacr\u00e9-shop: auch Laptops, Tablets, M\u00e4use, Smartwatches, Eco-Lampen\" \/>\n<meta name=\"robots\" content=\"index, follow, max-snippet:-1, max-image-preview:large, max-video-preview:-1\" \/>\n<link rel=\"canonical\" href=\"https:\/\/sacre-shop.ch\/de\/produit\/kleiner-spinor\/\" \/>\n<meta property=\"og:locale\" content=\"de_DE\" \/>\n<meta property=\"og:type\" content=\"article\" \/>\n<meta property=\"og:title\" content=\"Kleiner Spinor: Wellenschutz f\u00fcr Mobiltelefone - Sacr\u00e9-shop\" \/>\n<meta property=\"og:description\" content=\"Petit Spinor: Wellenschutz f\u00fcr Mobiltelefone - Sacr\u00e9-shop: auch Laptops, Tablets, M\u00e4use, Smartwatches, Eco-Lampen\" \/>\n<meta property=\"og:url\" content=\"https:\/\/sacre-shop.ch\/de\/produit\/kleiner-spinor\/\" \/>\n<meta property=\"og:site_name\" content=\"Sacr\u00e9 Shop\" \/>\n<meta property=\"article:modified_time\" content=\"2024-02-27T09:52:34+00:00\" \/>\n<meta property=\"og:image\" content=\"https:\/\/sacre-shop.ch\/wp-content\/uploads\/2020\/11\/petit-spinor.png\" \/>\n\t<meta property=\"og:image:width\" content=\"800\" \/>\n\t<meta property=\"og:image:height\" content=\"533\" \/>\n\t<meta property=\"og:image:type\" content=\"image\/png\" \/>\n<meta name=\"twitter:card\" content=\"summary_large_image\" \/>\n<meta name=\"twitter:label1\" content=\"Gesch\u00e4tzte Lesezeit\" \/>\n\t<meta name=\"twitter:data1\" content=\"3\u00a0Minuten\" \/>\n<script type=\"application\/ld+json\" class=\"yoast-schema-graph\">{\"@context\":\"https:\\\/\\\/schema.org\",\"@graph\":[{\"@type\":\"WebPage\",\"@id\":\"https:\\\/\\\/sacre-shop.ch\\\/de\\\/produit\\\/kleiner-spinor\\\/\",\"url\":\"https:\\\/\\\/sacre-shop.ch\\\/de\\\/produit\\\/kleiner-spinor\\\/\",\"name\":\"Kleiner Spinor: Wellenschutz f\u00fcr Mobiltelefone - Sacr\u00e9-shop\",\"isPartOf\":{\"@id\":\"https:\\\/\\\/sacre-shop.ch\\\/de\\\/#website\"},\"primaryImageOfPage\":{\"@id\":\"https:\\\/\\\/sacre-shop.ch\\\/de\\\/produit\\\/kleiner-spinor\\\/#primaryimage\"},\"image\":{\"@id\":\"https:\\\/\\\/sacre-shop.ch\\\/de\\\/produit\\\/kleiner-spinor\\\/#primaryimage\"},\"thumbnailUrl\":\"https:\\\/\\\/sacre-shop.ch\\\/wp-content\\\/uploads\\\/2020\\\/11\\\/petit-spinor.png\",\"datePublished\":\"2020-11-16T16:07:04+00:00\",\"dateModified\":\"2024-02-27T09:52:34+00:00\",\"description\":\"Petit Spinor: Wellenschutz f\u00fcr Mobiltelefone - Sacr\u00e9-shop: auch Laptops, Tablets, M\u00e4use, Smartwatches, Eco-Lampen\",\"breadcrumb\":{\"@id\":\"https:\\\/\\\/sacre-shop.ch\\\/de\\\/produit\\\/kleiner-spinor\\\/#breadcrumb\"},\"inLanguage\":\"de\",\"potentialAction\":[{\"@type\":\"ReadAction\",\"target\":[\"https:\\\/\\\/sacre-shop.ch\\\/de\\\/produit\\\/kleiner-spinor\\\/\"]}]},{\"@type\":\"ImageObject\",\"inLanguage\":\"de\",\"@id\":\"https:\\\/\\\/sacre-shop.ch\\\/de\\\/produit\\\/kleiner-spinor\\\/#primaryimage\",\"url\":\"https:\\\/\\\/sacre-shop.ch\\\/wp-content\\\/uploads\\\/2020\\\/11\\\/petit-spinor.png\",\"contentUrl\":\"https:\\\/\\\/sacre-shop.ch\\\/wp-content\\\/uploads\\\/2020\\\/11\\\/petit-spinor.png\",\"width\":800,\"height\":533,\"caption\":\"Petit Spinor | Protection ondes t\u00e9l\u00e9phone portable - Smartphones\"},{\"@type\":\"BreadcrumbList\",\"@id\":\"https:\\\/\\\/sacre-shop.ch\\\/de\\\/produit\\\/kleiner-spinor\\\/#breadcrumb\",\"itemListElement\":[{\"@type\":\"ListItem\",\"position\":1,\"name\":\"Startseite\",\"item\":\"https:\\\/\\\/sacre-shop.ch\\\/de\\\/\"},{\"@type\":\"ListItem\",\"position\":2,\"name\":\"Die Boutique\",\"item\":\"https:\\\/\\\/sacre-shop.ch\\\/\"},{\"@type\":\"ListItem\",\"position\":3,\"name\":\"Schutz f\u00fcr tragbare Ger\u00e4te\",\"item\":\"https:\\\/\\\/sacre-shop.ch\\\/de\\\/categorie-produit\\\/schutz-fur-tragbare-gerate\\\/\"},{\"@type\":\"ListItem\",\"position\":4,\"name\":\"Kleiner Spinor\"}]},{\"@type\":\"WebSite\",\"@id\":\"https:\\\/\\\/sacre-shop.ch\\\/de\\\/#website\",\"url\":\"https:\\\/\\\/sacre-shop.ch\\\/de\\\/\",\"name\":\"Sacr\u00e9 Shop\",\"description\":\"Schutzwerkzeuge f\u00fcr Ihr Wohlbefinden\",\"potentialAction\":[{\"@type\":\"SearchAction\",\"target\":{\"@type\":\"EntryPoint\",\"urlTemplate\":\"https:\\\/\\\/sacre-shop.ch\\\/de\\\/?s={search_term_string}\"},\"query-input\":{\"@type\":\"PropertyValueSpecification\",\"valueRequired\":true,\"valueName\":\"search_term_string\"}}],\"inLanguage\":\"de\"}]}<\/script>\n<!-- \/ Yoast SEO plugin. -->","yoast_head_json":{"title":"Kleiner Spinor: Wellenschutz f\u00fcr Mobiltelefone - Sacr\u00e9-shop","description":"Petit Spinor: Wellenschutz f\u00fcr Mobiltelefone - Sacr\u00e9-shop: auch Laptops, Tablets, M\u00e4use, Smartwatches, Eco-Lampen","robots":{"index":"index","follow":"follow","max-snippet":"max-snippet:-1","max-image-preview":"max-image-preview:large","max-video-preview":"max-video-preview:-1"},"canonical":"https:\/\/sacre-shop.ch\/de\/produit\/kleiner-spinor\/","og_locale":"de_DE","og_type":"article","og_title":"Kleiner Spinor: Wellenschutz f\u00fcr Mobiltelefone - Sacr\u00e9-shop","og_description":"Petit Spinor: Wellenschutz f\u00fcr Mobiltelefone - Sacr\u00e9-shop: auch Laptops, Tablets, M\u00e4use, Smartwatches, Eco-Lampen","og_url":"https:\/\/sacre-shop.ch\/de\/produit\/kleiner-spinor\/","og_site_name":"Sacr\u00e9 Shop","article_modified_time":"2024-02-27T09:52:34+00:00","og_image":[{"width":800,"height":533,"url":"https:\/\/sacre-shop.ch\/wp-content\/uploads\/2020\/11\/petit-spinor.png","type":"image\/png"}],"twitter_card":"summary_large_image","twitter_misc":{"Gesch\u00e4tzte Lesezeit":"3\u00a0Minuten"},"schema":{"@context":"https:\/\/schema.org","@graph":[{"@type":"WebPage","@id":"https:\/\/sacre-shop.ch\/de\/produit\/kleiner-spinor\/","url":"https:\/\/sacre-shop.ch\/de\/produit\/kleiner-spinor\/","name":"Kleiner Spinor: Wellenschutz f\u00fcr Mobiltelefone - Sacr\u00e9-shop","isPartOf":{"@id":"https:\/\/sacre-shop.ch\/de\/#website"},"primaryImageOfPage":{"@id":"https:\/\/sacre-shop.ch\/de\/produit\/kleiner-spinor\/#primaryimage"},"image":{"@id":"https:\/\/sacre-shop.ch\/de\/produit\/kleiner-spinor\/#primaryimage"},"thumbnailUrl":"https:\/\/sacre-shop.ch\/wp-content\/uploads\/2020\/11\/petit-spinor.png","datePublished":"2020-11-16T16:07:04+00:00","dateModified":"2024-02-27T09:52:34+00:00","description":"Petit Spinor: Wellenschutz f\u00fcr Mobiltelefone - Sacr\u00e9-shop: auch Laptops, Tablets, M\u00e4use, Smartwatches, Eco-Lampen","breadcrumb":{"@id":"https:\/\/sacre-shop.ch\/de\/produit\/kleiner-spinor\/#breadcrumb"},"inLanguage":"de","potentialAction":[{"@type":"ReadAction","target":["https:\/\/sacre-shop.ch\/de\/produit\/kleiner-spinor\/"]}]},{"@type":"ImageObject","inLanguage":"de","@id":"https:\/\/sacre-shop.ch\/de\/produit\/kleiner-spinor\/#primaryimage","url":"https:\/\/sacre-shop.ch\/wp-content\/uploads\/2020\/11\/petit-spinor.png","contentUrl":"https:\/\/sacre-shop.ch\/wp-content\/uploads\/2020\/11\/petit-spinor.png","width":800,"height":533,"caption":"Petit Spinor | Protection ondes t\u00e9l\u00e9phone portable - Smartphones"},{"@type":"BreadcrumbList","@id":"https:\/\/sacre-shop.ch\/de\/produit\/kleiner-spinor\/#breadcrumb","itemListElement":[{"@type":"ListItem","position":1,"name":"Startseite","item":"https:\/\/sacre-shop.ch\/de\/"},{"@type":"ListItem","position":2,"name":"Die Boutique","item":"https:\/\/sacre-shop.ch\/"},{"@type":"ListItem","position":3,"name":"Schutz f\u00fcr tragbare Ger\u00e4te","item":"https:\/\/sacre-shop.ch\/de\/categorie-produit\/schutz-fur-tragbare-gerate\/"},{"@type":"ListItem","position":4,"name":"Kleiner Spinor"}]},{"@type":"WebSite","@id":"https:\/\/sacre-shop.ch\/de\/#website","url":"https:\/\/sacre-shop.ch\/de\/","name":"Sacr\u00e9 Shop","description":"Schutzwerkzeuge f\u00fcr Ihr Wohlbefinden","potentialAction":[{"@type":"SearchAction","target":{"@type":"EntryPoint","urlTemplate":"https:\/\/sacre-shop.ch\/de\/?s={search_term_string}"},"query-input":{"@type":"PropertyValueSpecification","valueRequired":true,"valueName":"search_term_string"}}],"inLanguage":"de"}]}},"jetpack_sharing_enabled":true,"_links":{"self":[{"href":"https:\/\/sacre-shop.ch\/de\/wp-json\/wp\/v2\/product\/26106","targetHints":{"allow":["GET"]}}],"collection":[{"href":"https:\/\/sacre-shop.ch\/de\/wp-json\/wp\/v2\/product"}],"about":[{"href":"https:\/\/sacre-shop.ch\/de\/wp-json\/wp\/v2\/types\/product"}],"replies":[{"embeddable":true,"href":"https:\/\/sacre-shop.ch\/de\/wp-json\/wp\/v2\/comments?post=26106"}],"wp:featuredmedia":[{"embeddable":true,"href":"https:\/\/sacre-shop.ch\/de\/wp-json\/wp\/v2\/media\/25952"}],"wp:attachment":[{"href":"https:\/\/sacre-shop.ch\/de\/wp-json\/wp\/v2\/media?parent=26106"}],"wp:term":[{"taxonomy":"product_brand","embeddable":true,"href":"https:\/\/sacre-shop.ch\/de\/wp-json\/wp\/v2\/product_brand?post=26106"},{"taxonomy":"product_cat","embeddable":true,"href":"https:\/\/sacre-shop.ch\/de\/wp-json\/wp\/v2\/product_cat?post=26106"},{"taxonomy":"product_tag","embeddable":true,"href":"https:\/\/sacre-shop.ch\/de\/wp-json\/wp\/v2\/product_tag?post=26106"}],"curies":[{"name":"wp","href":"https:\/\/api.w.org\/{rel}","templated":true}]}}