{"id":26137,"date":"2020-11-16T19:23:12","date_gmt":"2020-11-16T18:23:12","guid":{"rendered":"https:\/\/sacre-shop.ch\/kontakt\/"},"modified":"2024-02-27T10:52:32","modified_gmt":"2024-02-27T09:52:32","slug":"kontakt","status":"publish","type":"page","link":"https:\/\/sacre-shop.ch\/de\/kontakt\/","title":{"rendered":"Kontakt"},"content":{"rendered":"<p>[et_pb_section fb_built=&#8220;1&#8243; prev_background_color=&#8220;#ffffff&#8220; next_background_color=&#8220;#ffffff&#8220; disabled_on=&#8220;on|off|off&#8220; _builder_version=&#8220;4.7.3&#8243; _module_preset=&#8220;default&#8220; background_image=&#8220;https:\/\/sacre-shop.ch\/wp-content\/uploads\/2020\/11\/pexels-paul-ijsendoorn-33041-scaled.jpg&#8220; min_height=&#8220;170px&#8220; max_height=&#8220;170px&#8220; top_divider_style=&#8220;arrow3&#8243; top_divider_height=&#8220;40px&#8220; bottom_divider_style=&#8220;asymmetric2&#8243; bottom_divider_height=&#8220;30px&#8220; animation_style=&#8220;slide&#8220; animation_direction=&#8220;top&#8220;][\/et_pb_section][et_pb_section fb_built=&#8220;1&#8243; specialty=&#8220;on&#8220; _builder_version=&#8220;4.7.1&#8243; _module_preset=&#8220;default&#8220;][et_pb_column type=&#8220;1_2&#8243; _builder_version=&#8220;3.25&#8243; custom_padding=&#8220;|||&#8220; custom_padding__hover=&#8220;|||&#8220;][et_pb_contact_form use_spam_service=&#8220;on&#8220; recaptcha_list=&#8220;Sacre-shop|Sacre-shop-0&#8243; email=&#8220;info@sacre-shop.ch&#8220; title=&#8220;Kontaktieren Sie uns&#8220; custom_message=&#8220;Eintrag von sacre-shop.ch||et_pb_line_break_holder||||et_pb_line_break_holder|Von %%Name%% (%%Email%%)||et_pb_line_break_holder||||et_pb_line_break_holder||Thema : %%Thema%||et_pb_line_break_holder||||et_pb_line_break_holder||Nachricht :||et_pb_line_break_holder||||et_pb_line_break_holder||%%Nachricht%%||et_pb_line_break_holder||||et_pb_line_break_holder|||&#8220; success_message=&#8220;Vielen Dank f\u00fcr Ihre Nachricht. Wir werden Ihnen so bald wie m\u00f6glich antworten!&#8220; submit_button_text=&#8220;Senden Sie&#8220; _builder_version=&#8220;4.7.3&#8243; _module_preset=&#8220;default&#8220; custom_padding=&#8220;|12px||12px|false|true&#8220; animation_style=&#8220;slide&#8220; animation_direction=&#8220;left&#8220; border_radii=&#8220;on|10px|10px|10px|10px&#8220;][et_pb_contact_field field_id=&#8220;Name&#8220; field_title=&#8220;Name&#8220; _builder_version=&#8220;3.16&#8243; button_text_size__hover_enabled=&#8220;off&#8220; button_one_text_size__hover_enabled=&#8220;off&#8220; button_two_text_size__hover_enabled=&#8220;off&#8220; button_text_color__hover_enabled=&#8220;off&#8220; button_one_text_color__hover_enabled=&#8220;off&#8220; button_two_text_color__hover_enabled=&#8220;off&#8220; button_border_width__hover_enabled=&#8220;off&#8220; button_one_border_width__hover_enabled=&#8220;off&#8220; button_two_border_width__hover_enabled=&#8220;off&#8220; button_border_color__hover_enabled=&#8220;off&#8220; button_one_border_color__hover_enabled=&#8220;off&#8220; button_two_border_color__hover_enabled=&#8220;off&#8220; button_border_radius__hover_enabled=&#8220;off&#8220; button_one_border_radius__hover_enabled=&#8220;off&#8220; button_two_border_radius__hover_enabled=&#8220;off&#8220; button_letter_spacing__hover_enabled=&#8220;off&#8220; button_one_letter_spacing__hover_enabled=&#8220;off&#8220; button_two_letter_spacing__hover_enabled=&#8220;off&#8220; button_bg_color__hover_enabled=&#8220;off&#8220; button_one_bg_color__hover_enabled=&#8220;off&#8220; button_two_bg_color__hover_enabled=&#8220;off&#8220;][\/et_pb_contact_field][et_pb_contact_field field_id=&#8220;Email&#8220; field_title=&#8220;E-Mail-Adresse&#8220; field_type=&#8220;email&#8220; _builder_version=&#8220;3.16&#8243; button_text_size__hover_enabled=&#8220;off&#8220; button_one_text_size__hover_enabled=&#8220;off&#8220; button_two_text_size__hover_enabled=&#8220;off&#8220; button_text_color__hover_enabled=&#8220;off&#8220; button_one_text_color__hover_enabled=&#8220;off&#8220; button_two_text_color__hover_enabled=&#8220;off&#8220; button_border_width__hover_enabled=&#8220;off&#8220; button_one_border_width__hover_enabled=&#8220;off&#8220; button_two_border_width__hover_enabled=&#8220;off&#8220; button_border_color__hover_enabled=&#8220;off&#8220; button_one_border_color__hover_enabled=&#8220;off&#8220; button_two_border_color__hover_enabled=&#8220;off&#8220; button_border_radius__hover_enabled=&#8220;off&#8220; button_one_border_radius__hover_enabled=&#8220;off&#8220; button_two_border_radius__hover_enabled=&#8220;off&#8220; button_letter_spacing__hover_enabled=&#8220;off&#8220; button_one_letter_spacing__hover_enabled=&#8220;off&#8220; button_two_letter_spacing__hover_enabled=&#8220;off&#8220; button_bg_color__hover_enabled=&#8220;off&#8220; button_one_bg_color__hover_enabled=&#8220;off&#8220; button_two_bg_color__hover_enabled=&#8220;off&#8220;][\/et_pb_contact_field][et_pb_contact_field field_id=&#8220;sujet&#8220; field_title=&#8220;Betreff der Nachricht&#8220; fullwidth_field=&#8220;on&#8220; _builder_version=&#8220;4.7.1&#8243; _module_preset=&#8220;default&#8220;][\/et_pb_contact_field][et_pb_contact_field field_id=&#8220;Message&#8220; field_title=&#8220;Ihre Nachricht&#8220; field_type=&#8220;text&#8220; fullwidth_field=&#8220;on&#8220; _builder_version=&#8220;4.7.1&#8243; height=&#8220;300px&#8220; button_text_size__hover_enabled=&#8220;off&#8220; button_one_text_size__hover_enabled=&#8220;off&#8220; button_two_text_size__hover_enabled=&#8220;off&#8220; button_text_color__hover_enabled=&#8220;off&#8220; button_one_text_color__hover_enabled=&#8220;off&#8220; button_two_text_color__hover_enabled=&#8220;off&#8220; button_border_width__hover_enabled=&#8220;off&#8220; button_one_border_width__hover_enabled=&#8220;off&#8220; button_two_border_width__hover_enabled=&#8220;off&#8220; button_border_color__hover_enabled=&#8220;off&#8220; button_one_border_color__hover_enabled=&#8220;off&#8220; button_two_border_color__hover_enabled=&#8220;off&#8220; button_border_radius__hover_enabled=&#8220;off&#8220; button_one_border_radius__hover_enabled=&#8220;off&#8220; button_two_border_radius__hover_enabled=&#8220;off&#8220; button_letter_spacing__hover_enabled=&#8220;off&#8220; button_one_letter_spacing__hover_enabled=&#8220;off&#8220; button_two_letter_spacing__hover_enabled=&#8220;off&#8220; button_bg_color__hover_enabled=&#8220;off&#8220; button_one_bg_color__hover_enabled=&#8220;off&#8220; button_two_bg_color__hover_enabled=&#8220;off&#8220;][\/et_pb_contact_field][\/et_pb_contact_form][\/et_pb_column][et_pb_column type=&#8220;1_2&#8243; specialty_columns=&#8220;2&#8243; _builder_version=&#8220;3.25&#8243; custom_padding=&#8220;|||&#8220; custom_padding__hover=&#8220;|||&#8220;][et_pb_row_inner _builder_version=&#8220;4.7.1&#8243; _module_preset=&#8220;default&#8220; animation_style=&#8220;slide&#8220; animation_direction=&#8220;right&#8220;][et_pb_column_inner saved_specialty_column_type=&#8220;1_2&#8243; _builder_version=&#8220;4.7.1&#8243; _module_preset=&#8220;default&#8220;][et_pb_text _builder_version=&#8220;4.7.1&#8243; _module_preset=&#8220;default&#8220; link_font=&#8220;|600|||||||&#8220; custom_padding=&#8220;0px|12px||12px|false|true&#8220;]<\/p>\n<h1>\u00dcber<\/h1>\n<p style=\"text-align: left;\">\n<p style=\"text-align: left;\">\n<p style=\"text-align: left;\">\n<p style=\"text-align: left;\">\n<p style=\"text-align: left;\">Sacr\u00e9-Shop wurde im M\u00e4rz 2018 von <a href=\"https:\/\/racinedevie.ch\/\" target=\"_blank\" rel=\"noopener noreferrer\">Sandra Wicky<\/a> und <a href=\"https:\/\/www.conscient.ch\" target=\"_blank\" rel=\"noopener noreferrer\">Laurent Gachoud<\/a> gegr\u00fcndet, angeregt durch <a href=\"https:\/\/espace-tellura.ch\/\" target=\"_blank\" rel=\"noopener noreferrer\">St\u00e9phane Cardinaux und Catherine Anae Martin<\/a>.<\/p>\n<p style=\"text-align: left;\">Der erste Schritt zur Umsetzung besteht darin, den offiziellen und exklusiven Import und sp\u00e4teren Verkauf von Spinor International\u00ae-Artikeln f\u00fcr die Schweiz fortzusetzen, der zuvor \u00fcber den Shop <a href=\"www.espace-tellura.ch\">www.espace-tellura.ch<\/a> abgewickelt wurde.<\/p>\n<p style=\"text-align: left;\">Sandra Wicky und Laurent Gachoud verf\u00fcgen \u00fcber langj\u00e4hrige Erfahrung in den Bereichen Wohn- und Wellnesswissenschaften und haben diese Artikel selbst getestet.<\/p>\n<p style=\"text-align: left;\">Daher erscheint es als Erg\u00e4nzung zur \u00dcbernahme der geobiologischen Ausbildung von St\u00e9phane Cardinaux durch Laurent Gachoud wesentlich, weiterhin die Artikel von Spinor International\u00ae anzubieten.<\/p>\n<p style=\"text-align: left;\">Der Sitz von Sacr\u00e9-Shop ist in Donneloye (VD).<\/p>\n<p>[\/et_pb_text][\/et_pb_column_inner][\/et_pb_row_inner][\/et_pb_column][\/et_pb_section][et_pb_section fb_built=&#8220;1&#8243; _builder_version=&#8220;4.7.1&#8243; _module_preset=&#8220;default&#8220; min_height=&#8220;250px&#8220;][\/et_pb_section]<\/p>\n","protected":false},"excerpt":{"rendered":"<p>\u00dcber Sacr\u00e9-Shop wurde im M\u00e4rz 2018 von Sandra Wicky und Laurent Gachoud gegr\u00fcndet, angeregt durch St\u00e9phane Cardinaux und Catherine Anae Martin. Der erste Schritt zur Umsetzung besteht darin, den offiziellen und exklusiven Import und sp\u00e4teren Verkauf von Spinor International\u00ae-Artikeln f\u00fcr die Schweiz fortzusetzen, der zuvor \u00fcber den Shop www.espace-tellura.ch abgewickelt wurde. Sandra Wicky und Laurent [&hellip;]<\/p>\n","protected":false},"author":1,"featured_media":0,"parent":0,"menu_order":0,"comment_status":"closed","ping_status":"closed","template":"","meta":{"_et_pb_use_builder":"on","_et_pb_old_content":"","_et_gb_content_width":"","footnotes":""},"class_list":["post-26137","page","type-page","status-publish","hentry"],"yoast_head":"<!-- This site is optimized with the Yoast SEO plugin v27.4 - https:\/\/yoast.com\/product\/yoast-seo-wordpress\/ -->\n<title>Kontakt - Sacr\u00e9 Shop<\/title>\n<meta name=\"robots\" content=\"index, follow, max-snippet:-1, max-image-preview:large, max-video-preview:-1\" \/>\n<link rel=\"canonical\" href=\"https:\/\/sacre-shop.ch\/de\/kontakt\/\" \/>\n<meta property=\"og:locale\" content=\"de_DE\" \/>\n<meta property=\"og:type\" content=\"article\" \/>\n<meta property=\"og:title\" content=\"Kontakt - Sacr\u00e9 Shop\" \/>\n<meta property=\"og:description\" content=\"\u00dcber Sacr\u00e9-Shop wurde im M\u00e4rz 2018 von Sandra Wicky und Laurent Gachoud gegr\u00fcndet, angeregt durch St\u00e9phane Cardinaux und Catherine Anae Martin. Der erste Schritt zur Umsetzung besteht darin, den offiziellen und exklusiven Import und sp\u00e4teren Verkauf von Spinor International\u00ae-Artikeln f\u00fcr die Schweiz fortzusetzen, der zuvor \u00fcber den Shop www.espace-tellura.ch abgewickelt wurde. Sandra Wicky und Laurent [&hellip;]\" \/>\n<meta property=\"og:url\" content=\"https:\/\/sacre-shop.ch\/de\/kontakt\/\" \/>\n<meta property=\"og:site_name\" content=\"Sacr\u00e9 Shop\" \/>\n<meta property=\"article:modified_time\" content=\"2024-02-27T09:52:32+00:00\" \/>\n<meta name=\"twitter:card\" content=\"summary_large_image\" \/>\n<meta name=\"twitter:label1\" content=\"Gesch\u00e4tzte Lesezeit\" \/>\n\t<meta name=\"twitter:data1\" content=\"5\u00a0Minuten\" \/>\n<script type=\"application\/ld+json\" class=\"yoast-schema-graph\">{\"@context\":\"https:\\\/\\\/schema.org\",\"@graph\":[{\"@type\":\"WebPage\",\"@id\":\"https:\\\/\\\/sacre-shop.ch\\\/de\\\/kontakt\\\/\",\"url\":\"https:\\\/\\\/sacre-shop.ch\\\/de\\\/kontakt\\\/\",\"name\":\"Kontakt - Sacr\u00e9 Shop\",\"isPartOf\":{\"@id\":\"https:\\\/\\\/sacre-shop.ch\\\/de\\\/#website\"},\"datePublished\":\"2020-11-16T18:23:12+00:00\",\"dateModified\":\"2024-02-27T09:52:32+00:00\",\"breadcrumb\":{\"@id\":\"https:\\\/\\\/sacre-shop.ch\\\/de\\\/kontakt\\\/#breadcrumb\"},\"inLanguage\":\"de\",\"potentialAction\":[{\"@type\":\"ReadAction\",\"target\":[\"https:\\\/\\\/sacre-shop.ch\\\/de\\\/kontakt\\\/\"]}]},{\"@type\":\"BreadcrumbList\",\"@id\":\"https:\\\/\\\/sacre-shop.ch\\\/de\\\/kontakt\\\/#breadcrumb\",\"itemListElement\":[{\"@type\":\"ListItem\",\"position\":1,\"name\":\"Startseite\",\"item\":\"https:\\\/\\\/sacre-shop.ch\\\/de\\\/\"},{\"@type\":\"ListItem\",\"position\":2,\"name\":\"Kontakt\"}]},{\"@type\":\"WebSite\",\"@id\":\"https:\\\/\\\/sacre-shop.ch\\\/de\\\/#website\",\"url\":\"https:\\\/\\\/sacre-shop.ch\\\/de\\\/\",\"name\":\"Sacr\u00e9 Shop\",\"description\":\"Schutzwerkzeuge f\u00fcr Ihr Wohlbefinden\",\"potentialAction\":[{\"@type\":\"SearchAction\",\"target\":{\"@type\":\"EntryPoint\",\"urlTemplate\":\"https:\\\/\\\/sacre-shop.ch\\\/de\\\/?s={search_term_string}\"},\"query-input\":{\"@type\":\"PropertyValueSpecification\",\"valueRequired\":true,\"valueName\":\"search_term_string\"}}],\"inLanguage\":\"de\"}]}<\/script>\n<!-- \/ Yoast SEO plugin. -->","yoast_head_json":{"title":"Kontakt - Sacr\u00e9 Shop","robots":{"index":"index","follow":"follow","max-snippet":"max-snippet:-1","max-image-preview":"max-image-preview:large","max-video-preview":"max-video-preview:-1"},"canonical":"https:\/\/sacre-shop.ch\/de\/kontakt\/","og_locale":"de_DE","og_type":"article","og_title":"Kontakt - Sacr\u00e9 Shop","og_description":"\u00dcber Sacr\u00e9-Shop wurde im M\u00e4rz 2018 von Sandra Wicky und Laurent Gachoud gegr\u00fcndet, angeregt durch St\u00e9phane Cardinaux und Catherine Anae Martin. Der erste Schritt zur Umsetzung besteht darin, den offiziellen und exklusiven Import und sp\u00e4teren Verkauf von Spinor International\u00ae-Artikeln f\u00fcr die Schweiz fortzusetzen, der zuvor \u00fcber den Shop www.espace-tellura.ch abgewickelt wurde. Sandra Wicky und Laurent [&hellip;]","og_url":"https:\/\/sacre-shop.ch\/de\/kontakt\/","og_site_name":"Sacr\u00e9 Shop","article_modified_time":"2024-02-27T09:52:32+00:00","twitter_card":"summary_large_image","twitter_misc":{"Gesch\u00e4tzte Lesezeit":"5\u00a0Minuten"},"schema":{"@context":"https:\/\/schema.org","@graph":[{"@type":"WebPage","@id":"https:\/\/sacre-shop.ch\/de\/kontakt\/","url":"https:\/\/sacre-shop.ch\/de\/kontakt\/","name":"Kontakt - Sacr\u00e9 Shop","isPartOf":{"@id":"https:\/\/sacre-shop.ch\/de\/#website"},"datePublished":"2020-11-16T18:23:12+00:00","dateModified":"2024-02-27T09:52:32+00:00","breadcrumb":{"@id":"https:\/\/sacre-shop.ch\/de\/kontakt\/#breadcrumb"},"inLanguage":"de","potentialAction":[{"@type":"ReadAction","target":["https:\/\/sacre-shop.ch\/de\/kontakt\/"]}]},{"@type":"BreadcrumbList","@id":"https:\/\/sacre-shop.ch\/de\/kontakt\/#breadcrumb","itemListElement":[{"@type":"ListItem","position":1,"name":"Startseite","item":"https:\/\/sacre-shop.ch\/de\/"},{"@type":"ListItem","position":2,"name":"Kontakt"}]},{"@type":"WebSite","@id":"https:\/\/sacre-shop.ch\/de\/#website","url":"https:\/\/sacre-shop.ch\/de\/","name":"Sacr\u00e9 Shop","description":"Schutzwerkzeuge f\u00fcr Ihr Wohlbefinden","potentialAction":[{"@type":"SearchAction","target":{"@type":"EntryPoint","urlTemplate":"https:\/\/sacre-shop.ch\/de\/?s={search_term_string}"},"query-input":{"@type":"PropertyValueSpecification","valueRequired":true,"valueName":"search_term_string"}}],"inLanguage":"de"}]}},"jetpack_sharing_enabled":true,"_links":{"self":[{"href":"https:\/\/sacre-shop.ch\/de\/wp-json\/wp\/v2\/pages\/26137","targetHints":{"allow":["GET"]}}],"collection":[{"href":"https:\/\/sacre-shop.ch\/de\/wp-json\/wp\/v2\/pages"}],"about":[{"href":"https:\/\/sacre-shop.ch\/de\/wp-json\/wp\/v2\/types\/page"}],"author":[{"embeddable":true,"href":"https:\/\/sacre-shop.ch\/de\/wp-json\/wp\/v2\/users\/1"}],"replies":[{"embeddable":true,"href":"https:\/\/sacre-shop.ch\/de\/wp-json\/wp\/v2\/comments?post=26137"}],"version-history":[{"count":0,"href":"https:\/\/sacre-shop.ch\/de\/wp-json\/wp\/v2\/pages\/26137\/revisions"}],"wp:attachment":[{"href":"https:\/\/sacre-shop.ch\/de\/wp-json\/wp\/v2\/media?parent=26137"}],"curies":[{"name":"wp","href":"https:\/\/api.w.org\/{rel}","templated":true}]}}