{"id":26091,"date":"2020-11-16T18:35:40","date_gmt":"2020-11-16T17:35:40","guid":{"rendered":"https:\/\/sacre-shop.ch\/allgemeine-geschaeftsbedingungen\/"},"modified":"2024-02-27T11:33:28","modified_gmt":"2024-02-27T10:33:28","slug":"allgemeine-geschaeftsbedingungen","status":"publish","type":"page","link":"https:\/\/sacre-shop.ch\/de\/allgemeine-geschaeftsbedingungen\/","title":{"rendered":"Allgemeine Gesch\u00e4ftsbedingungen"},"content":{"rendered":"<p>[et_pb_section fb_built=&#8220;1&#8243; _builder_version=&#8220;4.7.1&#8243; _module_preset=&#8220;default&#8220;][et_pb_row _builder_version=&#8220;4.7.1&#8243; _module_preset=&#8220;default&#8220; hover_enabled=&#8220;0&#8243; sticky_enabled=&#8220;0&#8243; custom_padding=&#8220;2px|||||&#8220;][et_pb_column _builder_version=&#8220;4.7.1&#8243; _module_preset=&#8220;default&#8220; type=&#8220;4_4&#8243;][et_pb_text _builder_version=&#8220;4.7.1&#8243; _module_preset=&#8220;default&#8220; hover_enabled=&#8220;0&#8243; sticky_enabled=&#8220;0&#8243;]<\/p>\n<h1>ALLGEMEINE GESCH\u00c4FTSBEDINGUNGEN<\/h1>\n<p>[\/et_pb_text][et_pb_text _builder_version=&#8220;4.7.1&#8243; _module_preset=&#8220;default&#8220; hover_enabled=&#8220;0&#8243; sticky_enabled=&#8220;0&#8243;]<\/p>\n<h4><strong>ALLGEMEINES<\/strong><\/h4>\n<p>Die vorliegenden Allgemeinen Gesch\u00e4ftsbedingungen regeln den Verkauf durch Sacr\u00e9-Shop, auf ihrer Internetseite www.sacre-shop.ch. Diese Bedingungen gelten unter Ausschluss aller anderen Bedingungen.<\/p>\n<h4><strong>1 &#8211; PREISE<\/strong><\/h4>\n<p>Die Preise der Artikel sind in Schweizer Franken (CHF) ohne Steuern (HT) angegeben. Bis auf Weiteres wird keine Mehrwertsteuer berechnet.<\/p>\n<p>Bei einer Bestellung in ein anderes Land als die Schweiz ist der K\u00e4ufer der Importeur des\/der betreffenden Artikels\/Artikel. Es k\u00f6nnen Zollgeb\u00fchren, Einfuhrz\u00f6lle, staatliche oder andere lokale Steuern anfallen. Diese Rechte und Summen liegen nicht im Einflussbereich von Sacr\u00e9-Shop. Sie gehen zu Lasten des K\u00e4ufers und liegen in seiner alleinigen Verantwortung, sowohl was die Erkl\u00e4rungen als auch die Zahlungen an die zust\u00e4ndigen Beh\u00f6rden und Einrichtungen seines Landes betrifft. Es wird dem K\u00e4ufer empfohlen, sich bei den \u00f6rtlichen Beh\u00f6rden \u00fcber diese Fragen zu informieren.<\/p>\n<p>Alle Bestellungen, werden in Schweizer Franken (CHF) in Rechnung gestellt und sind zahlbar.<\/p>\n<p>Die Artikel werden auf der Grundlage der Preise berechnet, die zum Zeitpunkt der Registrierung der Bestellungen gelten.<\/p>\n<p>Die Artikel bleiben bis zur vollst\u00e4ndigen Bezahlung des Preises Eigentum von Sacr\u00e9-Shop.<\/p>\n<h4><strong>2 &#8211; BESTELLUNG<\/strong><\/h4>\n<p>Bestellungen werden \u00fcber die Website <a href=\"http:\/\/www.sacre-shop.ch\">www.sacre-shop.ch<\/a> get\u00e4tigt.<\/p>\n<p>Das Absenden der Bestellung durch den K\u00e4ufer bedeutet, dass er den vorliegenden Allgemeinen Gesch\u00e4ftsbedingungen in ihrer Gesamtheit zustimmt, unter Ausschluss aller anderen Begriffe oder Bedingungen.<\/p>\n<p>Jede Person, die auf der Website eine Bestellung t\u00e4tigt, erkl\u00e4rt, dass sie 18 Jahre alt ist und gesch\u00e4ftsf\u00e4hig ist oder, falls dies nicht der Fall ist, eine elterliche Genehmigung besitzt, die es ihr erlaubt, einen Vertrag abzuschlie\u00dfen.<\/p>\n<p>Sacr\u00e9-Shop beh\u00e4lt sich das Recht vor, die Bestellung eines K\u00e4ufers abzulehnen.<\/p>\n<h4><strong>3 &#8211; VALIDIERUNG<\/strong><\/h4>\n<p>Eine Best\u00e4tigung wird dem K\u00e4ufer per E-Mail zugesandt. Der Versand erfolgt nach Eingang der Zahlung der Rechnung.<\/p>\n<h4><strong>4 &#8211; VERF\u00dcGBARKEIT VON ARTIKELN<\/strong><\/h4>\n<p>Wenn ein Artikel nicht mehr verf\u00fcgbar ist oder bei seinen Lieferanten nicht mehr auf Lager ist, informiert Sacr\u00e9-Shop den K\u00e4ufer umgehend unter Angabe der ungef\u00e4hren Wartezeit.<br \/> <strong><br \/> <\/strong>Wenn bei einer Bestellung nur ein Teil der Artikel verf\u00fcgbar ist, wird die gesamte Bestellung zur\u00fcckgestellt (um zus\u00e4tzliche Versandkosten zu vermeiden). Wenn der K\u00e4ufer dennoch die bereits auf Lager befindlichen Artikel erhalten m\u00f6chte, ohne auf die Gesamtheit seiner Bestellung zu warten, wird er gebeten, den Kundenservice zu kontaktieren, um eine Vereinbarung zu treffen (die zus\u00e4tzlichen Versandkosten f\u00fcr die <sup>zweite<\/sup> Lieferung werden dann vom K\u00e4ufer getragen).<\/p>\n<h4><strong>5 &#8211; BEZAHLUNG<\/strong><\/h4>\n<p>Die Bezahlung der Eink\u00e4ufe erfolgt per Kreditkarte, Paypal, Stripe oder Vorauszahlung per Bank\u00fcberweisung.<\/p>\n<p>Wenn der K\u00e4ufer die Vorauszahlungsoption w\u00e4hlt, wird die Ware 5 Tage lang reserviert. Er hat also diese Frist, um seine Zahlung auf das Bankkonto von Sacr\u00e9-Shop zu leisten. Andernfalls ist die Ware wieder frei buchbar.<\/p>\n<h4><strong>6 &#8211; LIEFERBEDINGUNGEN, LIEFERZEIT UND VERSANDKOSTEN<\/strong><\/h4>\n<p>Die Versandkosten umfassen die Kosten f\u00fcr die Verpackung, die Bearbeitungsgeb\u00fchren und die Portokosten.<\/p>\n<p>Die in der Bestellbest\u00e4tigung angegebenen Versandkosten sind die in Rechnung gestellten Kosten. Sacr\u00e9-Shop garantiert eine angemessene Verpackung f\u00fcr den Postversand. Er \u00fcbernimmt keine Verantwortung f\u00fcr eventuelle Sch\u00e4den, die w\u00e4hrend des Posttransports entstehen. Wenn die Verpackung besch\u00e4digt beim K\u00e4ufer ankommt, muss die Reklamation direkt bei der Post eingereicht werden.<\/p>\n<p>Ein Artikel, der nicht auf Lager ist, wird verschickt, sobald er bei Sacr\u00e9-Shop eingegangen ist. In diesem Fall wird dem K\u00e4ufer eine E-Mail mit dem ungef\u00e4hren Lieferdatum (das je nach Artikel variieren kann) zugesandt.<\/p>\n<p>Die bestellten Artikel werden von der Schweizer Post als &#8222;Priority&#8220; oder &#8222;Economy&#8220; versandt. Die Art der Versendung (Brief oder Paket liegt ebenfalls im Ermessen von Sacr\u00e9-Shop).<\/p>\n<p>Pakete\/Briefe werden an die genaue Adresse gesendet, die am Ende des Bestellvorgangs angegeben und best\u00e4tigt wurde. Sacr\u00e9-Shop ist nicht verantwortlich f\u00fcr Fehler in den Adressangaben. Im Falle einer R\u00fccksendung des Pakets aufgrund eines Fehlers, einer unvollst\u00e4ndigen Adresse oder weil der K\u00e4ufer das Paket nicht erhalten hat, werden die Kosten f\u00fcr die R\u00fccksendung des Pakets sowie alle damit verbundenen Kosten erneut in Rechnung gestellt.<\/p>\n<p>Die Lieferung gilt als erfolgt, sobald der Artikel dem Spediteur zur Verf\u00fcgung gestellt wurde, der die Aufgabe hat, ihn an den K\u00e4ufer zu liefern.<\/p>\n<h4><strong>7 &#8211; KONFORMIT\u00c4T DER ARTIKEL UND UMTAUSCH<\/strong><\/h4>\n<p>Sacr\u00e9-Shop garantiert die Qualit\u00e4t und die Kontrolle des Artikels beim Verlassen des Shops nach den Standards der Verbreiter\/Lieferanten.<\/p>\n<p>Sacr\u00e9-Shop verpflichtet sich, einen scheinbar fehlerhaften, besch\u00e4digten oder besch\u00e4digten Artikel oder einen Artikel, der nicht der Bestellung entspricht, umzutauschen.<\/p>\n<p>Sacr\u00e9-Shop dankt dem K\u00e4ufer daf\u00fcr, dass er dies detailliert per E-Mail mitteilt und die R\u00fcckgabemodalit\u00e4ten zur Kenntnis nimmt. Der Artikel muss zusammen mit dem Lieferschein oder der Auftragsbest\u00e4tigung zur\u00fcckgeschickt werden. Das Ersatzelement wird nach Eingang der R\u00fccksendung versandt.<\/p>\n<p>Die Versandkosten im Falle einer R\u00fccksendung gehen zu Lasten des K\u00e4ufers.<\/p>\n<p>Die Bestimmungen dieses Artikels hindern den K\u00e4ufer nicht daran, das in Artikel 8 vorgesehene Recht auf Widerruf (zufrieden oder Geld zur\u00fcck) in Anspruch zu nehmen.<\/p>\n<h4><strong>8 &#8211; ZUFRIEDEN ODER GELD ZUR\u00dcCK<\/strong><\/h4>\n<p>Der K\u00e4ufer kann den Artikel, der ihm nicht gef\u00e4llt, innerhalb von 10 Tagen nach Erhalt zur\u00fcckgeben.<\/p>\n<p>Die Kosten f\u00fcr die R\u00fccksendung gehen dann zu Lasten des K\u00e4ufers.<\/p>\n<p>R\u00fccksendungen sind zu richten an :<\/p>\n<ul>\n<li>Sacr\u00e9-Shop<\/li>\n<li>Route de la Croix Blanche 9<\/li>\n<li>CH-1407 Donneloye<\/li>\n<\/ul>\n<p>R\u00fccksendungen m\u00fcssen in der Originalverpackung, vollst\u00e4ndig und in gutem Zustand erfolgen. Bitte benachrichtigen Sie Sacr\u00e9-Shop per E-Mail. Dem Artikel muss der Lieferschein oder die Auftragsbest\u00e4tigung beigef\u00fcgt sein.<\/p>\n<p>Artikel, die unvollst\u00e4ndig, besch\u00e4digt oder vom K\u00e4ufer beschmutzt zur\u00fcckgeschickt werden, werden nicht zur\u00fcckgenommen.<\/p>\n<p>Nur der Wert der Ware wird erstattet. Die Versandkosten im Falle einer R\u00fccksendung gehen zu Lasten des K\u00e4ufers.<\/p>\n<h4><strong>9 &#8211; R\u00dcCKERSTATTUNG<\/strong><\/h4>\n<p>Die R\u00fcckerstattung der Artikel, die sich aus dem vorherigen Punkt ergeben, erfolgt innerhalb von 30 Tagen oder weniger nach Eingang der Ware bei uns.<\/p>\n<p>Die R\u00fcckerstattung erfolgt durch Sacr\u00e9-Shop auf das Bankkonto des K\u00e4ufers, an die Rechnungsadresse.<\/p>\n<h4><strong>10 &#8211; KUNDENSERVICE<\/strong><\/h4>\n<p>F\u00fcr Informationen oder Fragen nutzen Sie bitte das Kontaktformular auf unserer Website.<\/p>\n<h4><strong>11 &#8211; GEISTIGES EIGENTUM UND ANDERE  <\/strong><strong><br \/> <\/strong><\/h4>\n<p>Sacr\u00e9-Shop ist Eigent\u00fcmer und Betreiber des Portals www.sacr\u00e9-shop.ch. Alle Texte, Kommentare, Werke, Illustrationen und Bilder und andere darin enthaltene Elemente sind urheberrechtlich sowie im Rahmen des geistigen Eigentums und f\u00fcr die ganze Welt vorbehalten. Aus dem Betrachten, Herunterladen oder Kopieren von Seiten dieser Website ergeben sich keine Rechte (Nutzungsrechte, geistiges Eigentum usw.). Das vollst\u00e4ndige oder teilweise Reproduzieren, \u00dcbermitteln (elektronisch oder mit anderen Mitteln), Modifizieren, Benutzen des Portals oder das Hinzuf\u00fcgen von Links auf oder zu dem Portal f\u00fcr \u00f6ffentliche oder kommerzielle Zwecke ist strengstens untersagt.<\/p>\n<h4><strong>12 &#8211; VERANTWORTUNG<\/strong><\/h4>\n<p>Die Gesellschaft Sacr\u00e9-Shop kann nicht haftbar gemacht werden, wenn die Gesetzgebung des Landes, in das die Artikel geliefert werden, nicht eingehalten wird. Es obliegt dem K\u00e4ufer, bei den \u00f6rtlichen Beh\u00f6rden die Einfuhr- oder Nutzungsm\u00f6glichkeiten der Artikel oder Dienstleistungen, die er zu bestellen beabsichtigt, zu \u00fcberpr\u00fcfen.<\/p>\n<p>Die Fotos werden zu Illustrationszwecken mitgeteilt. Sacr\u00e9-Shop fordert den K\u00e4ufer auf, die Beschreibung jedes Artikels zu lesen, um die genauen Eigenschaften zu erfahren.<\/p>\n<p>Sacr\u00e9-Shop ist nur f\u00fcr den Inhalt der Seiten verantwortlich, die sie \u00fcber ihre Website www.sacre-shop.ch herausgibt.<\/p>\n<p>Im Falle eines offensichtlichen Fehlers zwischen den Eigenschaften des Artikels und seiner Darstellung und\/oder den Verkaufsbedingungen kann Sacr\u00e9-Shop nicht haftbar gemacht werden.<\/p>\n<p>Die angebotenen Artikel entsprechen der geltenden schweizerischen Gesetzgebung. Sacr\u00e9-Shop \u00fcbernimmt keine Verantwortung f\u00fcr den m\u00f6glichen Missbrauch von Artikeln sowie f\u00fcr die Fehlinterpretation von Texten oder Behauptungen der Autoren.<\/p>\n<h4><strong>13 &#8211; ANWENDBARES RECHT &#8211; STREITIGKEITEN<\/strong><\/h4>\n<p>Dieser Vertrag unterliegt dem Schweizer Recht.<\/p>\n<p>Die Sprache des vorliegenden Vertrags ist die franz\u00f6sische Sprache.<\/p>\n<p>Im Falle eines Rechtsstreits sind ausschlie\u00dflich die Schweizer Gerichte zust\u00e4ndig.<\/p>\n<h4><strong>14 &#8211; PERS\u00d6NLICHE INFORMATIONEN UND DATENSCHUTZ<\/strong><\/h4>\n<p>Die Informationen und Daten \u00fcber den K\u00e4ufer sind f\u00fcr die Abwicklung der Bestellung und die Gesch\u00e4ftsbeziehungen notwendig. Gem\u00e4\u00df dem Gesetz hat der K\u00e4ufer ein Recht auf Zugang und Berichtigung der ihn betreffenden pers\u00f6nlichen Daten. Sie m\u00fcssen nur die Daten im Konto des K\u00e4ufers \u00e4ndern.<\/p>\n<p>Sacr\u00e9-Shop garantiert die Vertraulichkeit der bei der Bestellung genannten Informationen. Sie dienen dazu, die Bestellung bestm\u00f6glich zu bearbeiten. Diese Informationen d\u00fcrfen nicht an Dritte weitergegeben oder verkauft werden. Sacr\u00e9-Shop lehnt jedoch trotz aller Vorsichtsma\u00dfnahmen zur Vermeidung dieses Problems jede Haftung f\u00fcr Hackerangriffe ab. Sacr\u00e9-Shop beh\u00e4lt sich das Recht vor, informative Werbung \u00fcber den Shop zu versenden.<\/p>\n<p>Version vom 01.05.2018<\/p>\n<p>[\/et_pb_text][\/et_pb_column][\/et_pb_row][\/et_pb_section]<\/p>\n","protected":false},"excerpt":{"rendered":"<p>ALLGEMEINE GESCH\u00c4FTSBEDINGUNGEN ALLGEMEINES Die vorliegenden Allgemeinen Gesch\u00e4ftsbedingungen regeln den Verkauf durch Sacr\u00e9-Shop, auf ihrer Internetseite www.sacre-shop.ch. Diese Bedingungen gelten unter Ausschluss aller anderen Bedingungen. 1 &#8211; PREISE Die Preise der Artikel sind in Schweizer Franken (CHF) ohne Steuern (HT) angegeben. Bis auf Weiteres wird keine Mehrwertsteuer berechnet. Bei einer Bestellung in ein anderes Land als [&hellip;]<\/p>\n","protected":false},"author":1,"featured_media":0,"parent":0,"menu_order":0,"comment_status":"closed","ping_status":"closed","template":"","meta":{"_et_pb_use_builder":"on","_et_pb_old_content":"","_et_gb_content_width":"","footnotes":""},"class_list":["post-26091","page","type-page","status-publish","hentry"],"yoast_head":"<!-- This site is optimized with the Yoast SEO plugin v27.4 - https:\/\/yoast.com\/product\/yoast-seo-wordpress\/ -->\n<title>Allgemeine Gesch\u00e4ftsbedingungen - Sacr\u00e9 Shop<\/title>\n<meta name=\"robots\" content=\"index, follow, max-snippet:-1, max-image-preview:large, max-video-preview:-1\" \/>\n<link rel=\"canonical\" href=\"https:\/\/sacre-shop.ch\/de\/allgemeine-geschaeftsbedingungen\/\" \/>\n<meta property=\"og:locale\" content=\"de_DE\" \/>\n<meta property=\"og:type\" content=\"article\" \/>\n<meta property=\"og:title\" content=\"Allgemeine Gesch\u00e4ftsbedingungen - Sacr\u00e9 Shop\" \/>\n<meta property=\"og:description\" content=\"ALLGEMEINE GESCH\u00c4FTSBEDINGUNGEN ALLGEMEINES Die vorliegenden Allgemeinen Gesch\u00e4ftsbedingungen regeln den Verkauf durch Sacr\u00e9-Shop, auf ihrer Internetseite www.sacre-shop.ch. Diese Bedingungen gelten unter Ausschluss aller anderen Bedingungen. 1 - PREISE Die Preise der Artikel sind in Schweizer Franken (CHF) ohne Steuern (HT) angegeben. Bis auf Weiteres wird keine Mehrwertsteuer berechnet. Bei einer Bestellung in ein anderes Land als [&hellip;]\" \/>\n<meta property=\"og:url\" content=\"https:\/\/sacre-shop.ch\/de\/allgemeine-geschaeftsbedingungen\/\" \/>\n<meta property=\"og:site_name\" content=\"Sacr\u00e9 Shop\" \/>\n<meta property=\"article:modified_time\" content=\"2024-02-27T10:33:28+00:00\" \/>\n<meta name=\"twitter:card\" content=\"summary_large_image\" \/>\n<meta name=\"twitter:label1\" content=\"Gesch\u00e4tzte Lesezeit\" \/>\n\t<meta name=\"twitter:data1\" content=\"8\u00a0Minuten\" \/>\n<script type=\"application\/ld+json\" class=\"yoast-schema-graph\">{\"@context\":\"https:\\\/\\\/schema.org\",\"@graph\":[{\"@type\":\"WebPage\",\"@id\":\"https:\\\/\\\/sacre-shop.ch\\\/de\\\/allgemeine-geschaeftsbedingungen\\\/\",\"url\":\"https:\\\/\\\/sacre-shop.ch\\\/de\\\/allgemeine-geschaeftsbedingungen\\\/\",\"name\":\"Allgemeine Gesch\u00e4ftsbedingungen - Sacr\u00e9 Shop\",\"isPartOf\":{\"@id\":\"https:\\\/\\\/sacre-shop.ch\\\/de\\\/#website\"},\"datePublished\":\"2020-11-16T17:35:40+00:00\",\"dateModified\":\"2024-02-27T10:33:28+00:00\",\"breadcrumb\":{\"@id\":\"https:\\\/\\\/sacre-shop.ch\\\/de\\\/allgemeine-geschaeftsbedingungen\\\/#breadcrumb\"},\"inLanguage\":\"de\",\"potentialAction\":[{\"@type\":\"ReadAction\",\"target\":[\"https:\\\/\\\/sacre-shop.ch\\\/de\\\/allgemeine-geschaeftsbedingungen\\\/\"]}]},{\"@type\":\"BreadcrumbList\",\"@id\":\"https:\\\/\\\/sacre-shop.ch\\\/de\\\/allgemeine-geschaeftsbedingungen\\\/#breadcrumb\",\"itemListElement\":[{\"@type\":\"ListItem\",\"position\":1,\"name\":\"Startseite\",\"item\":\"https:\\\/\\\/sacre-shop.ch\\\/de\\\/\"},{\"@type\":\"ListItem\",\"position\":2,\"name\":\"Allgemeine Gesch\u00e4ftsbedingungen\"}]},{\"@type\":\"WebSite\",\"@id\":\"https:\\\/\\\/sacre-shop.ch\\\/de\\\/#website\",\"url\":\"https:\\\/\\\/sacre-shop.ch\\\/de\\\/\",\"name\":\"Sacr\u00e9 Shop\",\"description\":\"Schutzwerkzeuge f\u00fcr Ihr Wohlbefinden\",\"potentialAction\":[{\"@type\":\"SearchAction\",\"target\":{\"@type\":\"EntryPoint\",\"urlTemplate\":\"https:\\\/\\\/sacre-shop.ch\\\/de\\\/?s={search_term_string}\"},\"query-input\":{\"@type\":\"PropertyValueSpecification\",\"valueRequired\":true,\"valueName\":\"search_term_string\"}}],\"inLanguage\":\"de\"}]}<\/script>\n<!-- \/ Yoast SEO plugin. -->","yoast_head_json":{"title":"Allgemeine Gesch\u00e4ftsbedingungen - Sacr\u00e9 Shop","robots":{"index":"index","follow":"follow","max-snippet":"max-snippet:-1","max-image-preview":"max-image-preview:large","max-video-preview":"max-video-preview:-1"},"canonical":"https:\/\/sacre-shop.ch\/de\/allgemeine-geschaeftsbedingungen\/","og_locale":"de_DE","og_type":"article","og_title":"Allgemeine Gesch\u00e4ftsbedingungen - Sacr\u00e9 Shop","og_description":"ALLGEMEINE GESCH\u00c4FTSBEDINGUNGEN ALLGEMEINES Die vorliegenden Allgemeinen Gesch\u00e4ftsbedingungen regeln den Verkauf durch Sacr\u00e9-Shop, auf ihrer Internetseite www.sacre-shop.ch. Diese Bedingungen gelten unter Ausschluss aller anderen Bedingungen. 1 - PREISE Die Preise der Artikel sind in Schweizer Franken (CHF) ohne Steuern (HT) angegeben. Bis auf Weiteres wird keine Mehrwertsteuer berechnet. Bei einer Bestellung in ein anderes Land als [&hellip;]","og_url":"https:\/\/sacre-shop.ch\/de\/allgemeine-geschaeftsbedingungen\/","og_site_name":"Sacr\u00e9 Shop","article_modified_time":"2024-02-27T10:33:28+00:00","twitter_card":"summary_large_image","twitter_misc":{"Gesch\u00e4tzte Lesezeit":"8\u00a0Minuten"},"schema":{"@context":"https:\/\/schema.org","@graph":[{"@type":"WebPage","@id":"https:\/\/sacre-shop.ch\/de\/allgemeine-geschaeftsbedingungen\/","url":"https:\/\/sacre-shop.ch\/de\/allgemeine-geschaeftsbedingungen\/","name":"Allgemeine Gesch\u00e4ftsbedingungen - Sacr\u00e9 Shop","isPartOf":{"@id":"https:\/\/sacre-shop.ch\/de\/#website"},"datePublished":"2020-11-16T17:35:40+00:00","dateModified":"2024-02-27T10:33:28+00:00","breadcrumb":{"@id":"https:\/\/sacre-shop.ch\/de\/allgemeine-geschaeftsbedingungen\/#breadcrumb"},"inLanguage":"de","potentialAction":[{"@type":"ReadAction","target":["https:\/\/sacre-shop.ch\/de\/allgemeine-geschaeftsbedingungen\/"]}]},{"@type":"BreadcrumbList","@id":"https:\/\/sacre-shop.ch\/de\/allgemeine-geschaeftsbedingungen\/#breadcrumb","itemListElement":[{"@type":"ListItem","position":1,"name":"Startseite","item":"https:\/\/sacre-shop.ch\/de\/"},{"@type":"ListItem","position":2,"name":"Allgemeine Gesch\u00e4ftsbedingungen"}]},{"@type":"WebSite","@id":"https:\/\/sacre-shop.ch\/de\/#website","url":"https:\/\/sacre-shop.ch\/de\/","name":"Sacr\u00e9 Shop","description":"Schutzwerkzeuge f\u00fcr Ihr Wohlbefinden","potentialAction":[{"@type":"SearchAction","target":{"@type":"EntryPoint","urlTemplate":"https:\/\/sacre-shop.ch\/de\/?s={search_term_string}"},"query-input":{"@type":"PropertyValueSpecification","valueRequired":true,"valueName":"search_term_string"}}],"inLanguage":"de"}]}},"jetpack_sharing_enabled":true,"_links":{"self":[{"href":"https:\/\/sacre-shop.ch\/de\/wp-json\/wp\/v2\/pages\/26091","targetHints":{"allow":["GET"]}}],"collection":[{"href":"https:\/\/sacre-shop.ch\/de\/wp-json\/wp\/v2\/pages"}],"about":[{"href":"https:\/\/sacre-shop.ch\/de\/wp-json\/wp\/v2\/types\/page"}],"author":[{"embeddable":true,"href":"https:\/\/sacre-shop.ch\/de\/wp-json\/wp\/v2\/users\/1"}],"replies":[{"embeddable":true,"href":"https:\/\/sacre-shop.ch\/de\/wp-json\/wp\/v2\/comments?post=26091"}],"version-history":[{"count":0,"href":"https:\/\/sacre-shop.ch\/de\/wp-json\/wp\/v2\/pages\/26091\/revisions"}],"wp:attachment":[{"href":"https:\/\/sacre-shop.ch\/de\/wp-json\/wp\/v2\/media?parent=26091"}],"curies":[{"name":"wp","href":"https:\/\/api.w.org\/{rel}","templated":true}]}}