{"id":26067,"date":"2020-11-16T19:23:53","date_gmt":"2020-11-16T18:23:53","guid":{"rendered":"https:\/\/sacre-shop.ch\/partner\/"},"modified":"2024-02-27T10:52:29","modified_gmt":"2024-02-27T09:52:29","slug":"partner","status":"publish","type":"page","link":"https:\/\/sacre-shop.ch\/de\/partner\/","title":{"rendered":"Partner"},"content":{"rendered":"<p>[et_pb_section fb_built=&#8220;1&#8243; prev_background_color=&#8220;#ffffff&#8220; next_background_color=&#8220;#ffffff&#8220; disabled_on=&#8220;on|off|off&#8220; _builder_version=&#8220;4.7.3&#8243; _module_preset=&#8220;default&#8220; background_image=&#8220;https:\/\/sacre-shop.ch\/wp-content\/uploads\/2020\/11\/montagnes.jpg&#8220; min_height=&#8220;170px&#8220; max_height=&#8220;170px&#8220; top_divider_style=&#8220;mountains2&#8243; top_divider_height=&#8220;40px&#8220; bottom_divider_style=&#8220;graph2&#8243; bottom_divider_height=&#8220;32px&#8220; animation_style=&#8220;slide&#8220; animation_direction=&#8220;top&#8220; hover_enabled=&#8220;0&#8243; sticky_enabled=&#8220;0&#8243; title_text=&#8220;montagnes&#8220;][\/et_pb_section][et_pb_section fb_built=&#8220;1&#8243; _builder_version=&#8220;4.7.1&#8243; _module_preset=&#8220;default&#8220;][et_pb_row _builder_version=&#8220;4.7.1&#8243; _module_preset=&#8220;default&#8220;][et_pb_column type=&#8220;4_4&#8243; _builder_version=&#8220;4.7.1&#8243; _module_preset=&#8220;default&#8220;][et_pb_text _builder_version=&#8220;4.7.1&#8243; _module_preset=&#8220;default&#8220; animation_style=&#8220;fade&#8220;]<\/p>\n<h1 style=\"text-align: center;\">UNSERE PARTNER<\/h1>\n<div id=\"gtx-trans\" style=\"position: absolute; left: -28px; top: -1px;\">\n<div class=\"gtx-trans-icon\"><\/div>\n<\/div>\n<p>[\/et_pb_text][\/et_pb_column][\/et_pb_row][et_pb_row column_structure=&#8220;1_3,1_3,1_3&#8243; _builder_version=&#8220;4.7.1&#8243; _module_preset=&#8220;default&#8220;][et_pb_column type=&#8220;1_3&#8243; _builder_version=&#8220;4.7.1&#8243; _module_preset=&#8220;default&#8220; animation_style=&#8220;slide&#8220; animation_direction=&#8220;left&#8220;][et_pb_image src=&#8220;http:\/\/qxfagrgc.preview.infomaniak.website\/wp-content\/uploads\/2020\/11\/Conscient.png&#8220; title_text=&#8220;Bewusst&#8220; _builder_version=&#8220;4.7.1&#8243; _module_preset=&#8220;default&#8220; background_enable_color=&#8220;off&#8220; max_width=&#8220;250px&#8220; module_alignment=&#8220;center&#8220; custom_margin=&#8220;||50px||false|false&#8220; border_radii=&#8220;on|300px|300px|300px|300px&#8220; box_shadow_style=&#8220;preset5&#8243; box_shadow_horizontal=&#8220;1px&#8220; box_shadow_spread=&#8220;3px&#8220;][\/et_pb_image][et_pb_text _builder_version=&#8220;4.7.1&#8243; _module_preset=&#8220;default&#8220; text_font=&#8220;Open Sans||||||||&#8220; link_font=&#8220;Open Sans|600|||||||&#8220;]<\/p>\n<h1 style=\"text-align: center;\">Bewusst<\/h1>\n<p style=\"text-align: center;\">Geobiologie, Bioenergie, Bilanzen<\/p>\n<p style=\"text-align: center;\"><a href=\"http:\/\/www.conscient.ch\" target=\"_blank\" rel=\"noopener noreferrer\">www.conscient.ch<\/a><\/p>\n<p>[\/et_pb_text][\/et_pb_column][et_pb_column type=&#8220;1_3&#8243; _builder_version=&#8220;4.7.1&#8243; _module_preset=&#8220;default&#8220; animation_style=&#8220;slide&#8220; animation_direction=&#8220;bottom&#8220;][et_pb_image src=&#8220;http:\/\/qxfagrgc.preview.infomaniak.website\/wp-content\/uploads\/2020\/11\/sandra.png&#8220; title_text=&#8220;sandra&#8220; _builder_version=&#8220;4.7.1&#8243; _module_preset=&#8220;default&#8220; max_width=&#8220;250px&#8220; module_alignment=&#8220;center&#8220; custom_margin=&#8220;||50px||false|false&#8220; border_radii=&#8220;on|300px|300px|300px|300px&#8220; box_shadow_style=&#8220;preset5&#8243; box_shadow_horizontal=&#8220;1px&#8220; box_shadow_spread=&#8220;3px&#8220;][\/et_pb_image][et_pb_text _builder_version=&#8220;4.7.1&#8243; _module_preset=&#8220;default&#8220; text_font=&#8220;Open Sans||||||||&#8220; link_font=&#8220;Open Sans|600|||||||&#8220;]<\/p>\n<h1 style=\"text-align: center;\">Wurzel des Lebens<\/h1>\n<p style=\"text-align: center;\">Psychologische Begleitung, Yoga, Frauenpflege, Reflexologie, Aufstellungen<\/p>\n<p style=\"text-align: center;\"><a href=\"http:\/\/www.racinedevie.ch\" target=\"_blank\" rel=\"noopener noreferrer\">www.racinedevie.ch<\/a><\/p>\n<p>[\/et_pb_text][\/et_pb_column][et_pb_column type=&#8220;1_3&#8243; _builder_version=&#8220;4.7.1&#8243; _module_preset=&#8220;default&#8220; animation_style=&#8220;slide&#8220; animation_direction=&#8220;right&#8220;][et_pb_image src=&#8220;http:\/\/qxfagrgc.preview.infomaniak.website\/wp-content\/uploads\/2020\/11\/tellura2.jpg&#8220; title_text=&#8220;tellura2&#8243; _builder_version=&#8220;4.7.1&#8243; _module_preset=&#8220;default&#8220; max_width=&#8220;250px&#8220; module_alignment=&#8220;center&#8220; custom_margin=&#8220;||50px||false|false&#8220; border_radii=&#8220;on|300px|300px|300px|300px&#8220; box_shadow_style=&#8220;preset5&#8243; box_shadow_horizontal=&#8220;1px&#8220; box_shadow_spread=&#8220;3px&#8220;][\/et_pb_image][et_pb_text _builder_version=&#8220;4.7.1&#8243; _module_preset=&#8220;default&#8220; text_font=&#8220;Open Sans||||||||&#8220; link_font=&#8220;Open Sans|600|||||||&#8220;]<\/p>\n<h1 style=\"text-align: center;\">Tellura-Raum<\/h1>\n<p style=\"text-align: center;\">St\u00e9phane Cardinaux und Catherine Anae Martin, Erforscher und Sch\u00f6pfer subtiler Realit\u00e4ten<\/p>\n<p style=\"text-align: center;\"><a href=\"https:\/\/espace-tellura.ch\/\" target=\"_blank\" rel=\"noopener noreferrer\">www.espace-tellura.ch<\/a><\/p>\n<p>[\/et_pb_text][\/et_pb_column][\/et_pb_row][\/et_pb_section][et_pb_section fb_built=&#8220;1&#8243; _builder_version=&#8220;4.7.1&#8243; _module_preset=&#8220;default&#8220;][et_pb_row _builder_version=&#8220;4.7.3&#8243; _module_preset=&#8220;default&#8220; background_image=&#8220;https:\/\/sacre-shop.ch\/wp-content\/uploads\/2018\/01\/shell-1972980_1920.jpg&#8220; min_height=&#8220;200px&#8220; animation_direction=&#8220;bottom&#8220; hover_enabled=&#8220;0&#8243; sticky_enabled=&#8220;0&#8243; title_text=&#8220;shell-1972980_1920&#8243; background_enable_color=&#8220;off&#8220;][et_pb_column type=&#8220;4_4&#8243; _builder_version=&#8220;4.7.1&#8243; _module_preset=&#8220;default&#8220;][\/et_pb_column][\/et_pb_row][\/et_pb_section]<\/p>\n","protected":false},"excerpt":{"rendered":"<p>UNSERE PARTNER Bewusst Geobiologie, Bioenergie, Bilanzen www.conscient.chWurzel des Lebens Psychologische Begleitung, Yoga, Frauenpflege, Reflexologie, Aufstellungen www.racinedevie.chTellura-Raum St\u00e9phane Cardinaux und Catherine Anae Martin, Erforscher und Sch\u00f6pfer subtiler Realit\u00e4ten www.espace-tellura.ch<\/p>\n","protected":false},"author":1,"featured_media":0,"parent":0,"menu_order":0,"comment_status":"closed","ping_status":"closed","template":"","meta":{"_et_pb_use_builder":"on","_et_pb_old_content":"","_et_gb_content_width":"","footnotes":""},"class_list":["post-26067","page","type-page","status-publish","hentry"],"yoast_head":"<!-- This site is optimized with the Yoast SEO plugin v27.4 - https:\/\/yoast.com\/product\/yoast-seo-wordpress\/ -->\n<title>Partner - Sacr\u00e9 Shop<\/title>\n<meta name=\"robots\" content=\"index, follow, max-snippet:-1, max-image-preview:large, max-video-preview:-1\" \/>\n<link rel=\"canonical\" href=\"https:\/\/sacre-shop.ch\/de\/partner\/\" \/>\n<meta property=\"og:locale\" content=\"de_DE\" \/>\n<meta property=\"og:type\" content=\"article\" \/>\n<meta property=\"og:title\" content=\"Partner - Sacr\u00e9 Shop\" \/>\n<meta property=\"og:description\" content=\"UNSERE PARTNER Bewusst Geobiologie, Bioenergie, Bilanzen www.conscient.chWurzel des Lebens Psychologische Begleitung, Yoga, Frauenpflege, Reflexologie, Aufstellungen www.racinedevie.chTellura-Raum St\u00e9phane Cardinaux und Catherine Anae Martin, Erforscher und Sch\u00f6pfer subtiler Realit\u00e4ten www.espace-tellura.ch\" \/>\n<meta property=\"og:url\" content=\"https:\/\/sacre-shop.ch\/de\/partner\/\" \/>\n<meta property=\"og:site_name\" content=\"Sacr\u00e9 Shop\" \/>\n<meta property=\"article:modified_time\" content=\"2024-02-27T09:52:29+00:00\" \/>\n<meta name=\"twitter:card\" content=\"summary_large_image\" \/>\n<meta name=\"twitter:label1\" content=\"Gesch\u00e4tzte Lesezeit\" \/>\n\t<meta name=\"twitter:data1\" content=\"3\u00a0Minuten\" \/>\n<script type=\"application\/ld+json\" class=\"yoast-schema-graph\">{\"@context\":\"https:\\\/\\\/schema.org\",\"@graph\":[{\"@type\":\"WebPage\",\"@id\":\"https:\\\/\\\/sacre-shop.ch\\\/de\\\/partner\\\/\",\"url\":\"https:\\\/\\\/sacre-shop.ch\\\/de\\\/partner\\\/\",\"name\":\"Partner - Sacr\u00e9 Shop\",\"isPartOf\":{\"@id\":\"https:\\\/\\\/sacre-shop.ch\\\/de\\\/#website\"},\"datePublished\":\"2020-11-16T18:23:53+00:00\",\"dateModified\":\"2024-02-27T09:52:29+00:00\",\"breadcrumb\":{\"@id\":\"https:\\\/\\\/sacre-shop.ch\\\/de\\\/partner\\\/#breadcrumb\"},\"inLanguage\":\"de\",\"potentialAction\":[{\"@type\":\"ReadAction\",\"target\":[\"https:\\\/\\\/sacre-shop.ch\\\/de\\\/partner\\\/\"]}]},{\"@type\":\"BreadcrumbList\",\"@id\":\"https:\\\/\\\/sacre-shop.ch\\\/de\\\/partner\\\/#breadcrumb\",\"itemListElement\":[{\"@type\":\"ListItem\",\"position\":1,\"name\":\"Startseite\",\"item\":\"https:\\\/\\\/sacre-shop.ch\\\/de\\\/\"},{\"@type\":\"ListItem\",\"position\":2,\"name\":\"Partner\"}]},{\"@type\":\"WebSite\",\"@id\":\"https:\\\/\\\/sacre-shop.ch\\\/de\\\/#website\",\"url\":\"https:\\\/\\\/sacre-shop.ch\\\/de\\\/\",\"name\":\"Sacr\u00e9 Shop\",\"description\":\"Schutzwerkzeuge f\u00fcr Ihr Wohlbefinden\",\"potentialAction\":[{\"@type\":\"SearchAction\",\"target\":{\"@type\":\"EntryPoint\",\"urlTemplate\":\"https:\\\/\\\/sacre-shop.ch\\\/de\\\/?s={search_term_string}\"},\"query-input\":{\"@type\":\"PropertyValueSpecification\",\"valueRequired\":true,\"valueName\":\"search_term_string\"}}],\"inLanguage\":\"de\"}]}<\/script>\n<!-- \/ Yoast SEO plugin. -->","yoast_head_json":{"title":"Partner - Sacr\u00e9 Shop","robots":{"index":"index","follow":"follow","max-snippet":"max-snippet:-1","max-image-preview":"max-image-preview:large","max-video-preview":"max-video-preview:-1"},"canonical":"https:\/\/sacre-shop.ch\/de\/partner\/","og_locale":"de_DE","og_type":"article","og_title":"Partner - Sacr\u00e9 Shop","og_description":"UNSERE PARTNER Bewusst Geobiologie, Bioenergie, Bilanzen www.conscient.chWurzel des Lebens Psychologische Begleitung, Yoga, Frauenpflege, Reflexologie, Aufstellungen www.racinedevie.chTellura-Raum St\u00e9phane Cardinaux und Catherine Anae Martin, Erforscher und Sch\u00f6pfer subtiler Realit\u00e4ten www.espace-tellura.ch","og_url":"https:\/\/sacre-shop.ch\/de\/partner\/","og_site_name":"Sacr\u00e9 Shop","article_modified_time":"2024-02-27T09:52:29+00:00","twitter_card":"summary_large_image","twitter_misc":{"Gesch\u00e4tzte Lesezeit":"3\u00a0Minuten"},"schema":{"@context":"https:\/\/schema.org","@graph":[{"@type":"WebPage","@id":"https:\/\/sacre-shop.ch\/de\/partner\/","url":"https:\/\/sacre-shop.ch\/de\/partner\/","name":"Partner - Sacr\u00e9 Shop","isPartOf":{"@id":"https:\/\/sacre-shop.ch\/de\/#website"},"datePublished":"2020-11-16T18:23:53+00:00","dateModified":"2024-02-27T09:52:29+00:00","breadcrumb":{"@id":"https:\/\/sacre-shop.ch\/de\/partner\/#breadcrumb"},"inLanguage":"de","potentialAction":[{"@type":"ReadAction","target":["https:\/\/sacre-shop.ch\/de\/partner\/"]}]},{"@type":"BreadcrumbList","@id":"https:\/\/sacre-shop.ch\/de\/partner\/#breadcrumb","itemListElement":[{"@type":"ListItem","position":1,"name":"Startseite","item":"https:\/\/sacre-shop.ch\/de\/"},{"@type":"ListItem","position":2,"name":"Partner"}]},{"@type":"WebSite","@id":"https:\/\/sacre-shop.ch\/de\/#website","url":"https:\/\/sacre-shop.ch\/de\/","name":"Sacr\u00e9 Shop","description":"Schutzwerkzeuge f\u00fcr Ihr Wohlbefinden","potentialAction":[{"@type":"SearchAction","target":{"@type":"EntryPoint","urlTemplate":"https:\/\/sacre-shop.ch\/de\/?s={search_term_string}"},"query-input":{"@type":"PropertyValueSpecification","valueRequired":true,"valueName":"search_term_string"}}],"inLanguage":"de"}]}},"jetpack_sharing_enabled":true,"_links":{"self":[{"href":"https:\/\/sacre-shop.ch\/de\/wp-json\/wp\/v2\/pages\/26067","targetHints":{"allow":["GET"]}}],"collection":[{"href":"https:\/\/sacre-shop.ch\/de\/wp-json\/wp\/v2\/pages"}],"about":[{"href":"https:\/\/sacre-shop.ch\/de\/wp-json\/wp\/v2\/types\/page"}],"author":[{"embeddable":true,"href":"https:\/\/sacre-shop.ch\/de\/wp-json\/wp\/v2\/users\/1"}],"replies":[{"embeddable":true,"href":"https:\/\/sacre-shop.ch\/de\/wp-json\/wp\/v2\/comments?post=26067"}],"version-history":[{"count":0,"href":"https:\/\/sacre-shop.ch\/de\/wp-json\/wp\/v2\/pages\/26067\/revisions"}],"wp:attachment":[{"href":"https:\/\/sacre-shop.ch\/de\/wp-json\/wp\/v2\/media?parent=26067"}],"curies":[{"name":"wp","href":"https:\/\/api.w.org\/{rel}","templated":true}]}}