{"id":25904,"date":"2020-11-16T18:25:34","date_gmt":"2020-11-16T17:25:34","guid":{"rendered":"https:\/\/sacre-shop.ch\/shop\/"},"modified":"2026-03-24T11:12:32","modified_gmt":"2026-03-24T10:12:32","slug":"shop","status":"publish","type":"page","link":"https:\/\/sacre-shop.ch\/de\/","title":{"rendered":"Die Boutique"},"content":{"rendered":"<p>[et_pb_section fb_built=&#8220;1&#8243; _builder_version=&#8220;4.27.4&#8243; _module_preset=&#8220;default&#8220; custom_padding=&#8220;||7px|||&#8220; global_colors_info=&#8220;{}&#8220;][et_pb_row _builder_version=&#8220;4.27.4&#8243; _module_preset=&#8220;default&#8220; global_colors_info=&#8220;{}&#8220;][et_pb_column type=&#8220;4_4&#8243; _builder_version=&#8220;4.27.4&#8243; _module_preset=&#8220;default&#8220; global_colors_info=&#8220;{}&#8220;][et_pb_image src=&#8220;https:\/\/sacre-shop.ch\/wp-content\/uploads\/2020\/12\/sacre_shop_woocommerce2.png&#8220; alt=&#8220;Fachgesch\u00e4ft f\u00fcr den Schutz vor elektromagnetischen Wellen und geopathogenen Belastungen&#8220; title_text=&#8220;Sacr\u00e9 Shop &#8211; Schutzvorrichtungen f\u00fcr Ihr Wohlbefinden&#8220; align=&#8220;center&#8220; _builder_version=&#8220;4.27.6&#8243; _module_preset=&#8220;default&#8220; width=&#8220;80%&#8220; max_width=&#8220;80%&#8220; global_colors_info=&#8220;{}&#8220;][\/et_pb_image][\/et_pb_column][\/et_pb_row][\/et_pb_section][et_pb_section fb_built=&#8220;1&#8243; _builder_version=&#8220;4.27.4&#8243; _module_preset=&#8220;default&#8220; custom_padding=&#8220;||7px|||&#8220; global_colors_info=&#8220;{}&#8220;][et_pb_row _builder_version=&#8220;4.27.6&#8243; _module_preset=&#8220;default&#8220; width=&#8220;95%&#8220; max_width=&#8220;2560px&#8220; custom_padding=&#8220;||2px|||&#8220; global_colors_info=&#8220;{}&#8220;][et_pb_column type=&#8220;4_4&#8243; _builder_version=&#8220;4.27.4&#8243; _module_preset=&#8220;default&#8220; global_colors_info=&#8220;{}&#8220;][et_pb_text _builder_version=&#8220;4.27.6&#8243; _module_preset=&#8220;default&#8220; global_colors_info=&#8220;{}&#8220;]<\/p>\n<div class=\"et_pb_module et_pb_text et_pb_text_0 et_pb_text_align_left et_pb_bg_layout_light\">\n<div class=\"et_pb_text_inner\">\n<h1 style=\"text-align: center;\">Entdecken Sie unser Angebot an Anti-Wellen-Produkten<\/h1>\n<\/div>\n<\/div>\n<div class=\"et_pb_module et_pb_text et_pb_text_1 et_pb_text_align_left et_pb_bg_layout_light\">\n<div class=\"et_pb_text_inner\" style=\"text-align: center;\"><\/div>\n<\/div>\n<p>[\/et_pb_text][et_pb_shop columns_number=&#8220;6&#8243; orderby=&#8220;date&#8220; _builder_version=&#8220;4.27.6&#8243; _module_preset=&#8220;default&#8220; global_colors_info=&#8220;{}&#8220;][\/et_pb_shop][\/et_pb_column][\/et_pb_row][\/et_pb_section][et_pb_section fb_built=&#8220;1&#8243; _builder_version=&#8220;4.27.6&#8243; _module_preset=&#8220;default&#8220; global_colors_info=&#8220;{}&#8220;][et_pb_row _builder_version=&#8220;4.27.6&#8243; _module_preset=&#8220;default&#8220; global_colors_info=&#8220;{}&#8220;][et_pb_column type=&#8220;4_4&#8243; _builder_version=&#8220;4.27.6&#8243; _module_preset=&#8220;default&#8220; global_colors_info=&#8220;{}&#8220;][et_pb_text _builder_version=&#8220;4.27.6&#8243; _module_preset=&#8220;default&#8220; global_colors_info=&#8220;{}&#8220;]<\/p>\n<div class=\"et_pb_module et_pb_text et_pb_text_0 et_pb_text_align_left et_pb_bg_layout_light\">\n<div class=\"et_pb_text_inner\">\n<h1 style=\"text-align: center;\">L\u00f6sungen gegen elektromagnetische Wellen<\/h1>\n<h1 style=\"text-align: center;\">und geobiologische St\u00f6rungen f\u00fcr Ihr Wohlbefinden<\/h1>\n<\/div>\n<\/div>\n<div class=\"et_pb_module et_pb_text et_pb_text_1 et_pb_text_align_left et_pb_bg_layout_light\">\n<div class=\"et_pb_text_inner\" style=\"text-align: center;\"><\/div>\n<\/div>\n<p>[\/et_pb_text][et_pb_text _builder_version=&#8220;4.27.6&#8243; _module_preset=&#8220;default&#8220; global_colors_info=&#8220;{}&#8220;]<\/p>\n<p data-start=\"174\" data-end=\"614\" style=\"text-align: center;\">Entdecken Sie unseren Shop, der sich auf den <strong data-start=\"219\" data-end=\"269\">Schutz vor elektromagnetischen Wellen<\/strong> spezialisiert hat, mit einer Auswahl an L\u00f6sungen, die entwickelt wurden, um Ihr t\u00e4gliches Wohlbefinden zu verbessern. Angesichts der zunehmenden <strong data-start=\"384\" data-end=\"415\">elektromagnetischen Verschmutzung<\/strong> in unseren Wohnungen (Wifi, Smartphones, elektrische Ger\u00e4te) suchen immer mehr Menschen nach wirksamen Mitteln, um <strong data-start=\"546\" data-end=\"586\">elektromagnetische Wellen zu reduzieren<\/strong> und ihre Exposition zu begrenzen. <\/p>\n<p data-start=\"616\" data-end=\"1017\" style=\"text-align: center;\">Unsere Produkte umfassen <strong data-start=\"642\" data-end=\"666\">Anti-Wellen-Ger\u00e4te<\/strong>, Ger\u00e4te zum <strong data-start=\"692\" data-end=\"745\">Schutz vor Handywellen<\/strong> und L\u00f6sungen zur <strong data-start=\"785\" data-end=\"823\">Reduzierung von WiFi-Wellen in Ihrem Haus<\/strong>. Ob Sie empfindlich auf elektromagnetische Felder reagieren oder einfach nur umweltbewusst sind, hier finden Sie <strong data-start=\"949\" data-end=\"983\">effektive Anti-Wellen-L\u00f6sungen<\/strong>, die einfach im Alltag zu verwenden sind. <\/p>\n<p data-start=\"616\" data-end=\"1017\" style=\"text-align: center;\">Diese Produkte helfen auch, die Auswirkungen von <strong>geopathogenen Belastungen<\/strong> wie <strong>Grundwasser<\/strong>, <strong>Erdverwerfungen<\/strong> und <strong>Erdliniennetzen<\/strong> zu reduzieren.<\/p>\n<p data-start=\"1019\" data-end=\"1363\" style=\"text-align: center;\">Inspiriert von den Prinzipien der <strong data-start=\"1048\" data-end=\"1063\">Geobiologie<\/strong> und der Wiederherstellung des Energiegleichgewichts im Wohnbereich tragen unsere Ger\u00e4te zur Schaffung eines harmonischeren Umfelds bei. Jedes angebotene <strong data-start=\"1190\" data-end=\"1215\">Anti-Wellen-Ger\u00e4t<\/strong> wird aufgrund seiner Qualit\u00e4t und seines ganzheitlichen Ansatzes f\u00fcr das Wohlbefinden ausgew\u00e4hlt, insbesondere f\u00fcr Personen, die von<strong data-start=\"1340\" data-end=\"1362\">Elektrosensibilit\u00e4t<\/strong> betroffen sind. <\/p>\n<p>[\/et_pb_text][\/et_pb_column][\/et_pb_row][\/et_pb_section][et_pb_section fb_built=&#8220;1&#8243; _builder_version=&#8220;4.27.6&#8243; _module_preset=&#8220;default&#8220; custom_padding=&#8220;7px|||||&#8220; global_colors_info=&#8220;{}&#8220;][et_pb_row _builder_version=&#8220;4.27.6&#8243; _module_preset=&#8220;default&#8220; global_colors_info=&#8220;{}&#8220;][et_pb_column type=&#8220;4_4&#8243; _builder_version=&#8220;4.27.6&#8243; _module_preset=&#8220;default&#8220; global_colors_info=&#8220;{}&#8220;][et_pb_image src=&#8220;https:\/\/sacre-shop.ch\/wp-content\/uploads\/2026\/03\/logo-paiements-securises-objectif-tendance.jpg&#8220; title_text=&#8220;logo-sichere-zahlungen-trend-ziel&#8220; align=&#8220;center&#8220; _builder_version=&#8220;4.27.6&#8243; _module_preset=&#8220;default&#8220; width=&#8220;23%&#8220; global_colors_info=&#8220;{}&#8220;][\/et_pb_image][\/et_pb_column][\/et_pb_row][\/et_pb_section][et_pb_section fb_built=&#8220;1&#8243; prev_background_color=&#8220;#ffffff&#8220; next_background_color=&#8220;#ffffff&#8220; disabled_on=&#8220;off|off|off&#8220; _builder_version=&#8220;4.27.4&#8243; _module_preset=&#8220;default&#8220; background_image=&#8220;https:\/\/sacre-shop.ch\/wp-content\/uploads\/2018\/02\/hermann2.jpg&#8220; min_height=&#8220;356px&#8220; max_height=&#8220;170px&#8220; top_divider_style=&#8220;mountains2&#8243; top_divider_height=&#8220;119px&#8220; bottom_divider_style=&#8220;graph4&#8243; bottom_divider_height=&#8220;109px&#8220; bottom_divider_flip=&#8220;horizontal&#8220; animation_style=&#8220;slide&#8220; animation_direction=&#8220;top&#8220; global_colors_info=&#8220;{}&#8220; custom_padding=&#8220;275px||275px||true|&#8220;][\/et_pb_section]<\/p>\n","protected":false},"excerpt":{"rendered":"<p>Entdecken Sie unser Angebot an Anti-Wellen-Produkten L\u00f6sungen gegen elektromagnetische Wellen und geobiologische St\u00f6rungen f\u00fcr Ihr Wohlbefinden Entdecken Sie unseren Shop, der sich auf den Schutz vor elektromagnetischen Wellen spezialisiert hat, mit einer Auswahl an L\u00f6sungen, die entwickelt wurden, um Ihr t\u00e4gliches Wohlbefinden zu verbessern. Angesichts der zunehmenden elektromagnetischen Verschmutzung in unseren Wohnungen (Wifi, Smartphones, elektrische [&hellip;]<\/p>\n","protected":false},"author":1,"featured_media":0,"parent":0,"menu_order":0,"comment_status":"closed","ping_status":"closed","template":"","meta":{"_et_pb_use_builder":"on","_et_pb_old_content":"","_et_gb_content_width":"","footnotes":""},"class_list":["post-25904","page","type-page","status-publish","hentry"],"yoast_head":"<!-- This site is optimized with the Yoast SEO plugin v27.4 - https:\/\/yoast.com\/product\/yoast-seo-wordpress\/ -->\n<title>Sacr\u00e9 Shop | Shop zum Schutz vor elektromagnetischen Wellen<\/title>\n<meta name=\"description\" content=\"Reduzieren Sie die Auswirkungen von Wellen zu Hause, auf sich selbst und im Auto mit unseren getesteten L\u00f6sungen. Ideal f\u00fcr empfindliche Personen. Lieferung in die Schweiz und nach Frankreich\" \/>\n<meta name=\"robots\" content=\"index, follow, max-snippet:-1, max-image-preview:large, max-video-preview:-1\" \/>\n<link rel=\"canonical\" href=\"https:\/\/sacre-shop.ch\/de\/\" \/>\n<meta property=\"og:locale\" content=\"de_DE\" \/>\n<meta property=\"og:type\" content=\"article\" \/>\n<meta property=\"og:title\" content=\"Sacr\u00e9 Shop | Shop zum Schutz vor elektromagnetischen Wellen\" \/>\n<meta property=\"og:description\" content=\"Reduzieren Sie die Auswirkungen von Wellen zu Hause, auf sich selbst und im Auto mit unseren getesteten L\u00f6sungen. Ideal f\u00fcr empfindliche Personen. Lieferung in die Schweiz und nach Frankreich\" \/>\n<meta property=\"og:url\" content=\"https:\/\/sacre-shop.ch\/de\/\" \/>\n<meta property=\"og:site_name\" content=\"Sacr\u00e9 Shop\" \/>\n<meta property=\"article:modified_time\" content=\"2026-03-24T10:12:32+00:00\" \/>\n<meta name=\"twitter:card\" content=\"summary_large_image\" \/>\n<meta name=\"twitter:label1\" content=\"Gesch\u00e4tzte Lesezeit\" \/>\n\t<meta name=\"twitter:data1\" content=\"3\u00a0Minuten\" \/>\n<script type=\"application\/ld+json\" class=\"yoast-schema-graph\">{\"@context\":\"https:\\\/\\\/schema.org\",\"@graph\":[{\"@type\":\"WebPage\",\"@id\":\"https:\\\/\\\/sacre-shop.ch\\\/de\\\/\",\"url\":\"https:\\\/\\\/sacre-shop.ch\\\/de\\\/\",\"name\":\"Sacr\u00e9 Shop | Shop zum Schutz vor elektromagnetischen Wellen\",\"isPartOf\":{\"@id\":\"https:\\\/\\\/sacre-shop.ch\\\/de\\\/#website\"},\"datePublished\":\"2020-11-16T17:25:34+00:00\",\"dateModified\":\"2026-03-24T10:12:32+00:00\",\"description\":\"Reduzieren Sie die Auswirkungen von Wellen zu Hause, auf sich selbst und im Auto mit unseren getesteten L\u00f6sungen. Ideal f\u00fcr empfindliche Personen. Lieferung in die Schweiz und nach Frankreich\",\"breadcrumb\":{\"@id\":\"https:\\\/\\\/sacre-shop.ch\\\/de\\\/#breadcrumb\"},\"inLanguage\":\"de\",\"potentialAction\":[{\"@type\":\"ReadAction\",\"target\":[\"https:\\\/\\\/sacre-shop.ch\\\/de\\\/\"]}]},{\"@type\":\"BreadcrumbList\",\"@id\":\"https:\\\/\\\/sacre-shop.ch\\\/de\\\/#breadcrumb\",\"itemListElement\":[{\"@type\":\"ListItem\",\"position\":1,\"name\":\"Startseite\",\"item\":\"https:\\\/\\\/sacre-shop.ch\\\/de\\\/\"},{\"@type\":\"ListItem\",\"position\":2,\"name\":\"Die Boutique\"}]},{\"@type\":\"WebSite\",\"@id\":\"https:\\\/\\\/sacre-shop.ch\\\/de\\\/#website\",\"url\":\"https:\\\/\\\/sacre-shop.ch\\\/de\\\/\",\"name\":\"Sacr\u00e9 Shop\",\"description\":\"Schutzwerkzeuge f\u00fcr Ihr Wohlbefinden\",\"potentialAction\":[{\"@type\":\"SearchAction\",\"target\":{\"@type\":\"EntryPoint\",\"urlTemplate\":\"https:\\\/\\\/sacre-shop.ch\\\/de\\\/?s={search_term_string}\"},\"query-input\":{\"@type\":\"PropertyValueSpecification\",\"valueRequired\":true,\"valueName\":\"search_term_string\"}}],\"inLanguage\":\"de\"}]}<\/script>\n<!-- \/ Yoast SEO plugin. -->","yoast_head_json":{"title":"Sacr\u00e9 Shop | Shop zum Schutz vor elektromagnetischen Wellen","description":"Reduzieren Sie die Auswirkungen von Wellen zu Hause, auf sich selbst und im Auto mit unseren getesteten L\u00f6sungen. Ideal f\u00fcr empfindliche Personen. Lieferung in die Schweiz und nach Frankreich","robots":{"index":"index","follow":"follow","max-snippet":"max-snippet:-1","max-image-preview":"max-image-preview:large","max-video-preview":"max-video-preview:-1"},"canonical":"https:\/\/sacre-shop.ch\/de\/","og_locale":"de_DE","og_type":"article","og_title":"Sacr\u00e9 Shop | Shop zum Schutz vor elektromagnetischen Wellen","og_description":"Reduzieren Sie die Auswirkungen von Wellen zu Hause, auf sich selbst und im Auto mit unseren getesteten L\u00f6sungen. Ideal f\u00fcr empfindliche Personen. Lieferung in die Schweiz und nach Frankreich","og_url":"https:\/\/sacre-shop.ch\/de\/","og_site_name":"Sacr\u00e9 Shop","article_modified_time":"2026-03-24T10:12:32+00:00","twitter_card":"summary_large_image","twitter_misc":{"Gesch\u00e4tzte Lesezeit":"3\u00a0Minuten"},"schema":{"@context":"https:\/\/schema.org","@graph":[{"@type":"WebPage","@id":"https:\/\/sacre-shop.ch\/de\/","url":"https:\/\/sacre-shop.ch\/de\/","name":"Sacr\u00e9 Shop | Shop zum Schutz vor elektromagnetischen Wellen","isPartOf":{"@id":"https:\/\/sacre-shop.ch\/de\/#website"},"datePublished":"2020-11-16T17:25:34+00:00","dateModified":"2026-03-24T10:12:32+00:00","description":"Reduzieren Sie die Auswirkungen von Wellen zu Hause, auf sich selbst und im Auto mit unseren getesteten L\u00f6sungen. Ideal f\u00fcr empfindliche Personen. Lieferung in die Schweiz und nach Frankreich","breadcrumb":{"@id":"https:\/\/sacre-shop.ch\/de\/#breadcrumb"},"inLanguage":"de","potentialAction":[{"@type":"ReadAction","target":["https:\/\/sacre-shop.ch\/de\/"]}]},{"@type":"BreadcrumbList","@id":"https:\/\/sacre-shop.ch\/de\/#breadcrumb","itemListElement":[{"@type":"ListItem","position":1,"name":"Startseite","item":"https:\/\/sacre-shop.ch\/de\/"},{"@type":"ListItem","position":2,"name":"Die Boutique"}]},{"@type":"WebSite","@id":"https:\/\/sacre-shop.ch\/de\/#website","url":"https:\/\/sacre-shop.ch\/de\/","name":"Sacr\u00e9 Shop","description":"Schutzwerkzeuge f\u00fcr Ihr Wohlbefinden","potentialAction":[{"@type":"SearchAction","target":{"@type":"EntryPoint","urlTemplate":"https:\/\/sacre-shop.ch\/de\/?s={search_term_string}"},"query-input":{"@type":"PropertyValueSpecification","valueRequired":true,"valueName":"search_term_string"}}],"inLanguage":"de"}]}},"jetpack_sharing_enabled":true,"_links":{"self":[{"href":"https:\/\/sacre-shop.ch\/de\/wp-json\/wp\/v2\/pages\/25904","targetHints":{"allow":["GET"]}}],"collection":[{"href":"https:\/\/sacre-shop.ch\/de\/wp-json\/wp\/v2\/pages"}],"about":[{"href":"https:\/\/sacre-shop.ch\/de\/wp-json\/wp\/v2\/types\/page"}],"author":[{"embeddable":true,"href":"https:\/\/sacre-shop.ch\/de\/wp-json\/wp\/v2\/users\/1"}],"replies":[{"embeddable":true,"href":"https:\/\/sacre-shop.ch\/de\/wp-json\/wp\/v2\/comments?post=25904"}],"version-history":[{"count":12,"href":"https:\/\/sacre-shop.ch\/de\/wp-json\/wp\/v2\/pages\/25904\/revisions"}],"predecessor-version":[{"id":26435,"href":"https:\/\/sacre-shop.ch\/de\/wp-json\/wp\/v2\/pages\/25904\/revisions\/26435"}],"wp:attachment":[{"href":"https:\/\/sacre-shop.ch\/de\/wp-json\/wp\/v2\/media?parent=25904"}],"curies":[{"name":"wp","href":"https:\/\/api.w.org\/{rel}","templated":true}]}}